{"id":3241,"date":"2025-05-28T04:35:01","date_gmt":"2025-05-28T04:35:01","guid":{"rendered":"https:\/\/phitenvn.com\/vong-co-onyx-terahertz\/"},"modified":"2025-05-28T04:35:01","modified_gmt":"2025-05-28T04:35:01","slug":"vong-co-onyx-terahertz","status":"publish","type":"product","link":"https:\/\/phitenvn.com\/en\/vong-co-onyx-terahertz\/","title":{"rendered":"V\u00f2ng C\u1ed5 Phiten Onyx &#038; Terahertz"},"content":{"rendered":"<h2><strong>V\u00f2ng C\u1ed5 Onyx Terahertz Phiten<\/strong><\/h2>\n<p>V\u00f2ng c\u1ed5 Onyx Terahertz gi\u1edbi h\u1ea1n AW 2020 l\u00e0 chi\u1ebfc v\u00f2ng c\u1ed5 si\u00eau nh\u1eb9, tho\u1ea3i m\u00e1i khi \u0111eo l\u00e2u, v\u1edbi ch\u1ed1t titan kh\u1eafc logo Phiten sang tr\u1ecdng.<\/p>\n<p>K\u1ebft h\u1ee3p \u0111\u00e1 Onyx t\u01b0\u1ee3ng tr\u01b0ng cho \u00fd ch\u00ed v\u00e0 th\u00e0nh c\u00f4ng c\u00f9ng \u0111\u00e1 Terahertz gi\u00fap b\u1ea3o v\u1ec7 c\u01a1 th\u1ec3 kh\u1ecfi b\u1ee9c x\u1ea1 c\u00f3 h\u1ea1i.<\/p>\n<p><strong>C\u00f4ng d\u1ee5ng:<\/strong><br \/>\n&#8211; Gi\u00fap th\u01b0 gi\u00e3n v\u00e0 gi\u1ea3m c\u0103ng th\u1eb3ng: \u1ee8ng d\u1ee5ng c\u00f4ng ngh\u1ec7 \u0111\u1eb7c tr\u01b0ng c\u1ee7a Phiten, h\u1ed7 tr\u1ee3 c\u01a1 th\u1ec3 th\u1ea3 l\u1ecfng, gi\u1ea3m \u00e1p l\u1ef1c sau m\u1ed9t ng\u00e0y d\u00e0i.<br \/>\n&#8211; C\u1ea3i thi\u1ec7n c\u00e2n b\u1eb1ng c\u01a1 th\u1ec3, gi\u00fap c\u01a1 th\u1ec3 nh\u1eb9 nh\u00f5m v\u00e0 tr\u00e0n \u0111\u1ea7y n\u0103ng l\u01b0\u1ee3ng.<br \/>\n&#8211; B\u1ea3o v\u1ec7 c\u01a1 th\u1ec3 kh\u1ecfi b\u1ee9c x\u1ea1: \u0110\u00e1 Terahertz gi\u00fap gi\u1ea3m t\u00e1c \u0111\u1ed9ng c\u1ee7a kh\u00f3i \u0111i\u1ec7n t\u1eeb v\u00e0 b\u1ee9c x\u1ea1 c\u00f3 h\u1ea1i t\u1eeb m\u00f4i tr\u01b0\u1eddng.<br \/>\n&#8211; Mang l\u1ea1i s\u1ef1 t\u1ef1 tin v\u00e0 may m\u1eafn: \u0110\u00e1 Onyx t\u01b0\u1ee3ng tr\u01b0ng cho \u00fd ch\u00ed m\u1ea1nh m\u1ebd v\u00e0 th\u00e0nh c\u00f4ng, gi\u00fap b\u1ea1n lu\u00f4n t\u1ef1 tin trong cu\u1ed9c s\u1ed1ng.<br \/>\n&#8211; K\u1ebft h\u1ee3p gi\u1eefa s\u1ee9c kh\u1ecfe v\u00e0 th\u1eddi trang: Thi\u1ebft k\u1ebf thanh l\u1ecbch, sang tr\u1ecdng, gi\u00fap b\u1ea1n t\u1ecfa s\u00e1ng nh\u01b0 m\u1ed9t m\u00f3n trang s\u1ee9c cao c\u1ea5p nh\u01b0ng v\u1eabn \u0111\u1ea3m b\u1ea3o c\u00f4ng d\u1ee5ng ch\u0103m s\u00f3c c\u01a1 th\u1ec3.<\/p>\n<p><strong>\u0110\u1ed1i t\u01b0\u1ee3ng s\u1eed d\u1ee5ng:<\/strong><br \/>\n&#8211; M\u1ecdi l\u1ee9a tu\u1ed5i: Ph\u00f9 h\u1ee3p cho m\u1ecdi l\u1ee9a tu\u1ed5i, t\u1eeb tr\u1ebb em \u0111\u1ebfn ng\u01b0\u1eddi l\u1edbn.<br \/>\n&#8211; Ng\u01b0\u1eddi cao huy\u1ebft \u00e1p, huy\u1ebft \u00e1p kh\u00f4ng \u1ed5n \u0111\u1ecbnh: C\u00f3 th\u1ec3 h\u1ed7 tr\u1ee3 \u1ed5n \u0111\u1ecbnh huy\u1ebft \u00e1p, gi\u00fap c\u1ea3i thi\u1ec7n s\u1ee9c kh\u1ecfe tim m\u1ea1ch.<br \/>\n&#8211; Ng\u01b0\u1eddi m\u1eafc c\u00e1c ch\u1ee9ng \u0111au c\u1ed5 vai g\u00e1y: Gi\u00fap th\u01b0 gi\u00e3n vai g\u00e1y v\u00e0 c\u1ea3i thi\u1ec7n c\u00e1c tri\u1ec7u ch\u1ee9ng \u0111au c\u1ed5 vai g\u00e1y.<br \/>\n&#8211; Ng\u01b0\u1eddi m\u1ea5t ng\u1ee7, kh\u00f3 ng\u1ee7 hay gi\u1ea5c ng\u1ee7 kh\u00f4ng s\u00e2u: C\u00f3 th\u1ec3 gi\u00fap c\u1ea3i thi\u1ec7n ch\u1ea5t l\u01b0\u1ee3ng gi\u1ea5c ng\u1ee7, mang l\u1ea1i gi\u1ea5c ng\u1ee7 ngon v\u00e0 s\u00e2u gi\u1ea5c h\u01a1n.<br \/>\n&#8211; Ng\u01b0\u1eddi ch\u01a1i th\u1ec3 thao, v\u1eadn \u0111\u1ed9ng vi\u00ean th\u1ec3 thao: H\u1ed7 tr\u1ee3 t\u0103ng c\u01b0\u1eddng hi\u1ec7u su\u1ea5t t\u1eadp luy\u1ec7n v\u00e0 gi\u1ea3m nguy c\u01a1 ch\u1ea5n th\u01b0\u01a1ng.<\/p>\n<p>M\u00e3 s\u1ea3n ph\u1ea9m: XJE36700<\/p>\n","protected":false},"excerpt":{"rendered":"<p><strong>Size:<\/strong>\u00a0Proximately 40cm + 5cm<br \/>\n&#8211; Onyx: 4mm<br \/>\n&#8211; Terahertz: 4.2mm<br \/>\n<strong>Ch\u1ea5t li\u1ec7u<\/strong>: Terahertz, Onyx, fasteners, titanium nguy\u00ean ch\u1ea5t<br \/>\n<strong>B\u1ea3o h\u00e0nh:\u00a0<\/strong>12 th\u00e1ng<br \/>\n<strong>N\u01a1i b\u1ea3o h\u00e0nh:\u00a0<\/strong>Trung t\u00e2m b\u1ea3o h\u00e0nh Phiten Nh\u1eadt B\u1ea3n (Kyoto)<\/p>\n","protected":false},"featured_media":2450,"comment_status":"open","ping_status":"closed","template":"","meta":[],"product_brand":[],"product_cat":[592,586],"product_tag":[],"class_list":{"0":"post-3241","1":"product","2":"type-product","3":"status-publish","4":"has-post-thumbnail","6":"product_cat-vong-co-titanium-crystal-en","7":"product_cat-vong-co-en","9":"first","10":"instock","11":"shipping-taxable","12":"purchasable","13":"product-type-variable","14":"wvs-archive-product-wrapper"},"_links":{"self":[{"href":"https:\/\/phitenvn.com\/en\/wp-json\/wp\/v2\/product\/3241","targetHints":{"allow":["GET"]}}],"collection":[{"href":"https:\/\/phitenvn.com\/en\/wp-json\/wp\/v2\/product"}],"about":[{"href":"https:\/\/phitenvn.com\/en\/wp-json\/wp\/v2\/types\/product"}],"replies":[{"embeddable":true,"href":"https:\/\/phitenvn.com\/en\/wp-json\/wp\/v2\/comments?post=3241"}],"wp:featuredmedia":[{"embeddable":true,"href":"https:\/\/phitenvn.com\/en\/wp-json\/wp\/v2\/media\/2450"}],"wp:attachment":[{"href":"https:\/\/phitenvn.com\/en\/wp-json\/wp\/v2\/media?parent=3241"}],"wp:term":[{"taxonomy":"product_brand","embeddable":true,"href":"https:\/\/phitenvn.com\/en\/wp-json\/wp\/v2\/product_brand?post=3241"},{"taxonomy":"product_cat","embeddable":true,"href":"https:\/\/phitenvn.com\/en\/wp-json\/wp\/v2\/product_cat?post=3241"},{"taxonomy":"product_tag","embeddable":true,"href":"https:\/\/phitenvn.com\/en\/wp-json\/wp\/v2\/product_tag?post=3241"}],"curies":[{"name":"wp","href":"https:\/\/api.w.org\/{rel}","templated":true}]}}