{"id":3240,"date":"2025-05-28T04:39:24","date_gmt":"2025-05-28T04:39:24","guid":{"rendered":"https:\/\/phitenvn.com\/vong-co-titanium-twist\/"},"modified":"2025-05-28T04:39:24","modified_gmt":"2025-05-28T04:39:24","slug":"vong-co-titanium-twist","status":"publish","type":"product","link":"https:\/\/phitenvn.com\/en\/vong-co-titanium-twist\/","title":{"rendered":"V\u00f2ng C\u1ed5 Titanium Twist"},"content":{"rendered":"<h2><strong>V\u00f2ng C\u1ed5 Titanium Twist Phiten<\/strong><\/h2>\n<p>V\u00f2ng c\u1ed5 Titanium Twist \u0111\u01b0\u1ee3c ch\u1ebf t\u00e1c t\u1eeb 100% titan nguy\u00ean ch\u1ea5t, s\u1edf h\u1eefu tr\u1ecdng l\u01b0\u1ee3ng nh\u1eb9, an to\u00e0n cho da v\u00e0 kh\u1ea3 n\u0103ng ch\u1ed1ng \u0103n m\u00f2n v\u01b0\u1ee3t tr\u1ed9i.<\/p>\n<p>V\u1edbi thi\u1ebft k\u1ebf xo\u1eafn tinh x\u1ea3o, \u0111\u01b0\u1ee3c \u0111an t\u1ec9 m\u1ec9, s\u1ea3n ph\u1ea9m mang \u0111\u1ebfn v\u1ebb \u0111\u1eb9p \u0111\u1ed9c \u0111\u00e1o v\u00e0 sang tr\u1ecdng. D\u1ec5 d\u00e0ng k\u1ebft h\u1ee3p v\u1edbi nhi\u1ec1u phong c\u00e1ch, d\u00e2y chuy\u1ec1n n\u00e0y s\u1ebd l\u00e0m t\u00f4n l\u00ean v\u1ebb thanh l\u1ecbch, ho\u00e0n thi\u1ec7n v\u1ebb \u0111\u1eb9p c\u1ee7a b\u1ea1n m\u1ed7i ng\u00e0y.<\/p>\n<p><strong>G\u1ee3i \u00fd s\u1eed d\u1ee5ng:\u00a0<\/strong><br \/>\n&#8211; Gi\u00fap gi\u1ea3m b\u1edbt c\u0103ng th\u1eb3ng li\u00ean t\u1ee5c.<br \/>\n&#8211; Gi\u00fap c\u1ea3i thi\u1ec7n c\u00e2n b\u1eb1ng c\u01a1 th\u1ec3 v\u00e0 t\u00ednh linh ho\u1ea1t.<br \/>\n&#8211; Gi\u00fap th\u01b0 gi\u00e3n t\u1ee9c th\u00ec v\u00e0 h\u1ed7 tr\u1ee3 gi\u1ea5c ng\u1ee7 s\u00e2u.<br \/>\n&#8211; H\u1ed7 tr\u1ee3 gi\u1ea3m c\u1ee9ng c\u01a1 v\u00ec \u0111au vai g\u00e1y c\u1ed5<br \/>\n&#8211; H\u1ed7 tr\u1ee3 tuy\u1ec7t v\u1eddi trong th\u1ec3 thao ho\u1eb7c c\u00e1c ho\u1ea1t \u0111\u1ed9ng h\u00e0ng ng\u00e0y<\/p>\n<p><strong>\u00a0\u0110\u1ed1i t\u01b0\u1ee3ng s\u1eed d\u1ee5ng:<\/strong><br \/>\n&#8211; Ph\u00f9 h\u1ee3p cho m\u1ecdi l\u1ee9a tu\u1ed5i<br \/>\n&#8211; Ng\u01b0\u1eddi c\u00f3 huy\u1ebft \u00e1p kh\u00f4ng \u1ed5n \u0111\u1ecbnh<br \/>\n&#8211; Ng\u01b0\u1eddi m\u1eafc c\u00e1c ch\u1ee9ng \u0111au vai g\u00e1y c\u1ed5<br \/>\n&#8211; Ng\u01b0\u1eddi m\u1ea5t ng\u1ee7, kh\u00f3 ng\u1ee7 hay gi\u1ea5c ng\u1ee7 kh\u00f4ng s\u00e2u<br \/>\n&#8211; Ng\u01b0\u1eddi ch\u01a1i th\u1ec3 thao, v\u1eadn \u0111\u1ed9ng vi\u00ean th\u1ec3 thao.<\/p>\n<p>M\u00e3 s\u1ea3n ph\u1ea9m: XJE35200<\/p>\n","protected":false},"excerpt":{"rendered":"<p><strong>Ch\u1ea5t li\u1ec7u:\u00a0<\/strong>Titan nguy\u00ean ch\u1ea5t<br \/>\n<strong>M\u00e0u s\u1eafc:<\/strong>\u00a0\u00c1nh kim<br \/>\n<strong>K\u00edch th\u01b0\u1edbc:<\/strong>\u00a040cm + Chi\u1ec1u d\u00e0i th\u00eam 5cm<br \/>\n<strong>S\u1ea3n xu\u1ea5t:<\/strong>\u00a0Nh\u1eadt B\u1ea3n<br \/>\n<strong>B\u1ea3o h\u00e0nh:<\/strong>\u00a012 th\u00e1ng<br \/>\n<strong>N\u01a1i b\u1ea3o h\u00e0nh: <\/strong>Trung t\u00e2m b\u1ea3o h\u00e0nh Phiten Nh\u1eadt B\u1ea3n (Kyoto)<\/p>\n","protected":false},"featured_media":2793,"comment_status":"open","ping_status":"closed","template":"","meta":[],"product_brand":[],"product_cat":[592,586],"product_tag":[],"class_list":{"0":"post-3240","1":"product","2":"type-product","3":"status-publish","4":"has-post-thumbnail","6":"product_cat-vong-co-titanium-crystal-en","7":"product_cat-vong-co-en","9":"first","10":"instock","11":"shipping-taxable","12":"purchasable","13":"product-type-variable","14":"wvs-archive-product-wrapper"},"_links":{"self":[{"href":"https:\/\/phitenvn.com\/en\/wp-json\/wp\/v2\/product\/3240","targetHints":{"allow":["GET"]}}],"collection":[{"href":"https:\/\/phitenvn.com\/en\/wp-json\/wp\/v2\/product"}],"about":[{"href":"https:\/\/phitenvn.com\/en\/wp-json\/wp\/v2\/types\/product"}],"replies":[{"embeddable":true,"href":"https:\/\/phitenvn.com\/en\/wp-json\/wp\/v2\/comments?post=3240"}],"wp:featuredmedia":[{"embeddable":true,"href":"https:\/\/phitenvn.com\/en\/wp-json\/wp\/v2\/media\/2793"}],"wp:attachment":[{"href":"https:\/\/phitenvn.com\/en\/wp-json\/wp\/v2\/media?parent=3240"}],"wp:term":[{"taxonomy":"product_brand","embeddable":true,"href":"https:\/\/phitenvn.com\/en\/wp-json\/wp\/v2\/product_brand?post=3240"},{"taxonomy":"product_cat","embeddable":true,"href":"https:\/\/phitenvn.com\/en\/wp-json\/wp\/v2\/product_cat?post=3240"},{"taxonomy":"product_tag","embeddable":true,"href":"https:\/\/phitenvn.com\/en\/wp-json\/wp\/v2\/product_tag?post=3240"}],"curies":[{"name":"wp","href":"https:\/\/api.w.org\/{rel}","templated":true}]}}