{"id":3238,"date":"2025-05-28T04:49:50","date_gmt":"2025-05-28T04:49:50","guid":{"rendered":"https:\/\/phitenvn.com\/vong-co-stainless-with-numeral-ring\/"},"modified":"2025-05-28T04:49:50","modified_gmt":"2025-05-28T04:49:50","slug":"vong-co-stainless-with-numeral-ring","status":"publish","type":"product","link":"https:\/\/phitenvn.com\/en\/vong-co-stainless-with-numeral-ring\/","title":{"rendered":"V\u00f2ng C\u1ed5 Stainless With Numeral Ring"},"content":{"rendered":"<h2><strong>V\u00f2ng C\u1ed5 Stainless With Numeral Ring Phiten<\/strong><\/h2>\n<p>V\u00f2ng c\u1ed5 Stainless with Numeral Ring \u0111\u01b0\u1ee3c ch\u1ea1m kh\u1eafc tinh x\u1ea3o c\u00e1c s\u1ed1 La M\u00e3 t\u1eeb \u2160 \u0111\u1ebfn \u216b, t\u01b0\u1ee3ng tr\u01b0ng cho 24 gi\u1edd trong ng\u00e0y, l\u00e0 m\u00f3n qu\u00e0 \u00fd ngh\u0129a cho c\u00e1c c\u1eb7p \u0111\u00f4i, th\u1ec3 hi\u1ec7n mong mu\u1ed1n \u1edf b\u00ean nhau tr\u1ecdn v\u1eb9n.<br \/>\nC\u00e1c \u0111\u01b0\u1eddng g\u1edd tinh t\u1ebf tr\u00ean m\u1eb7t d\u00e2y \u0111\u01b0\u1ee3c l\u1ea5y c\u1ea3m h\u1ee9ng t\u1eeb s\u1ea3n ph\u1ea9m RAKUWA Neck Renewal Push Type II, mang \u0111\u1ebfn v\u1ebb \u0111\u1eb9p ba chi\u1ec1u sang tr\u1ecdng v\u00e0 \u0111\u1eb3ng c\u1ea5p, th\u01b0\u1eddng th\u1ea5y trong trang s\u1ee9c cao c\u1ea5p v\u00e0 \u0111\u1ed3ng h\u1ed3 xa x\u1ec9.<\/p>\n<p><strong>G\u1ee3i \u00fd s\u1eed d\u1ee5ng:\u00a0<\/strong><br \/>\n&#8211; Gi\u00fap gi\u1ea3m b\u1edbt c\u0103ng th\u1eb3ng li\u00ean t\u1ee5c.<br \/>\n&#8211; Gi\u00fap c\u1ea3i thi\u1ec7n c\u00e2n b\u1eb1ng c\u01a1 th\u1ec3\u00a0v\u00e0 t\u00ednh linh ho\u1ea1t.<br \/>\n&#8211; Gi\u00fap th\u01b0 gi\u00e3n t\u1ee9c th\u00ec v\u00e0 h\u1ed7 tr\u1ee3 gi\u1ea5c ng\u1ee7 s\u00e2u.<br \/>\n&#8211; H\u1ed7 tr\u1ee3 gi\u1ea3m c\u1ee9ng c\u01a1 v\u00ec \u0111au vai g\u00e1y c\u1ed5<br \/>\n&#8211; H\u1ed7 tr\u1ee3 tuy\u1ec7t v\u1eddi trong th\u1ec3 thao ho\u1eb7c c\u00e1c ho\u1ea1t \u0111\u1ed9ng h\u00e0ng ng\u00e0y<\/p>\n<p><strong>\u00a0\u0110\u1ed1i t\u01b0\u1ee3ng s\u1eed d\u1ee5ng:<\/strong><br \/>\n&#8211; Ph\u00f9 h\u1ee3p cho m\u1ecdi l\u1ee9a tu\u1ed5i<br \/>\n&#8211; Ng\u01b0\u1eddi c\u00f3 huy\u1ebft \u00e1p kh\u00f4ng \u1ed5n \u0111\u1ecbnh<br \/>\n&#8211; Ng\u01b0\u1eddi m\u1eafc c\u00e1c ch\u1ee9ng \u0111au vai g\u00e1y c\u1ed5<br \/>\n&#8211; Ng\u01b0\u1eddi m\u1ea5t ng\u1ee7, kh\u00f3 ng\u1ee7 hay gi\u1ea5c ng\u1ee7 kh\u00f4ng s\u00e2u<br \/>\n&#8211; Ng\u01b0\u1eddi ch\u01a1i th\u1ec3 thao, v\u1eadn \u0111\u1ed9ng vi\u00ean th\u1ec3 thao.<\/p>\n","protected":false},"excerpt":{"rendered":"<p><strong>\u00a0Ch\u1ea5t li\u1ec7u:<\/strong>\u00a0Th\u00e9p kh\u00f4ng g\u1ec9<br \/>\n<strong>\u00a0K\u00edch th\u01b0\u1edbc:<\/strong>\u00a045 +5cm<br \/>\n<strong>Xu\u1ea5t x\u1ee9:<\/strong>\u00a0Nh\u1eadt B\u1ea3n<br \/>\n<strong>\u00a0B\u1ea3o h\u00e0nh:<\/strong><strong>\u00a0<\/strong>12 th\u00e1ng<br \/>\n<strong>\u00a0N\u01a1i b\u1ea3o h\u00e0nh:<\/strong>\u00a0Trung t\u00e2m b\u1ea3o h\u00e0nh Phiten Nh\u1eadt B\u1ea3n (Kyoto)<\/p>\n","protected":false},"featured_media":2788,"comment_status":"open","ping_status":"closed","template":"","meta":[],"product_brand":[],"product_cat":[592,586],"product_tag":[],"class_list":{"0":"post-3238","1":"product","2":"type-product","3":"status-publish","4":"has-post-thumbnail","6":"product_cat-vong-co-titanium-crystal-en","7":"product_cat-vong-co-en","9":"first","10":"instock","11":"shipping-taxable","12":"purchasable","13":"product-type-variable","14":"wvs-archive-product-wrapper"},"_links":{"self":[{"href":"https:\/\/phitenvn.com\/en\/wp-json\/wp\/v2\/product\/3238","targetHints":{"allow":["GET"]}}],"collection":[{"href":"https:\/\/phitenvn.com\/en\/wp-json\/wp\/v2\/product"}],"about":[{"href":"https:\/\/phitenvn.com\/en\/wp-json\/wp\/v2\/types\/product"}],"replies":[{"embeddable":true,"href":"https:\/\/phitenvn.com\/en\/wp-json\/wp\/v2\/comments?post=3238"}],"wp:featuredmedia":[{"embeddable":true,"href":"https:\/\/phitenvn.com\/en\/wp-json\/wp\/v2\/media\/2788"}],"wp:attachment":[{"href":"https:\/\/phitenvn.com\/en\/wp-json\/wp\/v2\/media?parent=3238"}],"wp:term":[{"taxonomy":"product_brand","embeddable":true,"href":"https:\/\/phitenvn.com\/en\/wp-json\/wp\/v2\/product_brand?post=3238"},{"taxonomy":"product_cat","embeddable":true,"href":"https:\/\/phitenvn.com\/en\/wp-json\/wp\/v2\/product_cat?post=3238"},{"taxonomy":"product_tag","embeddable":true,"href":"https:\/\/phitenvn.com\/en\/wp-json\/wp\/v2\/product_tag?post=3238"}],"curies":[{"name":"wp","href":"https:\/\/api.w.org\/{rel}","templated":true}]}}