{"id":3235,"date":"2025-05-28T06:14:04","date_gmt":"2025-05-28T06:14:04","guid":{"rendered":"https:\/\/phitenvn.com\/vong-co-crystal-gradation-morion\/"},"modified":"2025-05-28T06:14:04","modified_gmt":"2025-05-28T06:14:04","slug":"vong-co-crystal-gradation-morion","status":"publish","type":"product","link":"https:\/\/phitenvn.com\/en\/vong-co-crystal-gradation-morion\/","title":{"rendered":"V\u00f2ng C\u1ed5 Crystal Gradation With Morion"},"content":{"rendered":"<h2><strong>V\u00f2ng C\u1ed5 Crystal Gradation With Morion<\/strong><\/h2>\n<p>V\u00f2ng c\u1ed5 Crystal Gradation With Morion \u0111\u01b0\u1ee3c thi\u1ebft k\u1ebf chu\u1ed7i h\u1ea1t pha l\u00ea l\u1ea5p l\u00e1nh, mang \u0111\u1ebfn v\u1ebb sang tr\u1ecdng v\u00e0 d\u1ecbu d\u00e0ng.<br \/>\nV\u1edbi kh\u1ea3 n\u0103ng ch\u1ed1ng n\u01b0\u1edbc, s\u1ea3n ph\u1ea9m t\u1ea1o c\u1ea3m gi\u00e1c tho\u1ea3i m\u00e1i khi v\u1eadn \u0111\u1ed9ng. T\u1eebng h\u1ea1t pha l\u00ea nh\u1ecf nh\u1eafn ph\u1ea3n chi\u1ebfu \u00e1nh s\u00e1ng \u0111a s\u1eafc, l\u00e0m n\u1ed5i b\u1eadt v\u1ebb \u0111\u1eb9p c\u1ee7a ng\u01b0\u1eddi s\u1eed d\u1ee5ng.<\/p>\n<p><strong>C\u00f4ng d\u1ee5ng:<\/strong><br \/>\n&#8211; Gi\u00fap gi\u1ea3m b\u1edbt c\u0103ng th\u1eb3ng li\u00ean t\u1ee5c<br \/>\n&#8211; C\u00e2n b\u1eb1ng c\u01a1 th\u1ec3<br \/>\n&#8211; T\u0103ng c\u01b0\u1eddng s\u1ee9c m\u1ea1nh v\u00e0 t\u00ednh linh ho\u1ea1t<br \/>\n&#8211; Gi\u00fap th\u01b0 gi\u00e3n c\u01a1 b\u1eafp<br \/>\n&#8211; Tuy\u1ec7t v\u1eddi cho th\u1ec3 thao ho\u1eb7c c\u00e1c ho\u1ea1t \u0111\u1ed9ng h\u00e0ng ng\u00e0y<\/p>\n<p><strong>\u0110\u1ed1i t\u01b0\u1ee3ng s\u1eed d\u1ee5ng:\u00a0<\/strong><br \/>\n&#8211; Ph\u00f9 h\u1ee3p cho m\u1ecdi l\u1ee9a tu\u1ed5i, \u0111\u1eb7c bi\u1ec7t l\u00e0<br \/>\n&#8211; Ng\u01b0\u1eddi c\u00f3 huy\u1ebft \u00e1p kh\u00f4ng \u1ed5n \u0111\u1ecbnh<br \/>\n&#8211; Ng\u01b0\u1eddi m\u1eafc c\u00e1c ch\u1ee9ng \u0111au c\u1ed5 vai g\u00e1y<br \/>\n&#8211; Ng\u01b0\u1eddi m\u1ea5t ng\u1ee7, kh\u00f3 ng\u1ee7 hay gi\u1ea5c ng\u1ee7 kh\u00f4ng s\u00e2u<\/p>\n<p>M\u00e3 s\u1ea3n ph\u1ea9m: XJE37300<\/p>\n","protected":false},"excerpt":{"rendered":"<p><strong>Th\u00e0nh ph\u1ea7n:<\/strong>\u00a0100% pha l\u00ea tinh khi\u1ebft, Tiitan nguy\u00ean ch\u1ea5t,Th\u00e9p kh\u00f4ng g\u1ec9<br \/>\n<strong>K\u00edch th\u01b0\u1edbc:<\/strong>\u00a040cm + 5cm (c\u00f3 th\u1ec3 \u0111i\u1ec1u ch\u1ec9nh \u0111\u01b0\u1ee3c)<br \/>\n<strong>M\u00e0u s\u1eafc:\u00a0<\/strong>Tr\u1eafng<br \/>\n<strong>C\u00f4ng ngh\u1ec7:<\/strong>\u00a0Aqua Titanium<br \/>\n<strong>S\u1ea3n xu\u1ea5t:<\/strong>\u00a0Nh\u1eadt B\u1ea3n<br \/>\n<strong>Quy c\u00e1ch \u0111\u00f3ng g\u00f3i:<\/strong>\u00a01 c\u00e1i\/ h\u1ed9p<br \/>\n<strong>B\u1ea3o h\u00e0nh:\u00a0<\/strong>12 th\u00e1ng<br \/>\n<strong>N\u01a1i b\u1ea3o h\u00e0nh:\u00a0<\/strong>Trung t\u00e2m Phiten Nh\u1eadt B\u1ea3n (Kyoto)<\/p>\n","protected":false},"featured_media":2736,"comment_status":"open","ping_status":"closed","template":"","meta":[],"product_brand":[],"product_cat":[592,586],"product_tag":[],"class_list":{"0":"post-3235","1":"product","2":"type-product","3":"status-publish","4":"has-post-thumbnail","6":"product_cat-vong-co-titanium-crystal-en","7":"product_cat-vong-co-en","9":"first","10":"instock","11":"shipping-taxable","12":"purchasable","13":"product-type-variable","14":"wvs-archive-product-wrapper"},"_links":{"self":[{"href":"https:\/\/phitenvn.com\/en\/wp-json\/wp\/v2\/product\/3235","targetHints":{"allow":["GET"]}}],"collection":[{"href":"https:\/\/phitenvn.com\/en\/wp-json\/wp\/v2\/product"}],"about":[{"href":"https:\/\/phitenvn.com\/en\/wp-json\/wp\/v2\/types\/product"}],"replies":[{"embeddable":true,"href":"https:\/\/phitenvn.com\/en\/wp-json\/wp\/v2\/comments?post=3235"}],"wp:featuredmedia":[{"embeddable":true,"href":"https:\/\/phitenvn.com\/en\/wp-json\/wp\/v2\/media\/2736"}],"wp:attachment":[{"href":"https:\/\/phitenvn.com\/en\/wp-json\/wp\/v2\/media?parent=3235"}],"wp:term":[{"taxonomy":"product_brand","embeddable":true,"href":"https:\/\/phitenvn.com\/en\/wp-json\/wp\/v2\/product_brand?post=3235"},{"taxonomy":"product_cat","embeddable":true,"href":"https:\/\/phitenvn.com\/en\/wp-json\/wp\/v2\/product_cat?post=3235"},{"taxonomy":"product_tag","embeddable":true,"href":"https:\/\/phitenvn.com\/en\/wp-json\/wp\/v2\/product_tag?post=3235"}],"curies":[{"name":"wp","href":"https:\/\/api.w.org\/{rel}","templated":true}]}}