{"id":3234,"date":"2025-05-28T06:19:18","date_gmt":"2025-05-28T06:19:18","guid":{"rendered":"https:\/\/phitenvn.com\/vong-co-titanium-chain-adzuki-press-05%cf%86\/"},"modified":"2025-05-28T06:19:18","modified_gmt":"2025-05-28T06:19:18","slug":"vong-co-titanium-chain-adzuki-press-05%cf%86","status":"publish","type":"product","link":"https:\/\/phitenvn.com\/en\/vong-co-titanium-chain-adzuki-press-05%cf%86\/","title":{"rendered":"V\u00f2ng C\u1ed5 Titanium Chain ADZUKI PRESS 0.5\u03c6"},"content":{"rendered":"<h3><strong>V\u00f2ng C\u1ed5 Titanium Chain ADZUKI PRESS 0.5\u03c6<\/strong><\/h3>\n<p>V\u00f2ng c\u1ed5 Titanium Chain W Adzuki\/ 40+5cm mang \u0111\u1ebfn thi\u1ebft k\u1ebf tinh t\u1ebf, \u0111\u01a1n gi\u1ea3n nh\u01b0ng \u0111\u1ea7y thanh l\u1ecbch, ho\u00e0n h\u1ea3o cho c\u00e1c qu\u00fd c\u00f4 y\u00eau th\u00edch s\u1ef1 nh\u1eb9 nh\u00e0ng v\u00e0 sang tr\u1ecdng.<\/p>\n<p>V\u1edbi kh\u00f3a W Adzuki nh\u1ecf g\u1ecdn v\u00e0 d\u00e2y x\u00edch c\u00f3 th\u1ec3 \u0111i\u1ec1u ch\u1ec9nh linh ho\u1ea1t (40cm + 5cm), s\u1ea3n ph\u1ea9m kh\u00f4ng ch\u1ec9 t\u00f4n vinh v\u1ebb \u0111\u1eb9p t\u1ef1 nhi\u00ean h\u00e0ng ng\u00e0y m\u00e0 c\u00f2n d\u1ec5 d\u00e0ng ph\u1ed1i h\u1ee3p v\u1edbi m\u1ecdi trang ph\u1ee5c, t\u1ea1o n\u00ean phong c\u00e1ch ho\u00e0n h\u1ea3o cho m\u1ecdi d\u1ecbp.<\/p>\n<p><strong>G\u1ee3i \u00fd s\u1eed d\u1ee5ng:\u00a0<\/strong><br \/>\n&#8211; Gi\u00fap gi\u1ea3m b\u1edbt c\u0103ng th\u1eb3ng li\u00ean t\u1ee5c.<br \/>\n&#8211; Gi\u00fap c\u1ea3i thi\u1ec7n c\u00e2n b\u1eb1ng c\u01a1 th\u1ec3\u00a0v\u00e0 t\u00ednh linh ho\u1ea1t.<br \/>\n&#8211; Gi\u00fap th\u01b0 gi\u00e3n t\u1ee9c th\u00ec v\u00e0 h\u1ed7 tr\u1ee3 gi\u1ea5c ng\u1ee7 s\u00e2u.<br \/>\n&#8211; H\u1ed7 tr\u1ee3 gi\u1ea3m c\u1ee9ng c\u01a1 v\u00ec \u0111au vai g\u00e1y c\u1ed5<br \/>\n&#8211; H\u1ed7 tr\u1ee3 tuy\u1ec7t v\u1eddi trong th\u1ec3 thao ho\u1eb7c c\u00e1c ho\u1ea1t \u0111\u1ed9ng h\u00e0ng ng\u00e0y<\/p>\n<p><strong>\u00a0\u0110\u1ed1i t\u01b0\u1ee3ng s\u1eed d\u1ee5ng:<\/strong><br \/>\n&#8211; Ph\u00f9 h\u1ee3p cho m\u1ecdi l\u1ee9a tu\u1ed5i<br \/>\n&#8211; Ng\u01b0\u1eddi c\u00f3 huy\u1ebft \u00e1p kh\u00f4ng \u1ed5n \u0111\u1ecbnh<br \/>\n&#8211; Ng\u01b0\u1eddi m\u1eafc c\u00e1c ch\u1ee9ng \u0111au vai g\u00e1y c\u1ed5<br \/>\n&#8211; Ng\u01b0\u1eddi m\u1ea5t ng\u1ee7, kh\u00f3 ng\u1ee7 hay gi\u1ea5c ng\u1ee7 kh\u00f4ng s\u00e2u<br \/>\n&#8211; Ng\u01b0\u1eddi ch\u01a1i th\u1ec3 thao, v\u1eadn \u0111\u1ed9ng vi\u00ean th\u1ec3 thao.<\/p>\n<p><strong>M\u00e3 s\u1ea3n ph\u1ea9m<\/strong>: XJE38200\/ XJE38100<\/p>\n","protected":false},"excerpt":{"rendered":"<p><strong>Ch\u1ea5t li\u1ec7u:\u00a0<\/strong>Titan nguy\u00ean ch\u1ea5t<br \/>\n<strong>C\u00f4ng ngh\u1ec7:<\/strong>\u00a0Aqua Titanium<br \/>\n<strong>K\u00edch th\u01b0\u1edbc:<\/strong><strong>\u00a0<\/strong>40+ 5cm, 45+ 5cm<br \/>\n<strong>B\u1ea3o h\u00e0nh:\u00a0<\/strong>12 th\u00e1ng<br \/>\n<strong>N\u01a1i b\u1ea3o h\u00e0nh:<\/strong><strong>\u00a0<\/strong>Trung t\u00e2m b\u1ea3o h\u00e0nh Phiten Nh\u1eadt B\u1ea3n (Kyoto)<br \/>\n<strong>S\u1ea3n xu\u1ea5t:<\/strong>\u00a0Nh\u1eadt B\u1ea3n<\/p>\n","protected":false},"featured_media":2791,"comment_status":"open","ping_status":"closed","template":"","meta":[],"product_brand":[],"product_cat":[592,586],"product_tag":[],"class_list":{"0":"post-3234","1":"product","2":"type-product","3":"status-publish","4":"has-post-thumbnail","6":"product_cat-vong-co-titanium-crystal-en","7":"product_cat-vong-co-en","9":"first","10":"instock","11":"shipping-taxable","12":"purchasable","13":"product-type-variable","14":"wvs-archive-product-wrapper"},"_links":{"self":[{"href":"https:\/\/phitenvn.com\/en\/wp-json\/wp\/v2\/product\/3234","targetHints":{"allow":["GET"]}}],"collection":[{"href":"https:\/\/phitenvn.com\/en\/wp-json\/wp\/v2\/product"}],"about":[{"href":"https:\/\/phitenvn.com\/en\/wp-json\/wp\/v2\/types\/product"}],"replies":[{"embeddable":true,"href":"https:\/\/phitenvn.com\/en\/wp-json\/wp\/v2\/comments?post=3234"}],"wp:featuredmedia":[{"embeddable":true,"href":"https:\/\/phitenvn.com\/en\/wp-json\/wp\/v2\/media\/2791"}],"wp:attachment":[{"href":"https:\/\/phitenvn.com\/en\/wp-json\/wp\/v2\/media?parent=3234"}],"wp:term":[{"taxonomy":"product_brand","embeddable":true,"href":"https:\/\/phitenvn.com\/en\/wp-json\/wp\/v2\/product_brand?post=3234"},{"taxonomy":"product_cat","embeddable":true,"href":"https:\/\/phitenvn.com\/en\/wp-json\/wp\/v2\/product_cat?post=3234"},{"taxonomy":"product_tag","embeddable":true,"href":"https:\/\/phitenvn.com\/en\/wp-json\/wp\/v2\/product_tag?post=3234"}],"curies":[{"name":"wp","href":"https:\/\/api.w.org\/{rel}","templated":true}]}}