{"id":3233,"date":"2025-05-28T06:24:42","date_gmt":"2025-05-28T06:24:42","guid":{"rendered":"https:\/\/phitenvn.com\/vong-co-stainless-chain-titanium-plate-titan-ball\/"},"modified":"2025-05-28T06:24:42","modified_gmt":"2025-05-28T06:24:42","slug":"vong-co-stainless-chain-titanium-plate-titan-ball","status":"publish","type":"product","link":"https:\/\/phitenvn.com\/en\/vong-co-stainless-chain-titanium-plate-titan-ball\/","title":{"rendered":"V\u00f2ng C\u1ed5 Stainless Chain With Titanium Plate &#038; Titan Ball"},"content":{"rendered":"<h2><strong>V\u00f2ng C\u1ed5 Stainless Chain With Titanium Plate &amp; Titan Ball<\/strong><\/h2>\n<p>V\u00f2ng c\u1ed5 Stainless Chain \u0111\u01b0\u1ee3c ch\u1ebf t\u00e1c t\u1eeb titan nh\u1eb9, b\u1ec1n b\u1ec9 v\u00e0 ch\u1ed1ng g\u1ec9, mang \u0111\u1ebfn v\u1ebb \u0111\u1eb9p tinh t\u1ebf v\u00e0 sang tr\u1ecdng.<\/p>\n<p>Thi\u1ebft k\u1ebf \u0111\u1eb7c bi\u1ec7t v\u1edbi vi\u00ean bi titanium \u1edf m\u1eb7t sau kh\u00f4ng ch\u1ec9 t\u0103ng th\u00eam ph\u1ea7n \u0111\u1ed9c \u0111\u00e1o m\u00e0 c\u00f2n cho ph\u00e9p b\u1ea1n t\u00f9y ch\u1ec9nh phong c\u00e1ch b\u1eb1ng c\u00e1ch thay \u0111\u1ed5i c\u00e1c m\u1eb7t theo s\u1edf th\u00edch c\u00e1 nh\u00e2n.<\/p>\n<p>B\u1ed9 \u0111i\u1ec1u ch\u1ec9nh k\u00edch th\u01b0\u1edbc linh ho\u1ea1t l\u00ean \u0111\u1ebfn 5cm gi\u00fap b\u1ea1n d\u1ec5 d\u00e0ng \u0111i\u1ec1u ch\u1ec9nh v\u1eeba v\u1eb7n, trong khi logo th\u01b0\u01a1ng hi\u1ec7u Phiten \u1edf ph\u1ea7n cu\u1ed1i \u0111u\u00f4i s\u1ee3i d\u00e2y l\u00e0m t\u0103ng th\u00eam gi\u00e1 tr\u1ecb v\u00e0 s\u1ef1 n\u1ed5i b\u1eadt cho s\u1ea3n ph\u1ea9m.<\/p>\n<p><strong>G\u1ee3i \u00fd s\u1eed d\u1ee5ng:\u00a0<\/strong><br \/>\n&#8211; Gi\u00fap gi\u1ea3m b\u1edbt c\u0103ng th\u1eb3ng li\u00ean t\u1ee5c.<br \/>\n&#8211; Gi\u00fap c\u1ea3i thi\u1ec7n c\u00e2n b\u1eb1ng c\u01a1 th\u1ec3 v\u00e0 h\u1ed5 tr\u1ee3 t\u00ednh linh ho\u1ea1t.<br \/>\n&#8211; Gi\u00fap th\u01b0 gi\u00e3n t\u1ee9c th\u00ec v\u00e0 h\u1ed7 tr\u1ee3 gi\u1ea5c ng\u1ee7 s\u00e2u.<br \/>\n&#8211; H\u1ed7 tr\u1ee3 gi\u1ea3m c\u1ee9ng c\u01a1 v\u00ec \u0111au vai g\u00e1y c\u1ed5<br \/>\n&#8211; H\u1ed7 tr\u1ee3 tuy\u1ec7t v\u1eddi trong th\u1ec3 thao ho\u1eb7c c\u00e1c ho\u1ea1t \u0111\u1ed9ng h\u00e0ng ng\u00e0y<\/p>\n<p><strong>\u00a0\u0110\u1ed1i t\u01b0\u1ee3ng s\u1eed d\u1ee5ng:<\/strong><br \/>\n&#8211; Ph\u00f9 h\u1ee3p cho m\u1ecdi l\u1ee9a tu\u1ed5i<br \/>\n&#8211; Ng\u01b0\u1eddi c\u00f3 huy\u1ebft \u00e1p kh\u00f4ng \u1ed5n \u0111\u1ecbnh<br \/>\n&#8211; Ng\u01b0\u1eddi m\u1eafc c\u00e1c ch\u1ee9ng \u0111au vai g\u00e1y c\u1ed5<br \/>\n&#8211; Ng\u01b0\u1eddi m\u1ea5t ng\u1ee7, kh\u00f3 ng\u1ee7 hay gi\u1ea5c ng\u1ee7 kh\u00f4ng s\u00e2u<br \/>\n&#8211; Ng\u01b0\u1eddi ch\u01a1i th\u1ec3 thao, v\u1eadn \u0111\u1ed9ng vi\u00ean th\u1ec3 thao.<\/p>\n<p>M\u00e3 s\u1ea3n ph\u1ea9m: XJE39000<\/p>\n","protected":false},"excerpt":{"rendered":"<p><strong>Ch\u00e2t li\u1ec7u:<\/strong><br \/>\n&#8211; D\u00e2y: th\u00e9p kh\u00f4ng g\u1ec9<br \/>\n&#8211; Ch\u1ea5t li\u1ec7u m\u1eb7t d\u00e2y chuy\u1ec1n: Titanium<br \/>\n<strong>S\u1ea3n xu\u1ea5t t\u1ea1i:\u00a0<\/strong>Nh\u1eadt B\u1ea3n<br \/>\n<strong>B\u1ea3o h\u00e0nh:\u00a0<\/strong>12 th\u00e1ng<br \/>\n<strong>N\u01a1i b\u1ea3o h\u00e0nh:\u00a0<\/strong>Trung t\u00e2m b\u1ea3o h\u00e0nh Phiten Nh\u1eadt B\u1ea3n (Kyoto)<\/p>\n","protected":false},"featured_media":2789,"comment_status":"open","ping_status":"closed","template":"","meta":[],"product_brand":[],"product_cat":[592,586],"product_tag":[],"class_list":{"0":"post-3233","1":"product","2":"type-product","3":"status-publish","4":"has-post-thumbnail","6":"product_cat-vong-co-titanium-crystal-en","7":"product_cat-vong-co-en","9":"first","10":"instock","11":"shipping-taxable","12":"purchasable","13":"product-type-variable","14":"wvs-archive-product-wrapper"},"_links":{"self":[{"href":"https:\/\/phitenvn.com\/en\/wp-json\/wp\/v2\/product\/3233","targetHints":{"allow":["GET"]}}],"collection":[{"href":"https:\/\/phitenvn.com\/en\/wp-json\/wp\/v2\/product"}],"about":[{"href":"https:\/\/phitenvn.com\/en\/wp-json\/wp\/v2\/types\/product"}],"replies":[{"embeddable":true,"href":"https:\/\/phitenvn.com\/en\/wp-json\/wp\/v2\/comments?post=3233"}],"wp:featuredmedia":[{"embeddable":true,"href":"https:\/\/phitenvn.com\/en\/wp-json\/wp\/v2\/media\/2789"}],"wp:attachment":[{"href":"https:\/\/phitenvn.com\/en\/wp-json\/wp\/v2\/media?parent=3233"}],"wp:term":[{"taxonomy":"product_brand","embeddable":true,"href":"https:\/\/phitenvn.com\/en\/wp-json\/wp\/v2\/product_brand?post=3233"},{"taxonomy":"product_cat","embeddable":true,"href":"https:\/\/phitenvn.com\/en\/wp-json\/wp\/v2\/product_cat?post=3233"},{"taxonomy":"product_tag","embeddable":true,"href":"https:\/\/phitenvn.com\/en\/wp-json\/wp\/v2\/product_tag?post=3233"}],"curies":[{"name":"wp","href":"https:\/\/api.w.org\/{rel}","templated":true}]}}