{"id":3231,"date":"2025-05-28T06:32:39","date_gmt":"2025-05-28T06:32:39","guid":{"rendered":"https:\/\/phitenvn.com\/vong-co-titanium-chain-w-adzuki\/"},"modified":"2026-04-17T09:02:46","modified_gmt":"2026-04-17T02:02:46","slug":"vong-co-titanium-chain-w-adzuki","status":"publish","type":"product","link":"https:\/\/phitenvn.com\/en\/vong-co-titanium-chain-w-adzuki\/","title":{"rendered":"V\u00f2ng C\u1ed5 Titanium Chain W ADZUKI"},"content":{"rendered":"<h2><strong>V\u00f2ng C\u1ed5 Titanium Chain W Adzuki<\/strong><\/h2>\n<p>V\u00f2ng c\u1ed5 Titanium Chain W Adzuki v\u1edbi thi\u1ebft k\u1ebf \u0111\u01a1n gi\u1ea3n nh\u01b0ng tinh t\u1ebf, mang \u0111\u1ebfn v\u1ebb \u0111\u1eb9p thanh l\u1ecbch v\u00e0 d\u1ec5 d\u00e0ng ph\u1ed1i \u0111\u1ed3, ph\u00f9 h\u1ee3p cho c\u00e1c qu\u00fd c\u00f4.<br \/>\nS\u1ea3n ph\u1ea9m s\u1eed d\u1ee5ng d\u00e2y x\u00edch c\u00f3 th\u1ec3 \u0111i\u1ec1u ch\u1ec9nh gi\u00fap b\u1ea1n tho\u1ea3i m\u00e1i \u0111i\u1ec1u ch\u1ec9nh k\u00edch th\u01b0\u1edbc cho v\u1eeba v\u1eb7n. V\u00f2ng c\u1ed5 n\u00e0y \u0111\u01b0\u1ee3c l\u00e0m t\u1eeb ch\u1ea5t li\u1ec7u titanium, t\u1ea1o s\u1ef1 n\u1ed5i b\u1eadt v\u00e0 thu h\u00fat \u00e1nh nh\u00ecn t\u1eeb m\u1ecdi g\u00f3c \u0111\u1ed9.<\/p>\n<p><strong>C\u00f4ng d\u1ee5ng:<\/strong><br \/>\n&#8211; T\u1ed1i \u01b0u h\u00f3a s\u1ee9c kh\u1ecfe th\u00f4ng qua vi\u1ec7c c\u1ea3i thi\u1ec7n \u0111i\u1ec7n t\u00edch sinh h\u1ecdc<br \/>\n&#8211; T\u0103ng c\u01b0\u1eddng, \u1ed5n \u0111\u1ecbnh v\u00e0 c\u00e2n b\u1eb1ng c\u01a1 th\u1ec3.<br \/>\n&#8211; Gi\u1ea3m c\u0103ng th\u1eb3ng<br \/>\n&#8211; Mang \u0111\u1ebfn l\u1ee3i \u00edch cho s\u1ee9c kh\u1ecfe c\u00f9ng v\u1edbi s\u1ef1 tinh t\u1ebf trong trang s\u1ee9c, gi\u00fap b\u1ea1n t\u1ecfa s\u00e1ng v\u00e0 r\u1ea1ng ng\u1eddi<\/p>\n<p><strong>\u0110\u1ed1i t\u01b0\u1ee3ng s\u1eed d\u1ee5ng:\u00a0<\/strong><br \/>\n&#8211; Ph\u00f9 h\u1ee3p cho m\u1ecdi l\u1ee9a tu\u1ed5i, \u0111\u1eb7c bi\u1ec7t l\u00e0<br \/>\n&#8211; Ng\u01b0\u1eddi c\u00f3 huy\u1ebft \u00e1p kh\u00f4ng \u1ed5n \u0111\u1ecbnh<br \/>\n&#8211; Ng\u01b0\u1eddi m\u1eafc c\u00e1c ch\u1ee9ng \u0111au c\u1ed5 vai g\u00e1y<br \/>\n&#8211; Ng\u01b0\u1eddi m\u1ea5t ng\u1ee7, kh\u00f3 ng\u1ee7 hay gi\u1ea5c ng\u1ee7 kh\u00f4ng s\u00e2u<\/p>\n<p>M\u00e3 s\u1ea3n ph\u1ea9m: XJE38800\/ XJE37500<\/p>\n","protected":false},"excerpt":{"rendered":"<p><strong>Ch\u1ea5t li\u1ec7u:<\/strong>\u00a0Titanium<br \/>\n<strong>C\u00f4ng ngh\u1ec7:<\/strong>\u00a0Aqua Titanium<br \/>\n<strong>K\u00edch th\u01b0\u1edbc:<\/strong>\u00a040+ 5cm &amp; 45+ 5cm<br \/>\n<strong>S\u1ea3n xu\u1ea5t:<\/strong>\u00a0Nh\u1eadt B\u1ea3n<br \/>\n<strong>Quy c\u00e1ch \u0111\u00f3ng g\u00f3i:<\/strong> 1 c\u00e1i\/ h\u1ed9p<\/p>\n","protected":false},"featured_media":2769,"comment_status":"open","ping_status":"closed","template":"","meta":[],"product_brand":[],"product_cat":[592,586],"product_tag":[],"class_list":{"0":"post-3231","1":"product","2":"type-product","3":"status-publish","4":"has-post-thumbnail","6":"product_cat-vong-co-titanium-crystal-en","7":"product_cat-vong-co-en","9":"first","10":"instock","11":"shipping-taxable","12":"purchasable","13":"product-type-variable","14":"wvs-archive-product-wrapper"},"_links":{"self":[{"href":"https:\/\/phitenvn.com\/en\/wp-json\/wp\/v2\/product\/3231","targetHints":{"allow":["GET"]}}],"collection":[{"href":"https:\/\/phitenvn.com\/en\/wp-json\/wp\/v2\/product"}],"about":[{"href":"https:\/\/phitenvn.com\/en\/wp-json\/wp\/v2\/types\/product"}],"replies":[{"embeddable":true,"href":"https:\/\/phitenvn.com\/en\/wp-json\/wp\/v2\/comments?post=3231"}],"wp:featuredmedia":[{"embeddable":true,"href":"https:\/\/phitenvn.com\/en\/wp-json\/wp\/v2\/media\/2769"}],"wp:attachment":[{"href":"https:\/\/phitenvn.com\/en\/wp-json\/wp\/v2\/media?parent=3231"}],"wp:term":[{"taxonomy":"product_brand","embeddable":true,"href":"https:\/\/phitenvn.com\/en\/wp-json\/wp\/v2\/product_brand?post=3231"},{"taxonomy":"product_cat","embeddable":true,"href":"https:\/\/phitenvn.com\/en\/wp-json\/wp\/v2\/product_cat?post=3231"},{"taxonomy":"product_tag","embeddable":true,"href":"https:\/\/phitenvn.com\/en\/wp-json\/wp\/v2\/product_tag?post=3231"}],"curies":[{"name":"wp","href":"https:\/\/api.w.org\/{rel}","templated":true}]}}