{"id":3230,"date":"2025-05-28T06:36:44","date_gmt":"2025-05-28T06:36:44","guid":{"rendered":"https:\/\/phitenvn.com\/vong-co-crystal-8mm\/"},"modified":"2025-05-28T06:36:44","modified_gmt":"2025-05-28T06:36:44","slug":"vong-co-crystal-8mm","status":"publish","type":"product","link":"https:\/\/phitenvn.com\/en\/vong-co-crystal-8mm\/","title":{"rendered":"V\u00f2ng C\u1ed5 Crystal (8mm) Phiten"},"content":{"rendered":"<h3><strong>V\u00f2ng C\u1ed5 Crystal (8mm) Phiten<\/strong><\/h3>\n<p>V\u00f2ng c\u1ed5 Crystal (8mm) \u0111\u01b0\u1ee3c ch\u1ebf t\u00e1c th\u1ee7 c\u00f4ng t\u1eeb nh\u1eefng h\u1ea1t pha l\u00ea t\u1ef1 nhi\u00ean, mang l\u1ea1i s\u1ef1 trong su\u1ed1t v\u00e0 tinh t\u1ebf.<\/p>\n<p>S\u1ea3n ph\u1ea9m kh\u00f4ng ch\u1ec9 l\u00e0 m\u1ed9t m\u00f3n trang s\u1ee9c thanh l\u1ecbch m\u00e0 c\u00f2n gi\u00fap ph\u00e1t huy s\u1ee9c m\u1ea1nh c\u1ee7a pha l\u00ea, mang \u0111\u1ebfn hi\u1ec7u qu\u1ea3 t\u1ed1t cho s\u1ee9c kh\u1ecfe.<\/p>\n<p>V\u1edbi c\u00e1c h\u1ea1t pha l\u00ea v\u00e0 titan \u0111\u01b0\u1ee3c \u0111\u00ednh kh\u00e9o l\u00e9o, chi\u1ebfc v\u00f2ng c\u1ed5 n\u00e0y t\u1ea1o n\u00ean m\u1ed9t v\u1ebb \u0111\u1eb9p sang tr\u1ecdng, t\u1ecfa s\u00e1ng b\u1ea3y m\u00e0u d\u01b0\u1edbi \u00e1nh s\u00e1ng.<\/p>\n<p><strong>C\u00f4ng d\u1ee5ng:<\/strong><br \/>\n&#8211; T\u1ea1o c\u1ea3m gi\u00e1c tr\u00e0n \u0111\u1ea7y n\u0103ng l\u01b0\u1ee3ng t\u1ef1 nhi\u00ean<br \/>\n&#8211; Ph\u1ee5 ki\u1ec7n \u0111\u1eb9p v\u00e0 \u0111\u1eb3ng c\u1ea5p, c\u00f3 l\u1ee3i cho s\u1ee9c kh\u1ecfe<br \/>\n&#8211; C\u00e2n b\u1eb1ng c\u01a1 th\u1ec3<br \/>\n&#8211; Gi\u1ea3m kh\u00f3 ch\u1ecbu \u1edf c\u1ed5 v\u00e0 vai<br \/>\n&#8211; Hi\u1ec7u \u1ee9ng th\u01b0 gi\u00e3n t\u1ee9c th\u00ec<\/p>\n<p><strong>\u0110\u1ed1i t\u01b0\u1ee3ng s\u1eed d\u1ee5ng:<\/strong><br \/>\n&#8211; Ph\u00f9 h\u1ee3p cho m\u1ecdi l\u1ee9a tu\u1ed5i<br \/>\n&#8211; Ng\u01b0\u1eddi c\u00f3 huy\u1ebft \u00e1p kh\u00f4ng \u1ed5n \u0111\u1ecbnh<br \/>\n&#8211; Ng\u01b0\u1eddi m\u1eafc c\u00e1c ch\u1ee9ng \u0111au vai g\u00e1y c\u1ed5<br \/>\n&#8211; Ng\u01b0\u1eddi m\u1ea5t ng\u1ee7, kh\u00f3 ng\u1ee7 hay gi\u1ea5c ng\u1ee7 kh\u00f4ng s\u00e2u<br \/>\n&#8211; Ng\u01b0\u1eddi ch\u01a1i th\u1ec3 thao, v\u1eadn \u0111\u1ed9ng vi\u00ean th\u1ec3 thao.<\/p>\n<p><strong>M\u00e3 s\u1ea3n ph\u1ea9m<\/strong>: AQ810053\/ AQ810051<\/p>\n","protected":false},"excerpt":{"rendered":"<p><strong>K\u00edch th\u01b0\u1edbc:<\/strong>\u00a040cm + 5cm \u00a0&amp; 50cm + 5cm (c\u00f3 th\u1ec3 \u0111i\u1ec1u ch\u1ec9nh \u0111\u01b0\u1ee3c)<br \/>\n<strong>Ch\u1ea5t li\u1ec7u:<\/strong><br \/>\n&#8211; Th\u00e2n: Pha l\u00ea, Bi titan, M\u1eafc c\u00e0i: Titan, C\u1ee5m \u0111i\u1ec1u ch\u1ec9nh: Titan, T\u1ea5m (B\u1ed9 ph\u1eadn cu\u1ed1i): Titan<br \/>\n<strong>C\u00f4ng ngh\u1ec7:\u00a0<\/strong>Aqua Metal<br \/>\n<strong>M\u00e0u s\u1eafc:\u00a0<\/strong>Crystal<br \/>\n<strong>B\u1ea3o h\u00e0nh: 12<\/strong>\u00a0th\u00e1ng<br \/>\nSau 12 th\u00e1ng b\u1ea3o h\u00e0nh s\u1ebd c\u00f3 t\u00ednh ph\u00ed (g\u1ed3m ph\u00ed s\u1eeda ch\u1eefa + ph\u00ed shipping)<br \/>\n<strong>N\u01a1i b\u1ea3o h\u00e0nh:\u00a0<\/strong>Phiten Nh\u1eadt B\u1ea3n (Kyoto)<br \/>\n<strong>S\u1ea3n xu\u1ea5t:<\/strong>\u00a0Nh\u1eadt B\u1ea3n<\/p>\n","protected":false},"featured_media":2596,"comment_status":"open","ping_status":"closed","template":"","meta":[],"product_brand":[],"product_cat":[592,586],"product_tag":[],"class_list":{"0":"post-3230","1":"product","2":"type-product","3":"status-publish","4":"has-post-thumbnail","6":"product_cat-vong-co-titanium-crystal-en","7":"product_cat-vong-co-en","9":"first","10":"instock","11":"shipping-taxable","12":"purchasable","13":"product-type-variable","14":"wvs-archive-product-wrapper"},"_links":{"self":[{"href":"https:\/\/phitenvn.com\/en\/wp-json\/wp\/v2\/product\/3230","targetHints":{"allow":["GET"]}}],"collection":[{"href":"https:\/\/phitenvn.com\/en\/wp-json\/wp\/v2\/product"}],"about":[{"href":"https:\/\/phitenvn.com\/en\/wp-json\/wp\/v2\/types\/product"}],"replies":[{"embeddable":true,"href":"https:\/\/phitenvn.com\/en\/wp-json\/wp\/v2\/comments?post=3230"}],"wp:featuredmedia":[{"embeddable":true,"href":"https:\/\/phitenvn.com\/en\/wp-json\/wp\/v2\/media\/2596"}],"wp:attachment":[{"href":"https:\/\/phitenvn.com\/en\/wp-json\/wp\/v2\/media?parent=3230"}],"wp:term":[{"taxonomy":"product_brand","embeddable":true,"href":"https:\/\/phitenvn.com\/en\/wp-json\/wp\/v2\/product_brand?post=3230"},{"taxonomy":"product_cat","embeddable":true,"href":"https:\/\/phitenvn.com\/en\/wp-json\/wp\/v2\/product_cat?post=3230"},{"taxonomy":"product_tag","embeddable":true,"href":"https:\/\/phitenvn.com\/en\/wp-json\/wp\/v2\/product_tag?post=3230"}],"curies":[{"name":"wp","href":"https:\/\/api.w.org\/{rel}","templated":true}]}}