{"id":3229,"date":"2025-05-28T06:41:21","date_gmt":"2025-05-28T06:41:21","guid":{"rendered":"https:\/\/phitenvn.com\/vong-co-stainless-chain-pine-charm\/"},"modified":"2025-05-28T06:41:21","modified_gmt":"2025-05-28T06:41:21","slug":"vong-co-stainless-chain-pine-charm","status":"publish","type":"product","link":"https:\/\/phitenvn.com\/en\/vong-co-stainless-chain-pine-charm\/","title":{"rendered":"V\u00f2ng C\u1ed5 Stainless Chain Pine Charm"},"content":{"rendered":"<h3><strong>V\u00f2ng C\u1ed5 Stainless Chain Pine Charm\u00a0<\/strong><\/h3>\n<p>V\u00f2ng c\u1ed5 Stainless chain pine charm mang v\u1ebb \u0111\u1eb9p tinh t\u1ebf v\u1edbi m\u1eb7t d\u00e2y chuy\u1ec1n \u0111\u01b0\u1ee3c ch\u1ebf t\u00e1c t\u1eeb titan nguy\u00ean ch\u1ea5t, k\u1ebft h\u1ee3p c\u00f4ng ngh\u1ec7 Aqua Metal ti\u00ean ti\u1ebfn.<\/p>\n<p>Bi\u1ec3u t\u01b0\u1ee3ng Phiten &#8220;P&#8221; \u0111\u1ed9c \u0111\u00e1o \u0111\u01b0\u1ee3c kh\u1eafc tinh x\u1ea3o, t\u1ea1o n\u00ean m\u1ed9t s\u1ea3n ph\u1ea9m kh\u00f4ng ch\u1ec9 b\u1ec1n b\u1ec9 m\u00e0 c\u00f2n \u0111\u1ea7y phong c\u00e1ch, ho\u00e0n h\u1ea3o cho nh\u1eefng ai y\u00eau th\u00edch s\u1ef1 sang tr\u1ecdng v\u00e0 kh\u00e1c bi\u1ec7t.<\/p>\n<p><strong>G\u1ee3i \u00fd s\u1eed d\u1ee5ng:\u00a0<\/strong><br \/>\n&#8211; Gi\u00fap gi\u1ea3m b\u1edbt c\u0103ng th\u1eb3ng li\u00ean t\u1ee5c.<br \/>\n&#8211; Gi\u00fap c\u1ea3i thi\u1ec7n c\u00e2n b\u1eb1ng c\u01a1 th\u1ec3.<br \/>\n&#8211; H\u1ed7 tr\u1ee3 s\u1ef1 linh ho\u1ea1t.<br \/>\n&#8211; Gi\u00fap th\u01b0 gi\u00e3n t\u1ee9c th\u00ec v\u00e0 h\u1ed7 tr\u1ee3 gi\u1ea5c ng\u1ee7 s\u00e2u.<br \/>\n&#8211; H\u1ed7 tr\u1ee3 gi\u1ea3m c\u1ee9ng c\u01a1 v\u00ec \u0111au vai g\u00e1y c\u1ed5<br \/>\n&#8211; H\u1ed7 tr\u1ee3 tuy\u1ec7t v\u1eddi trong th\u1ec3 thao ho\u1eb7c c\u00e1c ho\u1ea1t \u0111\u1ed9ng h\u00e0ng ng\u00e0y<\/p>\n<p><strong>\u00a0\u0110\u1ed1i t\u01b0\u1ee3ng s\u1eed d\u1ee5ng:<\/strong><br \/>\n&#8211; Ph\u00f9 h\u1ee3p cho m\u1ecdi l\u1ee9a tu\u1ed5i<br \/>\n&#8211; Ng\u01b0\u1eddi c\u00f3 huy\u1ebft \u00e1p kh\u00f4ng \u1ed5n \u0111\u1ecbnh<br \/>\n&#8211; Ng\u01b0\u1eddi m\u1eafc c\u00e1c ch\u1ee9ng \u0111au vai g\u00e1y c\u1ed5<br \/>\n&#8211; Ng\u01b0\u1eddi m\u1ea5t ng\u1ee7, kh\u00f3 ng\u1ee7 hay gi\u1ea5c ng\u1ee7 kh\u00f4ng s\u00e2u<br \/>\n&#8211; Ng\u01b0\u1eddi ch\u01a1i th\u1ec3 thao, v\u1eadn \u0111\u1ed9ng vi\u00ean th\u1ec3 thao.<\/p>\n<p>M\u00e3 s\u1ea3n ph\u1ea9m: XJE31400<\/p>\n","protected":false},"excerpt":{"rendered":"<p><strong>Ch\u1ea5t li\u1ec7u:<\/strong><br \/>\n&#8211; Chu\u1ed7i: Th\u00e9p kh\u00f4ng g\u1ec9<br \/>\n&#8211; M\u1eb7t d\u00e2y chuy\u1ec1n: Titanium nguy\u00ean ch\u1ea5t<br \/>\n<strong>\u00a0Xu\u1ea5t x\u1ee9:\u00a0<\/strong>Nh\u1eadt B\u1ea3n<br \/>\n<strong>\u00a0B\u1ea3o h\u00e0nh:<\/strong>\u00a012 th\u00e1ng<br \/>\n<strong>\u00a0N\u01a1i b\u1ea3o h\u00e0nh:\u00a0<\/strong>Trung t\u00e2m b\u1ea3o h\u00e0nh Phiten Nh\u1eadt B\u1ea3n (Kyoto)<\/p>\n","protected":false},"featured_media":2597,"comment_status":"open","ping_status":"closed","template":"","meta":[],"product_brand":[],"product_cat":[592,586],"product_tag":[],"class_list":{"0":"post-3229","1":"product","2":"type-product","3":"status-publish","4":"has-post-thumbnail","6":"product_cat-vong-co-titanium-crystal-en","7":"product_cat-vong-co-en","9":"first","10":"instock","11":"shipping-taxable","12":"purchasable","13":"product-type-variable","14":"wvs-archive-product-wrapper"},"_links":{"self":[{"href":"https:\/\/phitenvn.com\/en\/wp-json\/wp\/v2\/product\/3229","targetHints":{"allow":["GET"]}}],"collection":[{"href":"https:\/\/phitenvn.com\/en\/wp-json\/wp\/v2\/product"}],"about":[{"href":"https:\/\/phitenvn.com\/en\/wp-json\/wp\/v2\/types\/product"}],"replies":[{"embeddable":true,"href":"https:\/\/phitenvn.com\/en\/wp-json\/wp\/v2\/comments?post=3229"}],"wp:featuredmedia":[{"embeddable":true,"href":"https:\/\/phitenvn.com\/en\/wp-json\/wp\/v2\/media\/2597"}],"wp:attachment":[{"href":"https:\/\/phitenvn.com\/en\/wp-json\/wp\/v2\/media?parent=3229"}],"wp:term":[{"taxonomy":"product_brand","embeddable":true,"href":"https:\/\/phitenvn.com\/en\/wp-json\/wp\/v2\/product_brand?post=3229"},{"taxonomy":"product_cat","embeddable":true,"href":"https:\/\/phitenvn.com\/en\/wp-json\/wp\/v2\/product_cat?post=3229"},{"taxonomy":"product_tag","embeddable":true,"href":"https:\/\/phitenvn.com\/en\/wp-json\/wp\/v2\/product_tag?post=3229"}],"curies":[{"name":"wp","href":"https:\/\/api.w.org\/{rel}","templated":true}]}}