{"id":3228,"date":"2025-05-28T06:44:27","date_gmt":"2025-05-28T06:44:27","guid":{"rendered":"https:\/\/phitenvn.com\/vong-co-titanium-chain-twist-05%cf%86-gold-ip\/"},"modified":"2026-04-17T09:01:53","modified_gmt":"2026-04-17T02:01:53","slug":"vong-co-titanium-chain-twist-05%cf%86-gold-ip","status":"publish","type":"product","link":"https:\/\/phitenvn.com\/en\/vong-co-titanium-chain-twist-05%cf%86-gold-ip\/","title":{"rendered":"V\u00f2ng C\u1ed5 Titanium Chain Twist 0.5\u03c6 GOLD IP"},"content":{"rendered":"<h3><strong>V\u00f2ng C\u1ed5 Titanium Chain Twist 0.5\u03a6 GOLD IP 45+5CM<\/strong><\/h3>\n<p>V\u00f2ng c\u1ed5 Titanium Chain Twist 0.5\u03c6 Gold IP l\u00e0 s\u1ea3n ph\u1ea9m ho\u00e0n h\u1ea3o k\u1ebft h\u1ee3p gi\u1eefa thi\u1ebft k\u1ebf tinh t\u1ebf v\u00e0 c\u00f4ng ngh\u1ec7 \u0111\u1ed9c quy\u1ec1n Phiten Aqua Titanium, gi\u00fap t\u1ed1i \u01b0u s\u1ee9c kh\u1ecfe c\u1ee7a b\u1ea1n qua vi\u1ec7c c\u1ea3i thi\u1ec7n tu\u1ea7n ho\u00e0n m\u00e1u v\u00e0 gi\u1ea3m c\u0103ng th\u1eb3ng.<\/p>\n<p><strong>C\u00f4ng d\u1ee5ng:<\/strong><br \/>\n&#8211; T\u1ed1i \u01b0u h\u00f3a \u0111i\u1ec7n t\u00edch sinh h\u1ecdc gi\u00fap c\u1ea3i thi\u1ec7n s\u1ee9c kh\u1ecfe<br \/>\n&#8211; H\u1ed7 tr\u1ee3 \u1ed5n \u0111\u1ecbnh v\u00e0 c\u00e2n b\u1eb1ng c\u01a1 th\u1ec3<br \/>\n&#8211; Gi\u1ea3m c\u0103ng th\u1eb3ng<br \/>\n&#8211; Ch\u0103m s\u00f3c s\u1ee9c kh\u1ecfe t\u1ed5ng th\u1ec3<\/p>\n<p><strong>\u0110\u1ed1i t\u01b0\u1ee3ng s\u1eed d\u1ee5ng:\u00a0<\/strong><br \/>\n&#8211; Ph\u00f9 h\u1ee3p cho m\u1ecdi l\u1ee9a tu\u1ed5i, \u0111\u1eb7c bi\u1ec7t l\u00e0<br \/>\n&#8211; Ng\u01b0\u1eddi c\u00f3 huy\u1ebft \u00e1p kh\u00f4ng \u1ed5n \u0111\u1ecbnh<br \/>\n&#8211; Ng\u01b0\u1eddi m\u1eafc c\u00e1c ch\u1ee9ng \u0111au c\u1ed5 vai g\u00e1y<br \/>\n&#8211; Ng\u01b0\u1eddi m\u1ea5t ng\u1ee7, kh\u00f3 ng\u1ee7 hay gi\u1ea5c ng\u1ee7 kh\u00f4ng s\u00e2u<\/p>\n<p>M\u00e3 s\u1ea3n ph\u1ea9m: XJE38400<\/p>\n","protected":false},"excerpt":{"rendered":"<div class=\"product-desc desc\">\n<p><strong>Ch\u1ea5t li\u1ec7u:\u00a0<\/strong>Titanium<br \/>\n<strong>C\u00f4ng ngh\u1ec7:\u00a0<\/strong>Aqua Titanium<br \/>\n<strong>Size:\u00a0<\/strong>45cm + 5cm<br \/>\n<strong>M\u00e0u s\u1eafc:\u00a0<\/strong>V\u00e0ng<br \/>\n<strong>L\u01b0u \u00fd:\u00a0<\/strong>B\u1ea3o qu\u1ea3n \u1edf n\u01a1i s\u1ea1ch v\u00e0 kh\u00f4 r\u00e1o<br \/>\n<strong>Xu\u1ea5t x\u1ee9:\u00a0<\/strong>Nh\u1eadt B\u1ea3n<br \/>\n<strong>Quy c\u00e1ch \u0111\u00f3ng g\u00f3i:<\/strong> 1 c\u00e1i\/ h\u1ed9p<\/p>\n<\/div>\n","protected":false},"featured_media":2767,"comment_status":"open","ping_status":"closed","template":"","meta":[],"product_brand":[],"product_cat":[592,586],"product_tag":[],"class_list":{"0":"post-3228","1":"product","2":"type-product","3":"status-publish","4":"has-post-thumbnail","6":"product_cat-vong-co-titanium-crystal-en","7":"product_cat-vong-co-en","9":"first","10":"instock","11":"shipping-taxable","12":"purchasable","13":"product-type-variable","14":"wvs-archive-product-wrapper"},"_links":{"self":[{"href":"https:\/\/phitenvn.com\/en\/wp-json\/wp\/v2\/product\/3228","targetHints":{"allow":["GET"]}}],"collection":[{"href":"https:\/\/phitenvn.com\/en\/wp-json\/wp\/v2\/product"}],"about":[{"href":"https:\/\/phitenvn.com\/en\/wp-json\/wp\/v2\/types\/product"}],"replies":[{"embeddable":true,"href":"https:\/\/phitenvn.com\/en\/wp-json\/wp\/v2\/comments?post=3228"}],"wp:featuredmedia":[{"embeddable":true,"href":"https:\/\/phitenvn.com\/en\/wp-json\/wp\/v2\/media\/2767"}],"wp:attachment":[{"href":"https:\/\/phitenvn.com\/en\/wp-json\/wp\/v2\/media?parent=3228"}],"wp:term":[{"taxonomy":"product_brand","embeddable":true,"href":"https:\/\/phitenvn.com\/en\/wp-json\/wp\/v2\/product_brand?post=3228"},{"taxonomy":"product_cat","embeddable":true,"href":"https:\/\/phitenvn.com\/en\/wp-json\/wp\/v2\/product_cat?post=3228"},{"taxonomy":"product_tag","embeddable":true,"href":"https:\/\/phitenvn.com\/en\/wp-json\/wp\/v2\/product_tag?post=3228"}],"curies":[{"name":"wp","href":"https:\/\/api.w.org\/{rel}","templated":true}]}}