{"id":3226,"date":"2025-05-28T06:54:12","date_gmt":"2025-05-28T06:54:12","guid":{"rendered":"https:\/\/phitenvn.com\/vong-co-titanium-chain\/"},"modified":"2026-04-17T09:00:01","modified_gmt":"2026-04-17T02:00:01","slug":"vong-co-titanium-chain","status":"publish","type":"product","link":"https:\/\/phitenvn.com\/en\/vong-co-titanium-chain\/","title":{"rendered":"V\u00f2ng C\u1ed5 Titanium Chain"},"content":{"rendered":"<h2><strong>V\u00f2ng C\u1ed5 Titanium Chain<\/strong><\/h2>\n<p>V\u00f2ng c\u1ed5 Titanium Chain \u0111\u01b0\u1ee3c ch\u1ebf t\u00e1c t\u1eeb 100% titan nguy\u00ean ch\u1ea5t, v\u1edbi tr\u1ecdng l\u01b0\u1ee3ng si\u00eau nh\u1eb9 ch\u1ec9 14g v\u00e0 kh\u1ea3 n\u0103ng ch\u1ed1ng \u0103n m\u00f2n v\u01b0\u1ee3t tr\u1ed9i, mang \u0111\u1ebfn s\u1ef1 b\u1ec1n b\u1ec9 v\u00e0 sang tr\u1ecdng.<\/p>\n<p>Thi\u1ebft k\u1ebf c\u1ed5 \u0111i\u1ec3n, tinh t\u1ebf c\u00f9ng v\u1ebb ngo\u00e0i trung t\u00ednh c\u1ee7a titan, gi\u00fap\u00a0tr\u1edf th\u00e0nh l\u1ef1a ch\u1ecdn l\u00fd t\u01b0\u1edfng cho m\u1ecdi d\u1ecbp, t\u1eeb c\u00f4ng vi\u1ec7c \u0111\u1ebfn c\u00e1c ho\u1ea1t \u0111\u1ed9ng th\u1ec3 thao.<\/p>\n<p>Kh\u00f4ng ch\u1ec9 l\u00e0 m\u1ed9t ph\u1ee5 ki\u1ec7n th\u1eddi trang, s\u1ea3n ph\u1ea9m c\u00f2n mang l\u1ea1i l\u1ee3i \u00edch s\u1ee9c kh\u1ecfe tuy\u1ec7t v\u1eddi, gi\u00fap c\u1ea3i thi\u1ec7n hi\u1ec7u su\u1ea5t v\u00e0 gi\u1ea3m \u0111au c\u01a1 hi\u1ec7u qu\u1ea3, mang \u0111\u1ebfn s\u1ef1 k\u1ebft h\u1ee3p ho\u00e0n h\u1ea3o gi\u1eefa phong c\u00e1ch v\u00e0 s\u1ee9c kh\u1ecfe.<\/p>\n<p><strong>G\u1ee3i \u00fd s\u1eed d\u1ee5ng:\u00a0<\/strong><br \/>\n&#8211; Gi\u00fap c\u1ea3i thi\u1ec7n c\u00e2n b\u1eb1ng c\u01a1 th\u1ec3.<br \/>\n&#8211; T\u0103ng c\u01b0\u1eddng s\u1ef1 linh ho\u1ea1t.<br \/>\n&#8211; Gi\u00fap th\u01b0 gi\u00e3n t\u1ee9c th\u00ec v\u00e0 h\u1ed7 tr\u1ee3 gi\u1ea5c ng\u1ee7 s\u00e2u.<br \/>\n&#8211; H\u1ed7 tr\u1ee3 gi\u1ea3m c\u1ee9ng c\u01a1 v\u00ec \u0111au vai g\u00e1y c\u1ed5<br \/>\n&#8211; H\u1ed7 tr\u1ee3 tuy\u1ec7t v\u1eddi trong th\u1ec3 thao ho\u1eb7c c\u00e1c ho\u1ea1t \u0111\u1ed9ng h\u00e0ng ng\u00e0y<\/p>\n<p><strong>\u00a0\u0110\u1ed1i t\u01b0\u1ee3ng s\u1eed d\u1ee5ng:<\/strong><br \/>\n&#8211; Ph\u00f9 h\u1ee3p cho m\u1ecdi l\u1ee9a tu\u1ed5i<br \/>\n&#8211; Ng\u01b0\u1eddi c\u00f3 huy\u1ebft \u00e1p kh\u00f4ng \u1ed5n \u0111\u1ecbnh<br \/>\n&#8211; Ng\u01b0\u1eddi m\u1eafc c\u00e1c ch\u1ee9ng \u0111au vai g\u00e1y c\u1ed5<br \/>\n&#8211; Ng\u01b0\u1eddi m\u1ea5t ng\u1ee7, kh\u00f3 ng\u1ee7 hay gi\u1ea5c ng\u1ee7 kh\u00f4ng s\u00e2u<br \/>\n&#8211; Ng\u01b0\u1eddi ch\u01a1i th\u1ec3 thao, v\u1eadn \u0111\u1ed9ng vi\u00ean th\u1ec3 thao.<\/p>\n<p>M\u00e3 s\u1ea3n ph\u1ea9m: TC06\/ TC05\/ TC04<\/p>\n","protected":false},"excerpt":{"rendered":"<p><strong>K\u00edch th\u01b0\u1edbc:<\/strong>\u00a040cm &#8211; 50cm -60cm<br \/>\n<strong>Ch\u1ea5t li\u1ec7u:\u00a0<\/strong>Titan nguy\u00ean ch\u1ea5t<br \/>\n<strong>S\u1ea3n xu\u1ea5t\u00a0<\/strong>t\u1ea1i Nh\u1eadt B\u1ea3n<\/p>\n","protected":false},"featured_media":2741,"comment_status":"open","ping_status":"closed","template":"","meta":[],"product_brand":[],"product_cat":[592,586],"product_tag":[],"class_list":{"0":"post-3226","1":"product","2":"type-product","3":"status-publish","4":"has-post-thumbnail","6":"product_cat-vong-co-titanium-crystal-en","7":"product_cat-vong-co-en","9":"first","10":"instock","11":"shipping-taxable","12":"purchasable","13":"product-type-variable","14":"wvs-archive-product-wrapper"},"_links":{"self":[{"href":"https:\/\/phitenvn.com\/en\/wp-json\/wp\/v2\/product\/3226","targetHints":{"allow":["GET"]}}],"collection":[{"href":"https:\/\/phitenvn.com\/en\/wp-json\/wp\/v2\/product"}],"about":[{"href":"https:\/\/phitenvn.com\/en\/wp-json\/wp\/v2\/types\/product"}],"replies":[{"embeddable":true,"href":"https:\/\/phitenvn.com\/en\/wp-json\/wp\/v2\/comments?post=3226"}],"wp:featuredmedia":[{"embeddable":true,"href":"https:\/\/phitenvn.com\/en\/wp-json\/wp\/v2\/media\/2741"}],"wp:attachment":[{"href":"https:\/\/phitenvn.com\/en\/wp-json\/wp\/v2\/media?parent=3226"}],"wp:term":[{"taxonomy":"product_brand","embeddable":true,"href":"https:\/\/phitenvn.com\/en\/wp-json\/wp\/v2\/product_brand?post=3226"},{"taxonomy":"product_cat","embeddable":true,"href":"https:\/\/phitenvn.com\/en\/wp-json\/wp\/v2\/product_cat?post=3226"},{"taxonomy":"product_tag","embeddable":true,"href":"https:\/\/phitenvn.com\/en\/wp-json\/wp\/v2\/product_tag?post=3226"}],"curies":[{"name":"wp","href":"https:\/\/api.w.org\/{rel}","templated":true}]}}