{"id":3225,"date":"2025-05-28T06:57:49","date_gmt":"2025-05-28T06:57:49","guid":{"rendered":"https:\/\/phitenvn.com\/vong-co-crystal-5mm\/"},"modified":"2025-05-28T06:57:49","modified_gmt":"2025-05-28T06:57:49","slug":"vong-co-crystal-5mm","status":"publish","type":"product","link":"https:\/\/phitenvn.com\/en\/vong-co-crystal-5mm\/","title":{"rendered":"V\u00f2ng C\u1ed5 Crystal (5mm)"},"content":{"rendered":"<h2><strong>V\u00f2ng C\u1ed5 Crystal (5mm) Phiten<\/strong><\/h2>\n<div class=\"row quan-color-size\">\n<div class=\"col-md-4\"><span style=\"color: #555555; font-size: 14.4px;\">V\u00f2ng c\u1ed5 Crystal (5mm) Phiten l\u00e0 s\u1ef1 k\u1ebft h\u1ee3p ho\u00e0n h\u1ea3o gi\u1eefa v\u1ebb \u0111\u1eb9p tinh t\u1ebf v\u00e0 c\u00f4ng ngh\u1ec7 ti\u00ean ti\u1ebfn. \u0110\u01b0\u1ee3c ch\u1ebf t\u00e1c t\u1eeb nh\u1eefng h\u1ea1t pha l\u00ea ng\u1ecdc trai ch\u1ea5t l\u01b0\u1ee3ng cao, s\u1ea3n ph\u1ea9m mang l\u1ea1i v\u1ebb \u0111\u1eb9p sang tr\u1ecdng, \u0111\u1eb3ng c\u1ea5p.<\/span><\/div>\n<\/div>\n<div class=\"product-desc desc\">\n<p>V\u00f2ng c\u1ed5 \u0111\u01b0\u1ee3c \u0111\u00ednh h\u1ea1t pha l\u00ea v\u00e0 Titan, t\u1ea1o n\u00ean s\u1ef1 thanh l\u1ecbch v\u00e0 n\u1ed5i b\u1eadt. D\u00e2y bu\u1ed9c \u0111\u01b0\u1ee3c thi\u1ebft k\u1ebf v\u1edbi chu\u1ed7i th\u1eaft ch\u1eb7t d\u00e0i 5cm, v\u1eeba v\u1eb7n v\u00e0 ti\u1ec7n l\u1ee3i. H\u1ea1t Titan c\u00f3 kh\u1eafc logo Phiten, th\u1ec3 hi\u1ec7n s\u1ef1 tinh x\u1ea3o v\u00e0 ch\u1ea5t l\u01b0\u1ee3ng.<\/p>\n<p>V\u1edbi b\u1ea3y m\u00e0u s\u1eafc t\u1ecfa s\u00e1ng, v\u00f2ng c\u1ed5 kh\u00f4ng ch\u1ec9 l\u00e0 m\u1ed9t ph\u1ee5 ki\u1ec7n \u0111\u1eb9p m\u00e0 c\u00f2n mang l\u1ea1i l\u1ee3i \u00edch s\u1ee9c kh\u1ecfe, gi\u00fap c\u1ea3i thi\u1ec7n th\u1ec3 tr\u1ea1ng v\u00e0 th\u01b0 gi\u00e3n c\u01a1 th\u1ec3 m\u1ed9t c\u00e1ch hi\u1ec7u qu\u1ea3.<\/p>\n<\/div>\n<p><strong>C\u00f4ng d\u1ee5ng:<\/strong><br \/>\n&#8211; T\u1ea1o c\u1ea3m gi\u00e1c n\u0103ng l\u01b0\u1ee3ng t\u1ef1 nhi\u00ean.<br \/>\n&#8211; Gi\u00fap c\u1ea3i thi\u1ec7n l\u01b0u th\u00f4ng m\u00e1u.<br \/>\n&#8211; Gi\u00fap gi\u1ea3m \u0111au c\u1ed5 v\u00e0 vai.<br \/>\n&#8211; C\u00f3 t\u00e1c d\u1ee5ng th\u01b0 gi\u00e3n.<br \/>\n&#8211; Th\u00edch h\u1ee3p \u0111eo trong m\u1ecdi ho\u00e0n c\u1ea3nh<\/p>\n<p><strong>\u0110\u1ed1i t\u01b0\u1ee3ng s\u1eed d\u1ee5ng:<\/strong><br \/>\n&#8211; Ph\u00f9 h\u1ee3p cho m\u1ecdi l\u1ee9a tu\u1ed5i<br \/>\n&#8211; Ng\u01b0\u1eddi cao huy\u1ebft \u00e1p, huy\u1ebft \u00e1p kh\u00f4ng \u1ed5n \u0111\u1ecbnh<br \/>\n&#8211; Ng\u01b0\u1eddi m\u1eafc c\u00e1c ch\u1ee9ng \u0111au c\u1ed5 vai g\u00e1y<br \/>\n&#8211; Ng\u01b0\u1eddi m\u1ea5t ng\u1ee7, kh\u00f3 ng\u1ee7 hay gi\u1ea5c ng\u1ee7 kh\u00f4ng s\u00e2u<br \/>\n&#8211; Ng\u01b0\u1eddi ch\u01a1i th\u1ec3 thao, v\u1eadn \u0111\u1ed9ng vi\u00ean th\u1ec3 thao.<\/p>\n<p>M\u00e3 s\u1ea3n ph\u1ea9m: AQ808051\/ AQ808053<\/p>\n","protected":false},"excerpt":{"rendered":"<p><strong>Ch\u1ea5t li\u1ec7u<\/strong>: H\u1ea1t (Pha l\u00ea), B\u00f3ng, Kh\u00f3a \u0111i\u1ec1u ch\u1ec9nh v\u00e0 M\u00f3c (Titanium), D\u00e2y (Th\u00e9p kh\u00f4ng g\u1ec9).<br \/>\n<strong>S\u1ea3n xu\u1ea5t\u00a0<\/strong>t\u1ea1i Nh\u1eadt B\u1ea3n<br \/>\nB\u1ea3o qu\u1ea3n \u1edf n\u01a1i s\u1ea1ch v\u00e0 kh\u00f4 r\u00e1o<br \/>\n<strong>Xu\u1ea5t x\u1ee9:<\/strong>\u00a0Nh\u1eadt B\u1ea3n<br \/>\n<strong>B\u1ea3o h\u00e0nh:\u00a0<\/strong>12 th\u00e1ng<br \/>\nSau 12 th\u00e1ng, b\u1ea3o h\u00e0nh s\u1ebd c\u00f3 t\u00ednh ph\u00ed (ph\u00ed s\u1eeda ch\u1eefa + ph\u00ed shipping)<br \/>\n<strong>N\u01a1i b\u1ea3o h\u00e0nh:\u00a0<\/strong>Trung t\u00e2m b\u1ea3o h\u00e0nh Phiten Nh\u1eadt B\u1ea3n (Kyoto)<\/p>\n","protected":false},"featured_media":2795,"comment_status":"open","ping_status":"closed","template":"","meta":[],"product_brand":[],"product_cat":[592,586],"product_tag":[],"class_list":{"0":"post-3225","1":"product","2":"type-product","3":"status-publish","4":"has-post-thumbnail","6":"product_cat-vong-co-titanium-crystal-en","7":"product_cat-vong-co-en","9":"first","10":"instock","11":"shipping-taxable","12":"purchasable","13":"product-type-variable","14":"wvs-archive-product-wrapper"},"_links":{"self":[{"href":"https:\/\/phitenvn.com\/en\/wp-json\/wp\/v2\/product\/3225","targetHints":{"allow":["GET"]}}],"collection":[{"href":"https:\/\/phitenvn.com\/en\/wp-json\/wp\/v2\/product"}],"about":[{"href":"https:\/\/phitenvn.com\/en\/wp-json\/wp\/v2\/types\/product"}],"replies":[{"embeddable":true,"href":"https:\/\/phitenvn.com\/en\/wp-json\/wp\/v2\/comments?post=3225"}],"wp:featuredmedia":[{"embeddable":true,"href":"https:\/\/phitenvn.com\/en\/wp-json\/wp\/v2\/media\/2795"}],"wp:attachment":[{"href":"https:\/\/phitenvn.com\/en\/wp-json\/wp\/v2\/media?parent=3225"}],"wp:term":[{"taxonomy":"product_brand","embeddable":true,"href":"https:\/\/phitenvn.com\/en\/wp-json\/wp\/v2\/product_brand?post=3225"},{"taxonomy":"product_cat","embeddable":true,"href":"https:\/\/phitenvn.com\/en\/wp-json\/wp\/v2\/product_cat?post=3225"},{"taxonomy":"product_tag","embeddable":true,"href":"https:\/\/phitenvn.com\/en\/wp-json\/wp\/v2\/product_tag?post=3225"}],"curies":[{"name":"wp","href":"https:\/\/api.w.org\/{rel}","templated":true}]}}