{"id":3219,"date":"2025-05-28T07:41:04","date_gmt":"2025-05-28T07:41:04","guid":{"rendered":"https:\/\/phitenvn.com\/vong-co-rakuwa-metax-push-type\/"},"modified":"2026-04-16T14:52:45","modified_gmt":"2026-04-16T07:52:45","slug":"vong-co-rakuwa-metax-push-type","status":"publish","type":"product","link":"https:\/\/phitenvn.com\/en\/vong-co-rakuwa-metax-push-type\/","title":{"rendered":"V\u00f2ng C\u1ed5 Rakuwa Metax Push Type"},"content":{"rendered":"<h2><strong>V\u00f2ng C\u1ed5 Rakuwa Metax Push Type Phiten<\/strong><\/h2>\n<p>V\u00f2ng c\u1ed5 Rakuwa Metax Push Type s\u1edf h\u1eefu thi\u1ebft k\u1ebf tinh t\u1ebf, k\u1ebft h\u1ee3p gi\u1eefa s\u1ef1 n\u0103ng \u0111\u1ed9ng v\u00e0 v\u1ebb \u0111\u1eb9p sang tr\u1ecdng, ph\u00f9 h\u1ee3p v\u1edbi m\u1ecdi phong c\u00e1ch.<\/p>\n<p>V\u1edbi kh\u00f3a th\u00f4ng minh d\u1ec5 d\u00e0ng s\u1eed d\u1ee5ng ch\u1ec9 b\u1eb1ng m\u1ed9t n\u00fat nh\u1ea5n, b\u1ea1n c\u00f3 th\u1ec3 \u0111eo v\u00e0 th\u00e1o ra nhanh ch\u00f3ng, ti\u1ec7n l\u1ee3i. D\u00e2y v\u00f2ng \u0111\u01b0\u1ee3c \u1ee9ng d\u1ee5ng c\u00f4ng ngh\u1ec7 Metax ti\u00ean ti\u1ebfn, mang l\u1ea1i nh\u1eefng l\u1ee3i \u00edch tuy\u1ec7t v\u1eddi cho s\u1ee9c kh\u1ecfe, gi\u00fap b\u1ea1n c\u1ea3m nh\u1eadn s\u1ef1 tho\u1ea3i m\u00e1i v\u00e0 c\u1ea3i thi\u1ec7n th\u1ec3 tr\u1ea1ng hi\u1ec7u qu\u1ea3 m\u1ed7i ng\u00e0y.<\/p>\n<p><strong>G\u1ee3i \u00fd s\u1eed d\u1ee5ng:\u00a0<\/strong><br \/>\n&#8211; Gi\u00fap c\u1ea3i thi\u1ec7n c\u00e2n b\u1eb1ng c\u01a1 th\u1ec3<br \/>\n&#8211; T\u0103ng c\u01b0\u1eddng t\u00ednh linh ho\u1ea1t<br \/>\n&#8211; Gi\u00fap th\u01b0 gi\u00e3n t\u1ee9c th\u00ec v\u00e0 h\u1ed7 tr\u1ee3 gi\u1ea5c ng\u1ee7 s\u00e2u<br \/>\n&#8211; H\u1ed7 tr\u1ee3 gi\u1ea3m c\u1ee9ng c\u01a1 v\u00ec \u0111au vai g\u00e1y c\u1ed5<br \/>\n&#8211; H\u1ed7 tr\u1ee3 tuy\u1ec7t v\u1eddi trong th\u1ec3 thao ho\u1eb7c c\u00e1c ho\u1ea1t \u0111\u1ed9ng h\u00e0ng ng\u00e0y.<\/p>\n<p><strong>\u00a0\u0110\u1ed1i t\u01b0\u1ee3ng s\u1eed d\u1ee5ng:<\/strong><br \/>\n&#8211; Ph\u00f9 h\u1ee3p cho m\u1ecdi l\u1ee9a tu\u1ed5i<br \/>\n&#8211; Ng\u01b0\u1eddi c\u00f3 huy\u1ebft \u00e1p kh\u00f4ng \u1ed5n \u0111\u1ecbnh<br \/>\n&#8211; Ng\u01b0\u1eddi m\u1eafc c\u00e1c ch\u1ee9ng \u0111au vai g\u00e1y c\u1ed5<br \/>\n&#8211; Ng\u01b0\u1eddi m\u1ea5t ng\u1ee7, kh\u00f3 ng\u1ee7 hay gi\u1ea5c ng\u1ee7 kh\u00f4ng s\u00e2u<br \/>\n&#8211; Ng\u01b0\u1eddi ch\u01a1i th\u1ec3 thao, v\u1eadn \u0111\u1ed9ng vi\u00ean th\u1ec3 thao.<\/p>\n<p>M\u00e3 s\u1ea3n ph\u1ea9m: TG765152\/ TG765053<\/p>\n","protected":false},"excerpt":{"rendered":"<p><strong>Ch\u1ea5t li\u1ec7u:<\/strong>\u00a0D\u00e2y (Polyester), L\u00f5i b\u00ean trong (Elastomer), Kh\u00f3a (Th\u00e9p kh\u00f4ng g\u1ec9)<br \/>\n<strong>B\u1ea3o h\u00e0nh:<\/strong>\u00a0\u00a0C\u00f3 t\u00ednh ph\u00ed (g\u1ed3m ph\u00ed s\u1eeda ch\u1eefa + ph\u00ed shipping)<br \/>\n<strong>N\u01a1i b\u1ea3o h\u00e0nh:\u00a0<\/strong>Trung t\u00e2m b\u1ea3o h\u00e0nh Phiten Nh\u1eadt B\u1ea3n (Kyoto)<br \/>\n<strong>Xu\u1ea5t x\u1ee9:\u00a0<\/strong>Trung Qu\u1ed1c<\/p>\n","protected":false},"featured_media":2656,"comment_status":"open","ping_status":"closed","template":"","meta":[],"product_brand":[],"product_cat":[591,586,588],"product_tag":[],"class_list":{"0":"post-3219","1":"product","2":"type-product","3":"status-publish","4":"has-post-thumbnail","6":"product_cat-vong-ultimate-performance-en","7":"product_cat-vong-co-en","8":"product_cat-vong-co-metax-en","10":"first","11":"instock","12":"shipping-taxable","13":"purchasable","14":"product-type-variable","15":"wvs-archive-product-wrapper"},"_links":{"self":[{"href":"https:\/\/phitenvn.com\/en\/wp-json\/wp\/v2\/product\/3219","targetHints":{"allow":["GET"]}}],"collection":[{"href":"https:\/\/phitenvn.com\/en\/wp-json\/wp\/v2\/product"}],"about":[{"href":"https:\/\/phitenvn.com\/en\/wp-json\/wp\/v2\/types\/product"}],"replies":[{"embeddable":true,"href":"https:\/\/phitenvn.com\/en\/wp-json\/wp\/v2\/comments?post=3219"}],"wp:featuredmedia":[{"embeddable":true,"href":"https:\/\/phitenvn.com\/en\/wp-json\/wp\/v2\/media\/2656"}],"wp:attachment":[{"href":"https:\/\/phitenvn.com\/en\/wp-json\/wp\/v2\/media?parent=3219"}],"wp:term":[{"taxonomy":"product_brand","embeddable":true,"href":"https:\/\/phitenvn.com\/en\/wp-json\/wp\/v2\/product_brand?post=3219"},{"taxonomy":"product_cat","embeddable":true,"href":"https:\/\/phitenvn.com\/en\/wp-json\/wp\/v2\/product_cat?post=3219"},{"taxonomy":"product_tag","embeddable":true,"href":"https:\/\/phitenvn.com\/en\/wp-json\/wp\/v2\/product_tag?post=3219"}],"curies":[{"name":"wp","href":"https:\/\/api.w.org\/{rel}","templated":true}]}}