{"id":3217,"date":"2025-05-28T07:57:38","date_gmt":"2025-05-28T07:57:38","guid":{"rendered":"https:\/\/phitenvn.com\/vong-co-rakuwa-wire-extreme-round\/"},"modified":"2025-05-28T07:57:38","modified_gmt":"2025-05-28T07:57:38","slug":"vong-co-rakuwa-wire-extreme-round","status":"publish","type":"product","link":"https:\/\/phitenvn.com\/en\/vong-co-rakuwa-wire-extreme-round\/","title":{"rendered":"V\u00f2ng C\u1ed5 Rakuwa Wire Extreme Round"},"content":{"rendered":"<h2><strong>V\u00f2ng C\u1ed5 Rakuwa Wire Extreme Round Phiten<\/strong><\/h2>\n<p>V\u00f2ng c\u1ed5 Rakuwa Wire Extreme Round v\u1edbi m\u00e0u s\u1eafc tinh t\u1ebf v\u00e0 kh\u00f3a g\u00e0i nh\u00f4m b\u1ec1n b\u1ec9, nh\u1eb9 v\u00e0 ch\u1eafc ch\u1eafn, gi\u00fap b\u1ea1n d\u1ec5 d\u00e0ng v\u1eadn \u0111\u1ed9ng trong th\u1ec3 thao.<br \/>\nD\u00e2y \u0111eo c\u00f3 \u0111\u1ed9 b\u1ec1n cao, kh\u00e1ng n\u01b0\u1edbc v\u00e0 ch\u1ecbu \u0111\u01b0\u1ee3c c\u00e1c ho\u1ea1t \u0111\u1ed9ng m\u1ea1nh. C\u00f4ng ngh\u1ec7 Metax \u0111\u01b0\u1ee3c \u00e1p d\u1ee5ng gi\u00fap t\u1ed1i \u01b0u hi\u1ec7u su\u1ea5t v\u00e0 h\u1ed7 tr\u1ee3 s\u1ee9c kh\u1ecfe, l\u00e0 l\u1ef1a ch\u1ecdn tuy\u1ec7t v\u1eddi cho nh\u1eefng ai y\u00eau th\u00edch th\u1ec3 thao v\u00e0 ch\u0103m s\u00f3c s\u1ee9c kh\u1ecfe.<\/p>\n<p><strong>C\u00f4ng d\u1ee5ng:<\/strong><br \/>\n&#8211; Gi\u00fap c\u1ea3i thi\u1ec7n c\u00e2n b\u1eb1ng c\u01a1 th\u1ec3.<br \/>\n&#8211; T\u0103ng c\u01b0\u1eddng kh\u1ea3 n\u0103ng linh ho\u1ea1t.<br \/>\n&#8211; Gi\u00fap th\u01b0 gi\u00e3n t\u1ee9c th\u00ec v\u00e0 h\u1ed7 tr\u1ee3 gi\u1ea5c ng\u1ee7 s\u00e2u.<br \/>\n&#8211; H\u1ed7 tr\u1ee3 gi\u1ea3m c\u1ee9ng c\u01a1 v\u00ec \u0111au vai g\u00e1y c\u1ed5<br \/>\n&#8211; H\u1ed7 tr\u1ee3 tuy\u1ec7t v\u1eddi trong th\u1ec3 thao ho\u1eb7c c\u00e1c ho\u1ea1t \u0111\u1ed9ng h\u00e0ng ng\u00e0y<\/p>\n<p><strong>\u00a0\u0110\u1ed1i t\u01b0\u1ee3ng s\u1eed d\u1ee5ng:<\/strong><br \/>\n&#8211; Ph\u00f9 h\u1ee3p cho m\u1ecdi l\u1ee9a tu\u1ed5i<br \/>\n&#8211; Ng\u01b0\u1eddi c\u00f3 huy\u1ebft \u00e1p kh\u00f4ng \u1ed5n \u0111\u1ecbnh<br \/>\n&#8211; Ng\u01b0\u1eddi m\u1eafc c\u00e1c ch\u1ee9ng \u0111au vai g\u00e1y c\u1ed5<br \/>\n&#8211; Ng\u01b0\u1eddi m\u1ea5t ng\u1ee7, kh\u00f3 ng\u1ee7 hay gi\u1ea5c ng\u1ee7 kh\u00f4ng s\u00e2u<br \/>\n&#8211; Ng\u01b0\u1eddi ch\u01a1i th\u1ec3 thao, v\u1eadn \u0111\u1ed9ng vi\u00ean th\u1ec3 thao.<\/p>\n","protected":false},"excerpt":{"rendered":"<p><strong>M\u00e0u s\u1eafc:<\/strong>\u00a0\u0110en\/V\u00e0ng, Xanh\/B\u1ea1c<br \/>\n<strong>K\u00edch th\u01b0\u1edbc:<\/strong>\u00a040cm &amp; 50cm<br \/>\n<strong>Ch\u1ea5t li\u1ec7u<\/strong>: D\u00e2y \u0111eo: Kh\u00f4ng g\u1ec9, nylon, Kh\u00f3a g\u00e0i: Nh\u00f4m, kh\u00f4ng g\u1ec9, urethane<br \/>\n<strong>C\u00f4ng ngh\u1ec7<\/strong>: Metax<br \/>\n<strong>H\u01b0\u1edbng d\u1eabn s\u1eed d\u1ee5ng<\/strong>: C\u00f3 th\u1ec3 mang khi t\u1eafm<br \/>\n<strong>S\u1ea3n xu\u1ea5t:<\/strong> Trung Qu\u1ed1c (S\u1ea3n ph\u1ea9m \u0111\u01b0\u1ee3c g\u1eedi l\u1ea1i Phiten Japan \u0111\u1ec3 ki\u1ec3m tra v\u00e0 x\u1eed l\u00fd c\u00f4ng ngh\u1ec7)<br \/>\n<strong>Quy c\u00e1ch \u0111\u00f3ng g\u00f3i:<\/strong>\u00a01 c\u00e1i\/h\u1ed9p<br \/>\n<strong>B\u1ea3o h\u00e0nh:\u00a0<\/strong>6 th\u00e1ng<br \/>\n<strong>N\u01a1i b\u1ea3o h\u00e0nh:<\/strong>\u00a0Trung t\u00e2m Phiten Nh\u1eadt B\u1ea3n (Kyoto)<\/p>\n<p>V\u00f2ng c\u1ed5 Rakuwa Wire Extreme Round c\u00f4ng ngh\u1ec7 Metax. Ch\u1ea5t li\u1ec7u Nylon, nh\u00f4m, kh\u00f4ng g\u1ec9, Urethane. K\u00edch th\u01b0\u1edbc 40cm &amp; 50cm.<\/p>\n","protected":false},"featured_media":2834,"comment_status":"open","ping_status":"closed","template":"","meta":[],"product_brand":[],"product_cat":[58,220],"product_tag":[],"class_list":{"0":"post-3217","1":"product","2":"type-product","3":"status-publish","4":"has-post-thumbnail","6":"product_cat-vong-co","7":"product_cat-vong-co-extreme","9":"first","10":"instock","11":"shipping-taxable","12":"purchasable","13":"product-type-variable","14":"wvs-archive-product-wrapper"},"_links":{"self":[{"href":"https:\/\/phitenvn.com\/en\/wp-json\/wp\/v2\/product\/3217","targetHints":{"allow":["GET"]}}],"collection":[{"href":"https:\/\/phitenvn.com\/en\/wp-json\/wp\/v2\/product"}],"about":[{"href":"https:\/\/phitenvn.com\/en\/wp-json\/wp\/v2\/types\/product"}],"replies":[{"embeddable":true,"href":"https:\/\/phitenvn.com\/en\/wp-json\/wp\/v2\/comments?post=3217"}],"wp:featuredmedia":[{"embeddable":true,"href":"https:\/\/phitenvn.com\/en\/wp-json\/wp\/v2\/media\/2834"}],"wp:attachment":[{"href":"https:\/\/phitenvn.com\/en\/wp-json\/wp\/v2\/media?parent=3217"}],"wp:term":[{"taxonomy":"product_brand","embeddable":true,"href":"https:\/\/phitenvn.com\/en\/wp-json\/wp\/v2\/product_brand?post=3217"},{"taxonomy":"product_cat","embeddable":true,"href":"https:\/\/phitenvn.com\/en\/wp-json\/wp\/v2\/product_cat?post=3217"},{"taxonomy":"product_tag","embeddable":true,"href":"https:\/\/phitenvn.com\/en\/wp-json\/wp\/v2\/product_tag?post=3217"}],"curies":[{"name":"wp","href":"https:\/\/api.w.org\/{rel}","templated":true}]}}