{"id":3216,"date":"2025-05-28T08:09:19","date_gmt":"2025-05-28T08:09:19","guid":{"rendered":"https:\/\/phitenvn.com\/vong-co-rakuwa-extreme-crystal-touch\/"},"modified":"2026-04-16T13:17:42","modified_gmt":"2026-04-16T06:17:42","slug":"vong-co-rakuwa-extreme-crystal-touch","status":"publish","type":"product","link":"https:\/\/phitenvn.com\/en\/vong-co-rakuwa-extreme-crystal-touch\/","title":{"rendered":"V\u00f2ng C\u1ed5 Rakuwa Extreme Crystal Touch"},"content":{"rendered":"<h2><strong>V\u00f2ng C\u1ed5 Rakuwa Extreme Crystal Touch<\/strong><\/h2>\n<p>V\u00f2ng c\u1ed5 Rakuwa Extreme Crystal Touch s\u1eed d\u1ee5ng c\u00f4ng ngh\u1ec7 Metax \u0111\u1ed9c quy\u1ec1n, mang l\u1ea1i hi\u1ec7u qu\u1ea3 cao khi s\u1eed d\u1ee5ng.<\/p>\n<p>S\u1ea3n ph\u1ea9m \u0111\u01b0\u1ee3c gia c\u00f4ng v\u1edbi v\u1ebb ngo\u00e0i gi\u1ed1ng nh\u01b0 nh\u1eefng vi\u00ean \u0111\u00e1 t\u1ef1 nhi\u00ean trong su\u1ed1t, t\u1ea1o c\u1ea3m gi\u00e1c sang tr\u1ecdng khi \u0111eo.<\/p>\n<p>V\u00f2ng c\u1ed5 n\u00e0y \u0111\u01b0\u1ee3c thi\u1ebft k\u1ebf nh\u1eb9 v\u00e0 ch\u1ed1ng n\u01b0\u1edbc, r\u1ea5t th\u00edch h\u1ee3p \u0111\u1ec3 s\u1eed d\u1ee5ng h\u00e0ng ng\u00e0y c\u0169ng nh\u01b0 khi tham gia c\u00e1c ho\u1ea1t \u0111\u1ed9ng th\u1ec3 thao.<\/p>\n<p><strong>C\u00f4ng d\u1ee5ng:<\/strong><br \/>\n&#8211; Gi\u1ea3m t\u00ecnh tr\u1ea1ng c\u0103ng th\u1eb3ng<br \/>\n&#8211; Gi\u00fap c\u1ea3i thi\u1ec7n c\u00e2n b\u1eb1ng c\u01a1 th\u1ec3 v\u00e0 t\u00ednh linh ho\u1ea1t.<br \/>\n&#8211; Gi\u00fap th\u01b0 gi\u00e3n\u00a0v\u00e0 h\u1ed7 tr\u1ee3 gi\u1ea5c ng\u1ee7 s\u00e2u.<br \/>\n&#8211; H\u1ed7 tr\u1ee3 gi\u1ea3m c\u0103ng c\u1ee9ng c\u01a1 v\u00ec \u0111au vai g\u00e1y c\u1ed5<br \/>\n&#8211; H\u1ed7 tr\u1ee3 trong th\u1ec3 thao ho\u1eb7c c\u00e1c ho\u1ea1t \u0111\u1ed9ng h\u00e0ng ng\u00e0y<\/p>\n<p><strong>\u00a0\u0110\u1ed1i t\u01b0\u1ee3ng s\u1eed d\u1ee5ng:<\/strong><br \/>\n&#8211; Ph\u00f9 h\u1ee3p cho m\u1ecdi l\u1ee9a tu\u1ed5i<br \/>\n&#8211; Ng\u01b0\u1eddi c\u00f3 huy\u1ebft \u00e1p kh\u00f4ng \u1ed5n \u0111\u1ecbnh<br \/>\n&#8211; Ng\u01b0\u1eddi m\u1eafc c\u00e1c ch\u1ee9ng \u0111au vai g\u00e1y c\u1ed5<br \/>\n&#8211; Ng\u01b0\u1eddi m\u1ea5t ng\u1ee7, kh\u00f3 ng\u1ee7 hay gi\u1ea5c ng\u1ee7 kh\u00f4ng s\u00e2u<br \/>\n&#8211; Ng\u01b0\u1eddi ch\u01a1i th\u1ec3 thao, v\u1eadn \u0111\u1ed9ng vi\u00ean th\u1ec3 thao.<\/p>\n<p>M\u00e3 s\u1ea3n ph\u1ea9m: TG798253\/ TG798252\/ TG798152\/ TG798053\/ TG798052<\/p>\n","protected":false},"excerpt":{"rendered":"<p><strong>K\u00edch th\u01b0\u1edbc:<\/strong>\u00a045cm &amp; 50cm<br \/>\n<strong>Ch\u1ea5t li\u1ec7u:<\/strong>\u00a0H\u1ea1t Acrylic, D\u00e2y l\u00e0m b\u1eb1ng th\u00e9p kh\u00f4ng g\u1ec9, Nylon, Ch\u1ed1t g\u00e0i l\u00e0m b\u1eb1ng nh\u00f4m, Urethane, Acrylic<br \/>\n<strong>C\u00f4ng ngh\u1ec7:<\/strong>\u00a0Metax<br \/>\n<strong>M\u00e0u s\u1eafc<\/strong>: \u0110en, \u0110\u1ecf, Gold<br \/>\n<strong>Quy c\u00e1ch \u0111\u00f3ng g\u00f3i:<\/strong>\u00a01 c\u00e1i\/ h\u1ed9p<br \/>\n<strong>Xu\u1ea5t x\u1ee9:<\/strong>\u00a0\u00a0Nh\u1eadt B\u1ea3n<br \/>\n<strong>B\u1ea3o h\u00e0nh:\u00a0<\/strong>6 th\u00e1ng<br \/>\n<strong>N\u01a1i b\u1ea3o h\u00e0nh:<\/strong>\u00a0Trung t\u00e2m b\u1ea3o h\u00e0nh Phiten Nh\u1eadt B\u1ea3n (Kyoto)<\/p>\n","protected":false},"featured_media":2422,"comment_status":"open","ping_status":"closed","template":"","meta":[],"product_brand":[],"product_cat":[590,586],"product_tag":[],"class_list":{"0":"post-3216","1":"product","2":"type-product","3":"status-publish","4":"has-post-thumbnail","6":"product_cat-vong-co-extreme-en","7":"product_cat-vong-co-en","9":"first","10":"instock","11":"shipping-taxable","12":"purchasable","13":"product-type-variable","14":"wvs-archive-product-wrapper"},"_links":{"self":[{"href":"https:\/\/phitenvn.com\/en\/wp-json\/wp\/v2\/product\/3216","targetHints":{"allow":["GET"]}}],"collection":[{"href":"https:\/\/phitenvn.com\/en\/wp-json\/wp\/v2\/product"}],"about":[{"href":"https:\/\/phitenvn.com\/en\/wp-json\/wp\/v2\/types\/product"}],"replies":[{"embeddable":true,"href":"https:\/\/phitenvn.com\/en\/wp-json\/wp\/v2\/comments?post=3216"}],"wp:featuredmedia":[{"embeddable":true,"href":"https:\/\/phitenvn.com\/en\/wp-json\/wp\/v2\/media\/2422"}],"wp:attachment":[{"href":"https:\/\/phitenvn.com\/en\/wp-json\/wp\/v2\/media?parent=3216"}],"wp:term":[{"taxonomy":"product_brand","embeddable":true,"href":"https:\/\/phitenvn.com\/en\/wp-json\/wp\/v2\/product_brand?post=3216"},{"taxonomy":"product_cat","embeddable":true,"href":"https:\/\/phitenvn.com\/en\/wp-json\/wp\/v2\/product_cat?post=3216"},{"taxonomy":"product_tag","embeddable":true,"href":"https:\/\/phitenvn.com\/en\/wp-json\/wp\/v2\/product_tag?post=3216"}],"curies":[{"name":"wp","href":"https:\/\/api.w.org\/{rel}","templated":true}]}}