{"id":3210,"date":"2025-05-28T09:12:40","date_gmt":"2025-05-28T09:12:40","guid":{"rendered":"https:\/\/phitenvn.com\/vong-co-rakuwa-extreme-cross\/"},"modified":"2025-05-28T09:12:40","modified_gmt":"2025-05-28T09:12:40","slug":"vong-co-rakuwa-extreme-cross","status":"publish","type":"product","link":"https:\/\/phitenvn.com\/en\/vong-co-rakuwa-extreme-cross\/","title":{"rendered":"V\u00f2ng C\u1ed5 Rakuwa Extreme Cross"},"content":{"rendered":"<h2><strong>V\u00f2ng C\u1ed5 Rakuwa Extreme Cross<\/strong><\/h2>\n<p>V\u00f2ng c\u1ed5 Rakuwa Extreme Cross Phiten v\u1edbi b\u1ea3n logo \u0111\u01b0\u1ee3c thi\u1ebft k\u1ebf s\u1eafc n\u00e9t va mang phong c\u00e1ch th\u1ec3 thao! C\u1ea3i thi\u1ec7n c\u00e2n b\u1eb1ng c\u01a1 th\u1ec3 v\u00e0 t\u0103ng c\u01b0\u1eddng hi\u1ec7u su\u1ea5t.<\/p>\n<p><strong>C\u00f4ng d\u1ee5ng:<\/strong><br \/>\n&#8211; Gi\u00fap gi\u1ea3m b\u1edbt c\u0103ng th\u1eb3ng li\u00ean t\u1ee5c.<br \/>\n&#8211; Gi\u00fap c\u1ea3i thi\u1ec7n l\u01b0u th\u00f4ng m\u00e1u.<br \/>\n&#8211; T\u0103ng c\u01b0\u1eddng s\u1ee9c m\u1ea1nh v\u00e0 s\u1ef1 linh ho\u1ea1t c\u01a1 b\u1eafp<br \/>\n&#8211; Gi\u00fap gi\u1ea3m \u0111au ho\u1eb7c \u0111au nh\u1ee9c<br \/>\n&#8211; Tuy\u1ec7t v\u1eddi cho th\u1ec3 thao ho\u1eb7c c\u00e1c ho\u1ea1t \u0111\u1ed9ng h\u00e0ng ng\u00e0y<\/p>\n<p><strong>\u00a0\u0110\u1ed1i t\u01b0\u1ee3ng s\u1eed d\u1ee5ng:\u00a0<\/strong><br \/>\n&#8211; Ph\u00f9 h\u1ee3p cho m\u1ecdi l\u1ee9a tu\u1ed5i<br \/>\n&#8211; Ng\u01b0\u1eddi cao huy\u1ebft \u00e1p, huy\u1ebft \u00e1p kh\u00f4ng \u1ed5n \u0111\u1ecbnh<br \/>\n&#8211; Ng\u01b0\u1eddi m\u1eafc c\u00e1c ch\u1ee9ng \u0111au c\u1ed5 vai g\u00e1y<br \/>\n&#8211; Ng\u01b0\u1eddi m\u1ea5t ng\u1ee7, kh\u00f3 ng\u1ee7 hay gi\u1ea5c ng\u1ee7 kh\u00f4ng s\u00e2u<br \/>\n&#8211; Ng\u01b0\u1eddi ch\u01a1i th\u1ec3 thao, v\u1eadn \u0111\u1ed9ng vi\u00ean th\u1ec3 thao.<\/p>\n<p>M\u00e3 s\u1ea3n ph\u1ea9m: TG782153\/ TG782152\/ TG782053\/ TG782052<\/p>\n","protected":false},"excerpt":{"rendered":"<p><strong>C\u00f4ng ngh\u1ec7:<\/strong>\u00a0C\u00f4ng ngh\u1ec7 Metax<br \/>\n<strong>Ch\u1ea5t li\u1ec7u:\u00a0<\/strong>Th\u00e2n (Silicone), B\u1ea3n d\u00e2y chuy\u1ec1n (Polycabonate).<br \/>\n<strong>K\u00edch th\u01b0\u1edbc\u00a0<\/strong>43cm v\u00e0 50cm<br \/>\nS\u1ea3n xu\u1ea5t t\u1ea1i Phililipines<br \/>\n<strong>B\u1ea3o h\u00e0nh:\u00a0<\/strong>C\u00f3 t\u00ednh ph\u00ed (g\u1ed3m ph\u00ed s\u1eeda ch\u1eefa + ph\u00ed shipping)<br \/>\n<strong>N\u01a1i b\u1ea3o h\u00e0nh:\u00a0<\/strong>Trung t\u00e2m b\u1ea3o h\u00e0nh Phiten Nh\u1eadt B\u1ea3n (Kyoto)<\/p>\n","protected":false},"featured_media":2419,"comment_status":"open","ping_status":"closed","template":"","meta":[],"product_brand":[],"product_cat":[590,586],"product_tag":[],"class_list":{"0":"post-3210","1":"product","2":"type-product","3":"status-publish","4":"has-post-thumbnail","6":"product_cat-vong-co-extreme-en","7":"product_cat-vong-co-en","9":"first","10":"instock","11":"shipping-taxable","12":"purchasable","13":"product-type-variable","14":"wvs-archive-product-wrapper"},"_links":{"self":[{"href":"https:\/\/phitenvn.com\/en\/wp-json\/wp\/v2\/product\/3210","targetHints":{"allow":["GET"]}}],"collection":[{"href":"https:\/\/phitenvn.com\/en\/wp-json\/wp\/v2\/product"}],"about":[{"href":"https:\/\/phitenvn.com\/en\/wp-json\/wp\/v2\/types\/product"}],"replies":[{"embeddable":true,"href":"https:\/\/phitenvn.com\/en\/wp-json\/wp\/v2\/comments?post=3210"}],"wp:featuredmedia":[{"embeddable":true,"href":"https:\/\/phitenvn.com\/en\/wp-json\/wp\/v2\/media\/2419"}],"wp:attachment":[{"href":"https:\/\/phitenvn.com\/en\/wp-json\/wp\/v2\/media?parent=3210"}],"wp:term":[{"taxonomy":"product_brand","embeddable":true,"href":"https:\/\/phitenvn.com\/en\/wp-json\/wp\/v2\/product_brand?post=3210"},{"taxonomy":"product_cat","embeddable":true,"href":"https:\/\/phitenvn.com\/en\/wp-json\/wp\/v2\/product_cat?post=3210"},{"taxonomy":"product_tag","embeddable":true,"href":"https:\/\/phitenvn.com\/en\/wp-json\/wp\/v2\/product_tag?post=3210"}],"curies":[{"name":"wp","href":"https:\/\/api.w.org\/{rel}","templated":true}]}}