{"id":3206,"date":"2025-05-28T09:17:57","date_gmt":"2025-05-28T09:17:57","guid":{"rendered":"https:\/\/phitenvn.com\/vong-co-rakuwa-s-ii-mg\/"},"modified":"2025-07-23T08:33:08","modified_gmt":"2025-07-23T08:33:08","slug":"vong-co-rakuwa-s-ii-mg","status":"publish","type":"product","link":"https:\/\/phitenvn.com\/en\/vong-co-rakuwa-s-ii-mg\/","title":{"rendered":"V\u00f2ng C\u1ed5 Rakuwa S-II MG"},"content":{"rendered":"<h2><strong>V\u00f2ng C\u1ed5 Rakuwa S-II MG Phiten<\/strong><\/h2>\n<p>V\u00f2ng c\u1ed5 Phiten Rakuwa S-II MG mang phong c\u00e1ch th\u1ec3 thao m\u1ea1nh m\u1ebd, k\u1ebf th\u1eeba v\u1ebb \u0111\u1eb9p tinh t\u1ebf t\u1eeb d\u00f2ng s\u1ea3n ph\u1ea9m Rakuwa X100 Chopper n\u1ed5i ti\u1ebfng c\u1ee7a Phiten.<br \/>\nV\u1edbi ch\u1ea5t li\u1ec7u b\u1ec1n b\u1ec9, \u0111\u00e2y l\u00e0 s\u1ef1 l\u1ef1a ch\u1ecdn l\u00fd t\u01b0\u1edfng cho nh\u1eefng ng\u01b0\u1eddi y\u00eau th\u00edch th\u1ec3 thao v\u00e0 c\u00e1c ho\u1ea1t \u0111\u1ed9ng v\u1eadn \u0111\u1ed9ng.<br \/>\nS\u1ea3n ph\u1ea9m \u0111\u01b0\u1ee3c \u00e1p d\u1ee5ng c\u00f4ng ngh\u1ec7 AQUA TITANIUM v\u00e0 4 nam ch\u00e2m v\u1edbi c\u01b0\u1eddng \u0111\u1ed9 c\u1ea3m \u1ee9ng t\u1eeb l\u00ean \u0111\u1ebfn 130 millitesla, mang \u0111\u1ebfn hi\u1ec7u qu\u1ea3 tuy\u1ec7t v\u1eddi cho s\u1ee9c kh\u1ecfe.<br \/>\nV\u1edbi thi\u1ebft k\u1ebf m\u00e0u s\u1eafc n\u1ed5i b\u1eadt, v\u00f2ng c\u1ed5 S-II MG s\u1ebd thu h\u00fat m\u1ecdi \u00e1nh nh\u00ecn v\u00e0 t\u1ea1o n\u00ean s\u1ef1 kh\u00e1c bi\u1ec7t trong phong c\u00e1ch c\u1ee7a b\u1ea1n.<\/p>\n<p><strong>G\u1ee3i \u00fd s\u1eed d\u1ee5ng:\u00a0<\/strong><br \/>\n&#8211; Gi\u00fap gi\u1ea3m b\u1edbt c\u0103ng th\u1eb3ng li\u00ean t\u1ee5c<br \/>\n&#8211; Gi\u00fap c\u1ea3i thi\u1ec7n c\u00e2n b\u1eb1ng c\u01a1 th\u1ec3<br \/>\n&#8211; T\u0103ng c\u01b0\u1eddng s\u1ee9c m\u1ea1nh v\u00e0 t\u00ednh linh ho\u1ea1t<br \/>\n&#8211; Gi\u00fap th\u01b0 gi\u00e3n t\u1ee9c th\u00ec v\u00e0 h\u1ed7 tr\u1ee3 gi\u1ea5c ng\u1ee7 s\u00e2u<br \/>\n&#8211; H\u1ed7 tr\u1ee3 gi\u1ea3m c\u1ee9ng c\u01a1 v\u00ec \u0111au vai g\u00e1y c\u1ed5<br \/>\n&#8211; H\u1ed7 tr\u1ee3 tuy\u1ec7t v\u1eddi trong th\u1ec3 thao ho\u1eb7c c\u00e1c ho\u1ea1t \u0111\u1ed9ng h\u00e0ng ng\u00e0y.<\/p>\n<p><strong>\u00a0\u0110\u1ed1i t\u01b0\u1ee3ng s\u1eed d\u1ee5ng:<\/strong><br \/>\n&#8211; Ph\u00f9 h\u1ee3p cho m\u1ecdi l\u1ee9a tu\u1ed5i<br \/>\n&#8211; Ng\u01b0\u1eddi c\u00f3 huy\u1ebft \u00e1p kh\u00f4ng \u1ed5n \u0111\u1ecbnh<br \/>\n&#8211; Ng\u01b0\u1eddi m\u1eafc c\u00e1c ch\u1ee9ng \u0111au vai g\u00e1y c\u1ed5<br \/>\n&#8211; Ng\u01b0\u1eddi m\u1ea5t ng\u1ee7, kh\u00f3 ng\u1ee7 hay gi\u1ea5c ng\u1ee7 kh\u00f4ng s\u00e2u<br \/>\n&#8211; Ng\u01b0\u1eddi ch\u01a1i th\u1ec3 thao, v\u1eadn \u0111\u1ed9ng vi\u00ean th\u1ec3 thao.<\/p>\n<p>M\u00e3 s\u1ea3n ph\u1ea9m: TG677252\/ TG677154\/ TG677152\/ TG677054\/ TG677052<\/p>\n","protected":false},"excerpt":{"rendered":"<p><strong>Ch\u1ea5t li\u1ec7u:<\/strong>\u00a0Silicone, Polycarbonate<br \/>\n<strong>C\u00f4ng ngh\u1ec7:<\/strong>\u00a0AQUA TITANIUM<br \/>\n<strong>K\u00edch th\u01b0\u1edbc:<\/strong>\u00a045cm, 55cm<br \/>\n<strong>M\u00e0u s\u1eafc:\u00a0<\/strong>\u0111en, tr\u1eafng, h\u1ed3ng<br \/>\n<strong>S\u1ea3n xu\u1ea5t:<\/strong>\u00a0t\u1ea1i Nh\u1eadt B\u1ea3n<br \/>\n<strong>Quy c\u00e1ch \u0111\u00f3ng g\u00f3i:<\/strong>\u00a01 c\u00e1i\/ h\u1ed9p<br \/>\n<strong>S\u1ea3n ph\u1ea9m \u0111\u01b0\u1ee3c ph\u00e2n lo\u1ea1i l\u00e0 thi\u1ebft b\u1ecb y t\u1ebf t\u1ea1i Nh\u1eadt B\u1ea3n.<br \/>\nB\u1ea3o h\u00e0nh:\u00a0<\/strong>1 \u0111\u1ed5i 1 trong th\u1eddi h\u1ea1n 6 th\u00e1ng k\u1ec3 t\u1eeb khi mua h\u00e0ng (nh\u1eadn s\u1ea3n ph\u1ea9m m\u1edbi khi l\u1ed7i t\u1eeb nh\u00e0 s\u1ea3n xu\u1ea5t)<br \/>\n<strong>N\u01a1i b\u1ea3o h\u00e0nh:\u00a0<\/strong>Phiten Vietnam<\/p>\n","protected":false},"featured_media":2672,"comment_status":"open","ping_status":"closed","template":"","meta":[],"product_brand":[],"product_cat":[58,608],"product_tag":[],"class_list":{"0":"post-3206","1":"product","2":"type-product","3":"status-publish","4":"has-post-thumbnail","6":"product_cat-vong-co","7":"product_cat-vong-co-rakuwa-mg-2","9":"first","10":"instock","11":"shipping-taxable","12":"purchasable","13":"product-type-variable","14":"wvs-archive-product-wrapper"},"_links":{"self":[{"href":"https:\/\/phitenvn.com\/en\/wp-json\/wp\/v2\/product\/3206","targetHints":{"allow":["GET"]}}],"collection":[{"href":"https:\/\/phitenvn.com\/en\/wp-json\/wp\/v2\/product"}],"about":[{"href":"https:\/\/phitenvn.com\/en\/wp-json\/wp\/v2\/types\/product"}],"replies":[{"embeddable":true,"href":"https:\/\/phitenvn.com\/en\/wp-json\/wp\/v2\/comments?post=3206"}],"wp:featuredmedia":[{"embeddable":true,"href":"https:\/\/phitenvn.com\/en\/wp-json\/wp\/v2\/media\/2672"}],"wp:attachment":[{"href":"https:\/\/phitenvn.com\/en\/wp-json\/wp\/v2\/media?parent=3206"}],"wp:term":[{"taxonomy":"product_brand","embeddable":true,"href":"https:\/\/phitenvn.com\/en\/wp-json\/wp\/v2\/product_brand?post=3206"},{"taxonomy":"product_cat","embeddable":true,"href":"https:\/\/phitenvn.com\/en\/wp-json\/wp\/v2\/product_cat?post=3206"},{"taxonomy":"product_tag","embeddable":true,"href":"https:\/\/phitenvn.com\/en\/wp-json\/wp\/v2\/product_tag?post=3206"}],"curies":[{"name":"wp","href":"https:\/\/api.w.org\/{rel}","templated":true}]}}