{"id":3205,"date":"2025-05-28T09:23:11","date_gmt":"2025-05-28T09:23:11","guid":{"rendered":"https:\/\/phitenvn.com\/vong-co-rakuwa-mg-chopper-square\/"},"modified":"2025-07-23T08:28:52","modified_gmt":"2025-07-23T08:28:52","slug":"vong-co-rakuwa-mg-chopper-square","status":"publish","type":"product","link":"https:\/\/phitenvn.com\/en\/vong-co-rakuwa-mg-chopper-square\/","title":{"rendered":"V\u00f2ng C\u1ed5 Rakuwa MG Chopper Square"},"content":{"rendered":"<h3><strong>V\u00f2ng C\u1ed5 Rakuwa MG Chopper Square Phiten<\/strong><\/h3>\n<p>V\u00f2ng c\u1ed5 Phiten Rakuwa Necklace MG Chopper Square \u0111\u01b0\u1ee3c thi\u1ebft k\u1ebf \u0111\u1ec3 \u00f4m v\u1eeba v\u1eb7n c\u1ed5 v\u00e0 vai, gi\u00fap c\u00e2n b\u1eb1ng c\u01a1 th\u1ec3 nh\u1edd t\u1eeb t\u00ednh trong s\u1ee3i v\u1ea3i.<br \/>\nV\u1edbi thi\u1ebft k\u1ebf tinh t\u1ebf, v\u00f2ng c\u1ed5 n\u00e0y c\u00f3 m\u00f3c kh\u00f3a pha tr\u1ed9n h\u00e0i h\u00f2a gi\u1eefa kh\u1ed1i vu\u00f4ng v\u00e0 h\u00ecnh tr\u1ee5, d\u1ec5 d\u00e0ng s\u1eed d\u1ee5ng trong c\u00e1c ho\u1ea1t \u0111\u1ed9ng th\u1ec3 thao ho\u1eb7c khi \u0111i l\u00e0m.<\/p>\n<p><strong>C\u00f4ng d\u1ee5ng:<\/strong><br \/>\n&#8211; C\u00e2n b\u1eb1ng c\u01a1 th\u1ec3 gi\u00fap b\u1ea1n c\u00f3 gi\u1ea5c ng\u1ee7 s\u00e2u v\u00e0 ngon h\u01a1n<br \/>\n&#8211; Th\u01b0 gi\u00e3n c\u1ed5 vai g\u00e1y, th\u01b0 gi\u00e3n c\u01a1 b\u1eafp<br \/>\n&#8211; H\u1ed7 tr\u1ee3 khi ch\u01a1i th\u1ec3 thao ho\u1eb7c c\u00e1c ho\u1ea1t \u0111\u1ed9ng h\u00e0ng ng\u00e0y<br \/>\n&#8211; Nh\u1edd t\u00e1c \u0111\u1ed9ng t\u1eeb t\u00ednh gi\u00fap \u0111i\u1ec1u h\u00f2a huy\u1ebft \u00e1p v\u00e0 ph\u00f2ng ng\u1eeba \u0111\u1ed9t qu\u1ef5<br \/>\n&#8211; Gi\u1ea3m c\u0103ng th\u1eb3ng, m\u1ec7t m\u1ecfi<\/p>\n<p><strong>\u0110\u1ed1i t\u01b0\u1ee3ng s\u1eed d\u1ee5ng:\u00a0<\/strong><br \/>\n&#8211; Ph\u00f9 h\u1ee3p v\u1edbi m\u1ecdi l\u1ee9a tu\u1ed5i, \u0111\u1eb7c bi\u1ec7t l\u00e0 nh\u1eefng ng\u01b0\u1eddi c\u00f3 nhu c\u1ea7u c\u1ea3i thi\u1ec7n s\u1ee9c kh\u1ecfe<br \/>\n&#8211; Ng\u01b0\u1eddi c\u00f3 huy\u1ebft \u00e1p kh\u00f4ng \u1ed5n \u0111\u1ecbnh<br \/>\n&#8211; Ng\u01b0\u1eddi m\u1eafc c\u00e1c ch\u1ee9ng \u0111au c\u1ed5 vai g\u00e1y<br \/>\n&#8211; Ng\u01b0\u1eddi m\u1ea5t ng\u1ee7, kh\u00f3 ng\u1ee7, ho\u1eb7c gi\u1ea5c ng\u1ee7 kh\u00f4ng s\u00e2u<br \/>\n&#8211; Ng\u01b0\u1eddi b\u1ecb \u0111au m\u1ecfi do l\u00e0m vi\u1ec7c v\u0103n ph\u00f2ng, ng\u1ed3i l\u00e2u ho\u1eb7c \u00edt v\u1eadn \u0111\u1ed9ng<br \/>\n&#8211; Ng\u01b0\u1eddi ch\u01a1i th\u1ec3 thao, v\u1eadn \u0111\u1ed9ng vi\u00ean th\u1ec3 thao<\/p>\n","protected":false},"excerpt":{"rendered":"<p><strong>\u0110\u1eb7c \u0111i\u1ec3m:<\/strong><br \/>\n&#8211; M\u00f3c c\u00e0i \u0111\u01b0\u1ee3c thi\u1ebft k\u1ebf v\u1edbi s\u1ef1 k\u1ebft h\u1ee3p gi\u1eefa h\u00ecnh tr\u1ee5 v\u00e0 h\u00ecnh vu\u00f4ng, t\u1ea1o s\u1ef1 ch\u1eafc ch\u1eafn v\u00e0 tinh t\u1ebf<br \/>\n&#8211; Kh\u00f3a nam ch\u00e2m d\u1ec5 d\u00e0ng th\u00e1o m\u1edf, ti\u1ec7n l\u1ee3i cho ng\u01b0\u1eddi s\u1eed d\u1ee5ng<br \/>\n&#8211; M\u1eadt \u0111\u1ed9 t\u1eeb tr\u01b0\u1eddng: 50 millitesla, h\u1ed7 tr\u1ee3 c\u1ea3i thi\u1ec7n l\u01b0u th\u00f4ng m\u00e1u hi\u1ec7u qu\u1ea3<br \/>\n&#8211; L\u00f5i nam ch\u00e2m qu\u1ea5n quanh c\u1ed5 v\u00e0 vai, gi\u00fap th\u01b0 gi\u00e3n v\u00e0 t\u0103ng c\u01b0\u1eddng tu\u1ea7n ho\u00e0n m\u00e1u<\/p>\n<p><strong>K\u00edch th\u01b0\u1edbc:<\/strong>\u00a040cm &amp; 50cm<br \/>\n<strong>Ch\u1ea5t li\u1ec7u:\u00a0<\/strong>Th\u00e9p kh\u00f4ng g\u1ec9, Polyester, Magnet, Clasp, Urethane<br \/>\n<strong>C\u00f4ng ngh\u1ec7:<\/strong>\u00a0Metax<br \/>\n<strong>S\u1ea3n xu\u1ea5t t\u1ea1i:\u00a0<\/strong>Trung Qu\u1ed1c (\u0111\u01b0\u1ee3c g\u1eedi l\u1ea1i Phiten Japan \u0111\u1ec3 x\u1eed l\u00fd c\u00f4ng ngh\u1ec7 c\u1ee7a h\u00e3ng, \u0111\u1ea3m b\u1ea3o ch\u1ea5t l\u01b0\u1ee3ng cao nh\u1ea5t)<br \/>\n<strong>Quy c\u00e1ch \u0111\u00f3ng g\u00f3i:<\/strong>\u00a01 c\u00e1i\/ h\u1ed9p<br \/>\n<strong>B\u1ea3o h\u00e0nh:\u00a0<\/strong>C\u00f3 t\u00ednh ph\u00ed (g\u1ed3m ph\u00ed s\u1eeda ch\u1eefa + ph\u00ed shipping)<br \/>\n<strong>N\u01a1i b\u1ea3o h\u00e0nh<\/strong>: Trung t\u00e2m Phiten Nh\u1eadt B\u1ea3n (Kyoto)<\/p>\n","protected":false},"featured_media":2678,"comment_status":"open","ping_status":"closed","template":"","meta":[],"product_brand":[],"product_cat":[586,609],"product_tag":[],"class_list":{"0":"post-3205","1":"product","2":"type-product","3":"status-publish","4":"has-post-thumbnail","6":"product_cat-vong-co-en","7":"product_cat-vong-co-rakuwa-mg-2-en","9":"first","10":"instock","11":"shipping-taxable","12":"purchasable","13":"product-type-variable","14":"wvs-archive-product-wrapper"},"_links":{"self":[{"href":"https:\/\/phitenvn.com\/en\/wp-json\/wp\/v2\/product\/3205","targetHints":{"allow":["GET"]}}],"collection":[{"href":"https:\/\/phitenvn.com\/en\/wp-json\/wp\/v2\/product"}],"about":[{"href":"https:\/\/phitenvn.com\/en\/wp-json\/wp\/v2\/types\/product"}],"replies":[{"embeddable":true,"href":"https:\/\/phitenvn.com\/en\/wp-json\/wp\/v2\/comments?post=3205"}],"wp:featuredmedia":[{"embeddable":true,"href":"https:\/\/phitenvn.com\/en\/wp-json\/wp\/v2\/media\/2678"}],"wp:attachment":[{"href":"https:\/\/phitenvn.com\/en\/wp-json\/wp\/v2\/media?parent=3205"}],"wp:term":[{"taxonomy":"product_brand","embeddable":true,"href":"https:\/\/phitenvn.com\/en\/wp-json\/wp\/v2\/product_brand?post=3205"},{"taxonomy":"product_cat","embeddable":true,"href":"https:\/\/phitenvn.com\/en\/wp-json\/wp\/v2\/product_cat?post=3205"},{"taxonomy":"product_tag","embeddable":true,"href":"https:\/\/phitenvn.com\/en\/wp-json\/wp\/v2\/product_tag?post=3205"}],"curies":[{"name":"wp","href":"https:\/\/api.w.org\/{rel}","templated":true}]}}