{"id":3204,"date":"2025-05-28T09:29:23","date_gmt":"2025-05-28T09:29:23","guid":{"rendered":"https:\/\/phitenvn.com\/vong-co-rakuwa-bullet\/"},"modified":"2025-07-23T08:35:28","modified_gmt":"2025-07-23T08:35:28","slug":"vong-co-rakuwa-bullet","status":"publish","type":"product","link":"https:\/\/phitenvn.com\/en\/vong-co-rakuwa-bullet\/","title":{"rendered":"V\u00f2ng C\u1ed5 Rakuwa Bullet"},"content":{"rendered":"<h3><strong>V\u00f2ng C\u1ed5 Rakuwa Bullet Phiten<\/strong><\/h3>\n<p>V\u00f2ng c\u1ed5 Titanium MG Bullet m\u1edbi c\u1ee7a Phiten, s\u1eed d\u1ee5ng c\u00f4ng ngh\u1ec7 X50 AQUA-TITANIUM v\u1edbi n\u1ed3ng \u0111\u1ed9 Titan cao h\u01a1n, k\u1ebft h\u1ee3p v\u1edbi m\u1ed9t nam ch\u00e2m \u0111\u1ec3 mang l\u1ea1i hi\u1ec7u qu\u1ea3 t\u1ed1i \u01b0u cho s\u1ee9c kh\u1ecfe.<\/p>\n<p>Thi\u1ebft k\u1ebf c\u1ee7a v\u00f2ng c\u1ed5 mang \u0111\u1ebfn v\u1ebb ngo\u00e0i tr\u1ebb trung, m\u1ea1nh m\u1ebd, ho\u00e0n h\u1ea3o cho c\u1ea3 nam v\u00e0 n\u1eef hi\u1ec7n \u0111\u1ea1i.<\/p>\n<p>D\u00e2y \u0111eo \u0111\u01b0\u1ee3c ph\u1ee7 l\u1edbp kim lo\u1ea1i s\u00e1ng b\u00f3ng, kh\u00f4ng ch\u1ec9 b\u1ec1n b\u1ec9 m\u00e0 c\u00f2n to\u00e1t l\u00ean v\u1ebb sang tr\u1ecdng, gi\u00fap b\u1ea1n t\u1ef1 tin v\u00e0 n\u1ed5i b\u1eadt trong m\u1ecdi ho\u00e0n c\u1ea3nh.<\/p>\n<p>M\u00e3 s\u1ea3n ph\u1ea9m: TG805053\/ TG805153\/ TG738153\/ TG738053\/<\/p>\n","protected":false},"excerpt":{"rendered":"<p><strong>Ch\u1ea5t li\u1ec7u:\u00a0<\/strong>B\u00ean ngo\u00e0i &#8211; Polyester, Polyester Lame; B\u00ean trong &#8211; Nam ch\u00e2m. M\u00f3c kh\u00f3a &#8211; Kh\u00f4ng g\u1ec9 \/ Urethane. V\u00f2ng d\u00e2y &#8211; Silicone<br \/>\n<strong>C\u00f4ng ngh\u1ec7:\u00a0AQUA-TITANIUM\u00ae<\/strong>\u00a0(X50) v\u00e0\u00a0<strong>MICRO-TITaniUM SPHERES\u00ae<\/strong><br \/>\n<strong>S\u1ea3n xu\u1ea5t<\/strong>\u00a0t\u1ea1i Nh\u1eadt B\u1ea3n<br \/>\n<strong>B\u1ea3o h\u00e0nh:\u00a0<\/strong>6 th\u00e1ng<br \/>\nSau 6 th\u00e1ng b\u1ea3o h\u00e0nh s\u1ebd c\u00f3 t\u00ednh ph\u00ed (g\u1ed3m ph\u00ed s\u1eeda ch\u1eefa + ph\u00ed shipping)<br \/>\n<strong>N\u01a1i b\u1ea3o h\u00e0nh:\u00a0<\/strong>Phiten Vietnam<\/p>\n","protected":false},"featured_media":2666,"comment_status":"open","ping_status":"closed","template":"","meta":[],"product_brand":[],"product_cat":[586,609,611],"product_tag":[],"class_list":{"0":"post-3204","1":"product","2":"type-product","3":"status-publish","4":"has-post-thumbnail","6":"product_cat-vong-co-en","7":"product_cat-vong-co-rakuwa-mg-2-en","8":"product_cat-vong-co-rakuwa-x50-en-2","10":"first","11":"instock","12":"shipping-taxable","13":"purchasable","14":"product-type-variable","15":"wvs-archive-product-wrapper"},"_links":{"self":[{"href":"https:\/\/phitenvn.com\/en\/wp-json\/wp\/v2\/product\/3204","targetHints":{"allow":["GET"]}}],"collection":[{"href":"https:\/\/phitenvn.com\/en\/wp-json\/wp\/v2\/product"}],"about":[{"href":"https:\/\/phitenvn.com\/en\/wp-json\/wp\/v2\/types\/product"}],"replies":[{"embeddable":true,"href":"https:\/\/phitenvn.com\/en\/wp-json\/wp\/v2\/comments?post=3204"}],"wp:featuredmedia":[{"embeddable":true,"href":"https:\/\/phitenvn.com\/en\/wp-json\/wp\/v2\/media\/2666"}],"wp:attachment":[{"href":"https:\/\/phitenvn.com\/en\/wp-json\/wp\/v2\/media?parent=3204"}],"wp:term":[{"taxonomy":"product_brand","embeddable":true,"href":"https:\/\/phitenvn.com\/en\/wp-json\/wp\/v2\/product_brand?post=3204"},{"taxonomy":"product_cat","embeddable":true,"href":"https:\/\/phitenvn.com\/en\/wp-json\/wp\/v2\/product_cat?post=3204"},{"taxonomy":"product_tag","embeddable":true,"href":"https:\/\/phitenvn.com\/en\/wp-json\/wp\/v2\/product_tag?post=3204"}],"curies":[{"name":"wp","href":"https:\/\/api.w.org\/{rel}","templated":true}]}}