{"id":3203,"date":"2025-05-28T09:32:42","date_gmt":"2025-05-28T09:32:42","guid":{"rendered":"https:\/\/phitenvn.com\/vong-co-rakuwa-mg\/"},"modified":"2025-07-23T07:51:35","modified_gmt":"2025-07-23T07:51:35","slug":"vong-co-rakuwa-mg","status":"publish","type":"product","link":"https:\/\/phitenvn.com\/en\/vong-co-rakuwa-mg\/","title":{"rendered":"V\u00f2ng C\u1ed5 Rakuwa MG"},"content":{"rendered":"<h3><strong>V\u00f2ng C\u1ed5 Rakuwa MG Phiten<\/strong><\/h3>\n<p>V\u00f2ng c\u1ed5 Rakuwa MG kh\u00f4ng ch\u1ec9 l\u00e0 chi\u1ebfc v\u00f2ng c\u1ed5 th\u1eddi trang m\u00e0 c\u00f2n \u0111\u01b0\u1ee3c \u0111\u0103ng k\u00ed l\u00e0 m\u1ed9t thi\u1ebft b\u1ecb y t\u1ebf t\u1ea1i Nh\u1eadt B\u1ea3n (S\u1ed1 \u0111\u0103ng k\u00ed thi\u1ebft b\u1ecb: 224AGBZX00119000)<\/p>\n<p><strong>C\u00f4ng d\u1ee5ng:<\/strong><br \/>\n&#8211; Gi\u1ea3m c\u0103ng th\u1eb3ng: Gi\u00fap gi\u1ea3m b\u1edbt c\u0103ng th\u1eb3ng li\u00ean t\u1ee5c, mang l\u1ea1i c\u1ea3m gi\u00e1c th\u01b0 gi\u00e3n v\u00e0 tho\u1ea3i m\u00e1i.<br \/>\n&#8211; C\u00e2n b\u1eb1ng c\u01a1 th\u1ec3: H\u1ed7 tr\u1ee3 c\u1ea3i thi\u1ec7n, t\u0103ng c\u01b0\u1eddng tu\u1ea7n ho\u00e0n kh\u00ed huy\u1ebft \u0111\u1ebfn c\u00e1c c\u01a1 quan v\u00e0 m\u00f4 trong c\u01a1 th\u1ec3.<br \/>\n&#8211; T\u0103ng c\u01b0\u1eddng s\u1ee9c m\u1ea1nh v\u00e0 linh ho\u1ea1t c\u01a1 b\u1eafp: Gi\u00fap t\u0103ng c\u01b0\u1eddng s\u1ee9c m\u1ea1nh v\u00e0 s\u1ef1 linh ho\u1ea1t c\u1ee7a c\u01a1 b\u1eafp, h\u1ed7 tr\u1ee3 v\u1eadn \u0111\u1ed9ng hi\u1ec7u qu\u1ea3 h\u01a1n.<br \/>\n&#8211; Th\u01b0 gi\u00e3n c\u01a1 b\u1eafp: C\u00f3 th\u1ec3 gi\u00fap th\u01b0 gi\u00e3n ho\u1eb7c \u0111au nh\u1ee9c, \u0111\u1eb7c bi\u1ec7t l\u00e0 \u1edf v\u00f9ng c\u1ed5, vai v\u00e0 g\u00e1y.<br \/>\n&#8211; H\u1ed7 tr\u1ee3 ho\u1ea1t \u0111\u1ed9ng th\u1ec3 thao: Tuy\u1ec7t v\u1eddi cho c\u00e1c ho\u1ea1t \u0111\u1ed9ng th\u1ec3 thao ho\u1eb7c c\u00e1c ho\u1ea1t \u0111\u1ed9ng h\u00e0ng ng\u00e0y, gi\u00fap t\u0103ng c\u01b0\u1eddng hi\u1ec7u su\u1ea5t v\u00e0 gi\u1ea3m nguy c\u01a1 ch\u1ea5n th\u01b0\u01a1ng.<\/p>\n<p><strong>\u0110\u1ed1i t\u01b0\u1ee3ng s\u1eed d\u1ee5ng:<\/strong><br \/>\n&#8211; M\u1ecdi l\u1ee9a tu\u1ed5i: Ph\u00f9 h\u1ee3p cho m\u1ecdi l\u1ee9a tu\u1ed5i, t\u1eeb tr\u1ebb em \u0111\u1ebfn ng\u01b0\u1eddi l\u1edbn.<br \/>\n&#8211; Ng\u01b0\u1eddi cao huy\u1ebft \u00e1p, huy\u1ebft \u00e1p kh\u00f4ng \u1ed5n \u0111\u1ecbnh: C\u00f3 th\u1ec3 h\u1ed7 tr\u1ee3 \u1ed5n \u0111\u1ecbnh huy\u1ebft \u00e1p, gi\u00fap c\u1ea3i thi\u1ec7n s\u1ee9c kh\u1ecfe tim m\u1ea1ch.<br \/>\n&#8211; Ng\u01b0\u1eddi m\u1eafc c\u00e1c ch\u1ee9ng \u0111au c\u1ed5 vai g\u00e1y: Gi\u00fap th\u01b0 gi\u00e3n vai g\u00e1y v\u00e0 c\u1ea3i thi\u1ec7n c\u00e1c tri\u1ec7u ch\u1ee9ng \u0111au c\u1ed5 vai g\u00e1y.<br \/>\n&#8211; Ng\u01b0\u1eddi m\u1ea5t ng\u1ee7, kh\u00f3 ng\u1ee7 hay gi\u1ea5c ng\u1ee7 kh\u00f4ng s\u00e2u: C\u00f3 th\u1ec3 gi\u00fap c\u1ea3i thi\u1ec7n ch\u1ea5t l\u01b0\u1ee3ng gi\u1ea5c ng\u1ee7, mang l\u1ea1i gi\u1ea5c ng\u1ee7 ngon v\u00e0 s\u00e2u gi\u1ea5c h\u01a1n.<br \/>\n&#8211; Ng\u01b0\u1eddi ch\u01a1i th\u1ec3 thao, v\u1eadn \u0111\u1ed9ng vi\u00ean th\u1ec3 thao: H\u1ed7 tr\u1ee3 t\u0103ng c\u01b0\u1eddng hi\u1ec7u su\u1ea5t t\u1eadp luy\u1ec7n v\u00e0 gi\u1ea3m nguy c\u01a1 ch\u1ea5n th\u01b0\u01a1ng.<\/p>\n","protected":false},"excerpt":{"rendered":"<p><strong>Ch\u1ea5t li\u1ec7u:\u00a0<\/strong>L\u00f5i d\u00e2y (nam ch\u00e2m, s\u1eaft t\u1eeb (50 militesla)), Ph\u1ea7n l\u00f5i d\u00e2y ngo\u00e0i (polyester) v\u00e0 Ph\u1ea7n kh\u00f3a (th\u00e9p kh\u00f4ng g\u1ec9, polyacetal)<br \/>\n<strong>C\u00f4ng ngh\u1ec7:\u00a0<\/strong>AQUA TITAN X10, H\u1ea1t tr\u00f2n MICRO TITANIUM<br \/>\n<strong>K\u00edch th\u01b0\u1edbc:\u00a0<\/strong>45cm<br \/>\n<strong>Th\u01b0\u01a1ng hi\u1ec7u:<\/strong>\u00a0Phiten<br \/>\n<strong>S\u1ea3n xu\u1ea5t:\u00a0<\/strong>t\u1ea1i Nh\u1eadt B\u1ea3n<br \/>\n<strong>Quy c\u00e1ch \u0111\u00f3ng g\u00f3i:<\/strong>\u00a01 c\u00e1i\/h\u1ed9p<br \/>\n<strong>S\u1ea3n ph\u1ea9m \u0111\u01b0\u1ee3c ph\u00e2n lo\u1ea1i l\u00e0 thi\u1ebft b\u1ecb y t\u1ebf t\u1ea1i Nh\u1eadt B\u1ea3n<\/strong><br \/>\n<strong>B\u1ea3o h\u00e0nh:\u00a0<\/strong>1 \u0111\u1ed5i 1 trong th\u1eddi h\u1ea1n 6 th\u00e1ng k\u1ec3 t\u1eeb khi mua h\u00e0ng (nh\u1eadn s\u1ea3n ph\u1ea9m m\u1edbi khi l\u1ed7i t\u1eeb nh\u00e0 s\u1ea3n xu\u1ea5t)<br \/>\n<strong>N\u01a1i b\u1ea3o h\u00e0nh:\u00a0<\/strong>Phiten Vietnam<\/p>\n","protected":false},"featured_media":2675,"comment_status":"open","ping_status":"closed","template":"","meta":[],"product_brand":[],"product_cat":[586],"product_tag":[],"class_list":{"0":"post-3203","1":"product","2":"type-product","3":"status-publish","4":"has-post-thumbnail","6":"product_cat-vong-co-en","8":"first","9":"instock","10":"shipping-taxable","11":"purchasable","12":"product-type-variable","13":"wvs-archive-product-wrapper"},"_links":{"self":[{"href":"https:\/\/phitenvn.com\/en\/wp-json\/wp\/v2\/product\/3203","targetHints":{"allow":["GET"]}}],"collection":[{"href":"https:\/\/phitenvn.com\/en\/wp-json\/wp\/v2\/product"}],"about":[{"href":"https:\/\/phitenvn.com\/en\/wp-json\/wp\/v2\/types\/product"}],"replies":[{"embeddable":true,"href":"https:\/\/phitenvn.com\/en\/wp-json\/wp\/v2\/comments?post=3203"}],"wp:featuredmedia":[{"embeddable":true,"href":"https:\/\/phitenvn.com\/en\/wp-json\/wp\/v2\/media\/2675"}],"wp:attachment":[{"href":"https:\/\/phitenvn.com\/en\/wp-json\/wp\/v2\/media?parent=3203"}],"wp:term":[{"taxonomy":"product_brand","embeddable":true,"href":"https:\/\/phitenvn.com\/en\/wp-json\/wp\/v2\/product_brand?post=3203"},{"taxonomy":"product_cat","embeddable":true,"href":"https:\/\/phitenvn.com\/en\/wp-json\/wp\/v2\/product_cat?post=3203"},{"taxonomy":"product_tag","embeddable":true,"href":"https:\/\/phitenvn.com\/en\/wp-json\/wp\/v2\/product_tag?post=3203"}],"curies":[{"name":"wp","href":"https:\/\/api.w.org\/{rel}","templated":true}]}}