{"id":3199,"date":"2025-05-28T10:04:40","date_gmt":"2025-05-28T10:04:40","guid":{"rendered":"https:\/\/phitenvn.com\/vong-co-rakuwa-diamond-cut\/"},"modified":"2025-05-28T10:04:40","modified_gmt":"2025-05-28T10:04:40","slug":"vong-co-rakuwa-diamond-cut","status":"publish","type":"product","link":"https:\/\/phitenvn.com\/en\/vong-co-rakuwa-diamond-cut\/","title":{"rendered":"V\u00f2ng C\u1ed5 Rakuwa Diamond CUT"},"content":{"rendered":"<h3><strong>V\u00f2ng C\u1ed5 Rakuwa Diamond CUT Phiten<\/strong><\/h3>\n<p>V\u00f2ng c\u1ed5 Phiten Rakuwa Necklace Diamond Cut mang v\u1ebb \u0111\u1eb9p tinh t\u1ebf k\u1ebft h\u1ee3p v\u1edbi s\u1ee9c m\u1ea1nh, thi\u1ebft k\u1ebf \u0111\u1ed9c \u0111\u00e1o v\u1edbi m\u1eb7t titanium \u0111\u01b0\u1ee3c c\u1eaft tinh x\u1ea3o v\u00e0 d\u00e2y \u0111eo m\u1ecfng ph\u00f9 h\u1ee3p cho c\u1ea3 nam v\u00e0 n\u1eef.<\/p>\n<p><strong>C\u00f4ng d\u1ee5ng:<\/strong><br \/>\n&#8211; C\u1ea3i thi\u1ec7n c\u00e2n b\u1eb1ng c\u01a1 th\u1ec3 gi\u00fap b\u1ea1n c\u00f3 gi\u1ea5c ng\u1ee7 s\u00e2u v\u00e0 ngon h\u01a1n<br \/>\n&#8211; Th\u01b0 gi\u00e3n v\u00f9ng c\u1ed5 vai g\u00e1y, th\u01b0 gi\u00e3n c\u01a1 b\u1eafp<br \/>\n&#8211; H\u1ed7 tr\u1ee3 khi ch\u01a1i th\u1ec3 thao ho\u1eb7c c\u00e1c ho\u1ea1t \u0111\u1ed9ng h\u00e0ng ng\u00e0y<br \/>\n&#8211; T\u00e1c \u0111\u1ed9ng t\u1eeb t\u00ednh gi\u00fap \u0111i\u1ec1u h\u00f2a huy\u1ebft \u00e1p v\u00e0 ph\u00f2ng ch\u1ed1ng \u0111\u1ed9t qu\u1ef5<br \/>\n&#8211; Gi\u1ea3m c\u0103ng th\u1eb3ng, m\u1ec7t m\u1ecfi<\/p>\n<p><strong>\u0110\u1ed1i t\u01b0\u1ee3ng s\u1eed d\u1ee5ng:\u00a0<\/strong><br \/>\n&#8211; Ph\u00f9 h\u1ee3p v\u1edbi m\u1ecdi l\u1ee9a tu\u1ed5i, \u0111\u1eb7c bi\u1ec7t l\u00e0 nh\u1eefng ng\u01b0\u1eddi c\u00f3 nhu c\u1ea7u c\u1ea3i thi\u1ec7n s\u1ee9c kh\u1ecfe<br \/>\n&#8211; Ng\u01b0\u1eddi c\u00f3 huy\u1ebft \u00e1p kh\u00f4ng \u1ed5n \u0111\u1ecbnh<br \/>\n&#8211; Ng\u01b0\u1eddi m\u1eafc c\u00e1c ch\u1ee9ng \u0111au c\u1ed5 vai g\u00e1y<br \/>\n&#8211; Ng\u01b0\u1eddi m\u1ea5t ng\u1ee7, kh\u00f3 ng\u1ee7, ho\u1eb7c gi\u1ea5c ng\u1ee7 kh\u00f4ng s\u00e2u<br \/>\n&#8211; Ng\u01b0\u1eddi b\u1ecb \u0111au m\u1ecfi do l\u00e0m vi\u1ec7c v\u0103n ph\u00f2ng, ng\u1ed3i l\u00e2u ho\u1eb7c \u00edt v\u1eadn \u0111\u1ed9ng<br \/>\n&#8211; Ng\u01b0\u1eddi ch\u01a1i th\u1ec3 thao, v\u1eadn \u0111\u1ed9ng vi\u00ean th\u1ec3 thao<\/p>\n<p><strong>L\u01b0u \u00fd:<\/strong> Gi\u1eb7t b\u1eb1ng tay v\u1edbi n\u01b0\u1edbc \u1ea5m, tr\u00e1nh ti\u1ebfp x\u00fac v\u1edbi ch\u1ea5t t\u1ea9y r\u1eeda m\u1ea1nh nh\u01b0 b\u1ed9t gi\u1eb7t, n\u01b0\u1edbc gi\u1eb7t (c\u00f3 th\u1ec3 s\u1eed d\u1ee5ng s\u1eefa t\u1eafm thay th\u1ebf).<\/p>\n<p>M\u00e3 s\u1ea3n ph\u1ea9m: TG899253\/ TG899251\/ TG899153\/ TG899151\/ TG899051<\/p>\n","protected":false},"excerpt":{"rendered":"<p><strong>K\u00edch th\u01b0\u1edbc:<\/strong>\u00a040cm &amp; 50cm<br \/>\n<strong>Ch\u1ea5t li\u1ec7u:<\/strong> D\u00e2y: (Fabric) Polyester, Nylon, (Inner Core) Elastomer, M\u1eb7t: Titanium, Aluminum, Polyacetal<br \/>\n<strong>C\u00f4ng ngh\u1ec7:\u00a0<\/strong>Metax<br \/>\n<strong>S\u1ea3n xu\u1ea5t:<\/strong>\u00a0Nh\u1eadt B\u1ea3n<br \/>\n<strong>Quy c\u00e1ch \u0111\u00f3ng g\u00f3i:<\/strong>\u00a01 c\u00e1i\/ h\u1ed9p<br \/>\n<strong>B\u1ea3o h\u00e0nh:\u00a0<\/strong>6 th\u00e1ng<br \/>\nSau 6 th\u00e1ng b\u1ea3o h\u00e0nh s\u1ebd c\u00f3 t\u00ednh ph\u00ed (g\u1ed3m ph\u00ed s\u1eeda ch\u1eefa + ph\u00ed shipping)<br \/>\n<strong>N\u01a1i b\u1ea3o h\u00e0nh:<\/strong> Trung t\u00e2m Phiten Nh\u1eadt B\u1ea3n (Kyoto)<\/p>\n","protected":false},"featured_media":2644,"comment_status":"open","ping_status":"closed","template":"","meta":[],"product_brand":[],"product_cat":[588,586],"product_tag":[],"class_list":{"0":"post-3199","1":"product","2":"type-product","3":"status-publish","4":"has-post-thumbnail","6":"product_cat-vong-co-metax-en","7":"product_cat-vong-co-en","9":"first","10":"instock","11":"shipping-taxable","12":"purchasable","13":"product-type-variable","14":"wvs-archive-product-wrapper"},"_links":{"self":[{"href":"https:\/\/phitenvn.com\/en\/wp-json\/wp\/v2\/product\/3199","targetHints":{"allow":["GET"]}}],"collection":[{"href":"https:\/\/phitenvn.com\/en\/wp-json\/wp\/v2\/product"}],"about":[{"href":"https:\/\/phitenvn.com\/en\/wp-json\/wp\/v2\/types\/product"}],"replies":[{"embeddable":true,"href":"https:\/\/phitenvn.com\/en\/wp-json\/wp\/v2\/comments?post=3199"}],"wp:featuredmedia":[{"embeddable":true,"href":"https:\/\/phitenvn.com\/en\/wp-json\/wp\/v2\/media\/2644"}],"wp:attachment":[{"href":"https:\/\/phitenvn.com\/en\/wp-json\/wp\/v2\/media?parent=3199"}],"wp:term":[{"taxonomy":"product_brand","embeddable":true,"href":"https:\/\/phitenvn.com\/en\/wp-json\/wp\/v2\/product_brand?post=3199"},{"taxonomy":"product_cat","embeddable":true,"href":"https:\/\/phitenvn.com\/en\/wp-json\/wp\/v2\/product_cat?post=3199"},{"taxonomy":"product_tag","embeddable":true,"href":"https:\/\/phitenvn.com\/en\/wp-json\/wp\/v2\/product_tag?post=3199"}],"curies":[{"name":"wp","href":"https:\/\/api.w.org\/{rel}","templated":true}]}}