{"id":3197,"date":"2025-05-28T10:36:11","date_gmt":"2025-05-28T10:36:11","guid":{"rendered":"https:\/\/phitenvn.com\/vong-co-rakuwa-x50-v-type\/"},"modified":"2025-05-28T10:36:11","modified_gmt":"2025-05-28T10:36:11","slug":"vong-co-rakuwa-x50-v-type","status":"publish","type":"product","link":"https:\/\/phitenvn.com\/en\/vong-co-rakuwa-x50-v-type\/","title":{"rendered":"V\u00f2ng C\u1ed5 Rakuwa X50 V Type"},"content":{"rendered":"<h3><strong>V\u00f2ng C\u1ed5 Rakuwa X50 V TYPE<\/strong><\/h3>\n<p>V\u00f2ng c\u1ed5 Rakuwa X50 V Type mang \u0111\u1ebfn thi\u1ebft k\u1ebf th\u1ec3 thao sang tr\u1ecdng v\u00e0 m\u1ea1nh m\u1ebd, v\u1edbi h\u00e0m l\u01b0\u1ee3ng Titanium \u0111\u01b0\u1ee3c t\u0103ng c\u01b0\u1eddng g\u1ea5p 50 l\u1ea7n, mang l\u1ea1i hi\u1ec7u qu\u1ea3 v\u01b0\u1ee3t tr\u1ed9i cho s\u1ee9c kh\u1ecfe.<br \/>\nKh\u00f3a kim lo\u1ea1i h\u00ecnh ch\u1eef V tinh t\u1ebf k\u1ebft h\u1ee3p v\u1edbi d\u00e2y polyester m\u00e0u \u0111en ch\u1ea5t l\u01b0\u1ee3ng cao, \u0111\u01b0\u1ee3c d\u1ec7t t\u1ec9 m\u1ec9 \u0111\u1ec3 \u0111\u1ea3m b\u1ea3o \u0111\u1ed9 b\u1ec1n v\u00e0 s\u1ef1 tho\u1ea3i m\u00e1i khi s\u1eed d\u1ee5ng.<br \/>\nV\u1edbi nhi\u1ec1u l\u1ef1a ch\u1ecdn m\u00e0u s\u1eafc, v\u00f2ng c\u1ed5 n\u00e0y d\u1ec5 d\u00e0ng ph\u00f9 h\u1ee3p v\u1edbi phong c\u00e1ch c\u00e1 nh\u00e2n c\u1ee7a b\u1ea1n, l\u00e0 s\u1ef1 k\u1ebft h\u1ee3p ho\u00e0n h\u1ea3o gi\u1eefa t\u00ednh th\u1ea9m m\u1ef9 v\u00e0 c\u00f4ng d\u1ee5ng.<\/p>\n<p><strong>G\u1ee3i \u00fd s\u1eed d\u1ee5ng:\u00a0<\/strong><br \/>\n&#8211; Gi\u00fap gi\u1ea3m b\u1edbt c\u0103ng th\u1eb3ng li\u00ean t\u1ee5c<br \/>\n&#8211; Gi\u00fap c\u1ea3i thi\u1ec7n c\u00e2n b\u1eb1ng c\u01a1 th\u1ec3<br \/>\n&#8211; T\u0103ng c\u01b0\u1eddng s\u1ee9c m\u1ea1nh v\u00e0 t\u00ednh linh ho\u1ea1t<br \/>\n&#8211; Gi\u00fap th\u01b0 gi\u00e3n t\u1ee9c th\u00ec v\u00e0 h\u1ed7 tr\u1ee3 gi\u1ea5c ng\u1ee7 s\u00e2u<br \/>\n&#8211; H\u1ed7 tr\u1ee3 gi\u1ea3m c\u1ee9ng c\u01a1 v\u00ec \u0111au vai g\u00e1y c\u1ed5<br \/>\n&#8211; H\u1ed7 tr\u1ee3 tuy\u1ec7t v\u1eddi trong th\u1ec3 thao ho\u1eb7c c\u00e1c ho\u1ea1t \u0111\u1ed9ng h\u00e0ng ng\u00e0y.<\/p>\n<p><strong>\u00a0\u0110\u1ed1i t\u01b0\u1ee3ng s\u1eed d\u1ee5ng:<\/strong><br \/>\n&#8211; Ph\u00f9 h\u1ee3p cho m\u1ecdi l\u1ee9a tu\u1ed5i<br \/>\n&#8211; Ng\u01b0\u1eddi c\u00f3 huy\u1ebft \u00e1p kh\u00f4ng \u1ed5n \u0111\u1ecbnh<br \/>\n&#8211; Ng\u01b0\u1eddi m\u1eafc c\u00e1c ch\u1ee9ng \u0111au vai g\u00e1y c\u1ed5<br \/>\n&#8211; Ng\u01b0\u1eddi m\u1ea5t ng\u1ee7, kh\u00f3 ng\u1ee7 hay gi\u1ea5c ng\u1ee7 kh\u00f4ng s\u00e2u<br \/>\n&#8211; Ng\u01b0\u1eddi ch\u01a1i th\u1ec3 thao, v\u1eadn \u0111\u1ed9ng vi\u00ean th\u1ec3 thao.<\/p>\n<p><strong>M\u00e3 s\u1ea3n ph\u1ea9m<\/strong>: TG681353\/ TG681253\/ TG681153\/ TG681053<\/p>\n","protected":false},"excerpt":{"rendered":"<p><strong>Ch\u1ea5t li\u1ec7u:<\/strong>\u00a0Polyester, polyester lame. L\u00f5i b\u00ean trong &#8211; Elastome. M\u00f3c kh\u00f3a &#8211; Polyester<br \/>\n<strong>C\u00f4ng ngh\u1ec7:<\/strong>\u00a0AQUA-TITaniUM\u00ae (X50) v\u00e0 MICRO-TITaniUM SPHERE\u00ae<br \/>\n<strong>S\u1ea3n xu\u1ea5t<\/strong>\u00a0t\u1ea1i Nh\u1eadt B\u1ea3n<br \/>\n<strong>B\u1ea3o h\u00e0nh:\u00a0<\/strong>C\u00f3 t\u00ednh ph\u00ed (g\u1ed3m ph\u00ed s\u1eeda ch\u1eefa + ph\u00ed shipping)<br \/>\n<strong>N\u01a1i b\u1ea3o h\u00e0nh:\u00a0<\/strong>Trung t\u00e2m b\u1ea3o h\u00e0nh Phiten Nh\u1eadt B\u1ea3n (Kyoto)<\/p>\n","protected":false},"featured_media":2816,"comment_status":"open","ping_status":"closed","template":"","meta":[],"product_brand":[],"product_cat":[586],"product_tag":[],"class_list":{"0":"post-3197","1":"product","2":"type-product","3":"status-publish","4":"has-post-thumbnail","6":"product_cat-vong-co-en","8":"first","9":"instock","10":"shipping-taxable","11":"purchasable","12":"product-type-variable","13":"wvs-archive-product-wrapper"},"_links":{"self":[{"href":"https:\/\/phitenvn.com\/en\/wp-json\/wp\/v2\/product\/3197","targetHints":{"allow":["GET"]}}],"collection":[{"href":"https:\/\/phitenvn.com\/en\/wp-json\/wp\/v2\/product"}],"about":[{"href":"https:\/\/phitenvn.com\/en\/wp-json\/wp\/v2\/types\/product"}],"replies":[{"embeddable":true,"href":"https:\/\/phitenvn.com\/en\/wp-json\/wp\/v2\/comments?post=3197"}],"wp:featuredmedia":[{"embeddable":true,"href":"https:\/\/phitenvn.com\/en\/wp-json\/wp\/v2\/media\/2816"}],"wp:attachment":[{"href":"https:\/\/phitenvn.com\/en\/wp-json\/wp\/v2\/media?parent=3197"}],"wp:term":[{"taxonomy":"product_brand","embeddable":true,"href":"https:\/\/phitenvn.com\/en\/wp-json\/wp\/v2\/product_brand?post=3197"},{"taxonomy":"product_cat","embeddable":true,"href":"https:\/\/phitenvn.com\/en\/wp-json\/wp\/v2\/product_cat?post=3197"},{"taxonomy":"product_tag","embeddable":true,"href":"https:\/\/phitenvn.com\/en\/wp-json\/wp\/v2\/product_tag?post=3197"}],"curies":[{"name":"wp","href":"https:\/\/api.w.org\/{rel}","templated":true}]}}