{"id":3196,"date":"2025-05-28T10:41:18","date_gmt":"2025-05-28T10:41:18","guid":{"rendered":"https:\/\/phitenvn.com\/vong-co-rakuwa-x50-high-end-3\/"},"modified":"2025-07-23T08:41:42","modified_gmt":"2025-07-23T08:41:42","slug":"vong-co-rakuwa-x50-high-end-3","status":"publish","type":"product","link":"https:\/\/phitenvn.com\/en\/vong-co-rakuwa-x50-high-end-3\/","title":{"rendered":"V\u00f2ng C\u1ed5 Rakuwa X50 High-End 3"},"content":{"rendered":"<h3><strong>V\u00f2ng C\u1ed5 Rakuwa x50 High-End 3 Phiten<\/strong><\/h3>\n<p>D\u00e2y chuy\u1ec1n phi\u00ean b\u1ea3n gi\u1edbi h\u1ea1n X50 High-End III l\u00e0 s\u1ef1 k\u1ebft h\u1ee3p ho\u00e0n h\u1ea3o gi\u1eefa v\u1ebb \u0111\u1eb9p tinh t\u1ebf v\u00e0 hi\u1ec7u su\u1ea5t v\u01b0\u1ee3t tr\u1ed9i. S\u1ea3n ph\u1ea9m s\u1eed d\u1ee5ng s\u1ee3i polyester cao c\u1ea5p k\u1ebft h\u1ee3p v\u1edbi n\u1eafp kh\u00f3a kh\u00f4ng g\u1ec9, mang \u0111\u1ebfn s\u1ef1 b\u1ec1n b\u1ec9 v\u00e0 t\u00ednh th\u1ea9m m\u1ef9 tuy\u1ec7t v\u1eddi.<\/p>\n<p>V\u1edbi thi\u1ebft k\u1ebf thanh l\u1ecbch, X50 High-End III kh\u00f4ng ch\u1ec9 ph\u00f9 h\u1ee3p v\u1edbi phong c\u00e1ch s\u1ed1ng hi\u1ec7n \u0111\u1ea1i m\u00e0 c\u00f2n th\u1ec3 hi\u1ec7n hi\u1ec7u su\u1ea5t \u1ea5n t\u01b0\u1ee3ng trong m\u1ecdi ho\u00e0n c\u1ea3nh.<\/p>\n<p>\u0110\u01b0\u1ee3c s\u1ea3n xu\u1ea5t t\u1ea1i Nh\u1eadt B\u1ea3n v\u00e0 \u00e1p d\u1ee5ng c\u00f4ng ngh\u1ec7 AQUA TITAN\u2122 X50 ti\u00ean ti\u1ebfn, k\u1ebft h\u1ee3p v\u1edbi Micro Titanium Spheres, Phiten mang \u0111\u1ebfn m\u1ed9t s\u1ea3n ph\u1ea9m cao c\u1ea5p v\u00e0 \u0111\u1ed9c \u0111\u00e1o, gi\u00fap n\u00e2ng cao s\u1ee9c kh\u1ecfe v\u00e0 th\u1ec3 tr\u1ea1ng c\u1ee7a ng\u01b0\u1eddi s\u1eed d\u1ee5ng.<\/p>\n<p>D\u00e2y chuy\u1ec1n X50 High-End III kh\u00f4ng ch\u1ec9 l\u00e0 m\u1ed9t m\u00f3n trang s\u1ee9c tinh t\u1ebf m\u00e0 c\u00f2n l\u00e0 m\u1ed9t c\u00f4ng c\u1ee5 h\u1ed7 tr\u1ee3 th\u1ec3 thao v\u00e0 s\u1ee9c kh\u1ecfe, \u0111\u1eb3ng c\u1ea5p v\u00e0 s\u1ef1 ch\u00fa tr\u1ecdng \u0111\u1ebfn t\u1eebng chi ti\u1ebft c\u1ee7a Phiten.<\/p>\n<p><strong>G\u1ee3i \u00fd s\u1eed d\u1ee5ng:\u00a0<\/strong><br \/>\n&#8211; Gi\u00fap gi\u1ea3m b\u1edbt c\u0103ng th\u1eb3ng li\u00ean t\u1ee5c<br \/>\n&#8211; Gi\u00fap c\u1ea3i thi\u1ec7n c\u00e2n b\u1eb1ng c\u01a1 th\u1ec3<br \/>\n&#8211; T\u0103ng c\u01b0\u1eddng s\u1ee9c m\u1ea1nh v\u00e0 t\u00ednh linh ho\u1ea1t<br \/>\n&#8211; Gi\u00fap th\u01b0 gi\u00e3n t\u1ee9c th\u00ec v\u00e0 h\u1ed7 tr\u1ee3 gi\u1ea5c ng\u1ee7 s\u00e2u<br \/>\n&#8211; H\u1ed7 tr\u1ee3 gi\u1ea3m c\u1ee9ng c\u01a1 v\u00ec \u0111au vai g\u00e1y c\u1ed5<br \/>\n&#8211; H\u1ed7 tr\u1ee3 tuy\u1ec7t v\u1eddi trong th\u1ec3 thao ho\u1eb7c c\u00e1c ho\u1ea1t \u0111\u1ed9ng h\u00e0ng ng\u00e0y.<\/p>\n<p><strong>\u00a0\u0110\u1ed1i t\u01b0\u1ee3ng s\u1eed d\u1ee5ng:<\/strong><br \/>\n&#8211; Ph\u00f9 h\u1ee3p cho m\u1ecdi l\u1ee9a tu\u1ed5i<br \/>\n&#8211; Ng\u01b0\u1eddi c\u00f3 huy\u1ebft \u00e1p kh\u00f4ng \u1ed5n \u0111\u1ecbnh<br \/>\n&#8211; Ng\u01b0\u1eddi m\u1eafc c\u00e1c ch\u1ee9ng \u0111au vai g\u00e1y c\u1ed5<br \/>\n&#8211; Ng\u01b0\u1eddi m\u1ea5t ng\u1ee7, kh\u00f3 ng\u1ee7 hay gi\u1ea5c ng\u1ee7 kh\u00f4ng s\u00e2u<br \/>\n&#8211; Ng\u01b0\u1eddi ch\u01a1i th\u1ec3 thao, v\u1eadn \u0111\u1ed9ng vi\u00ean th\u1ec3 thao.<\/p>\n<p><strong>M\u00e3 s\u1ea3n ph\u1ea9m:<\/strong> TG475153\/ TG475053<\/p>\n","protected":false},"excerpt":{"rendered":"<p><strong>C\u00f4ng ngh\u1ec7:<\/strong>\u00a0Aqua Titan x 50<br \/>\n<strong>S\u1ea3n xu\u1ea5t:\u00a0<\/strong>Nh\u1eadt B\u1ea3n<br \/>\n<strong>B\u1ea3o h\u00e0nh<\/strong>: 6 th\u00e1ng<br \/>\n<strong>N\u01a1i b\u1ea3o h\u00e0nh:<\/strong>\u00a0Trung t\u00e2m b\u1ea3o h\u00e0nh Phiten Nh\u1eadt B\u1ea3n (Kyoto)<\/p>\n","protected":false},"featured_media":2823,"comment_status":"open","ping_status":"closed","template":"","meta":[],"product_brand":[],"product_cat":[586,611],"product_tag":[],"class_list":{"0":"post-3196","1":"product","2":"type-product","3":"status-publish","4":"has-post-thumbnail","6":"product_cat-vong-co-en","7":"product_cat-vong-co-rakuwa-x50-en-2","9":"first","10":"instock","11":"shipping-taxable","12":"purchasable","13":"product-type-variable","14":"wvs-archive-product-wrapper"},"_links":{"self":[{"href":"https:\/\/phitenvn.com\/en\/wp-json\/wp\/v2\/product\/3196","targetHints":{"allow":["GET"]}}],"collection":[{"href":"https:\/\/phitenvn.com\/en\/wp-json\/wp\/v2\/product"}],"about":[{"href":"https:\/\/phitenvn.com\/en\/wp-json\/wp\/v2\/types\/product"}],"replies":[{"embeddable":true,"href":"https:\/\/phitenvn.com\/en\/wp-json\/wp\/v2\/comments?post=3196"}],"wp:featuredmedia":[{"embeddable":true,"href":"https:\/\/phitenvn.com\/en\/wp-json\/wp\/v2\/media\/2823"}],"wp:attachment":[{"href":"https:\/\/phitenvn.com\/en\/wp-json\/wp\/v2\/media?parent=3196"}],"wp:term":[{"taxonomy":"product_brand","embeddable":true,"href":"https:\/\/phitenvn.com\/en\/wp-json\/wp\/v2\/product_brand?post=3196"},{"taxonomy":"product_cat","embeddable":true,"href":"https:\/\/phitenvn.com\/en\/wp-json\/wp\/v2\/product_cat?post=3196"},{"taxonomy":"product_tag","embeddable":true,"href":"https:\/\/phitenvn.com\/en\/wp-json\/wp\/v2\/product_tag?post=3196"}],"curies":[{"name":"wp","href":"https:\/\/api.w.org\/{rel}","templated":true}]}}