{"id":3195,"date":"2025-05-29T02:18:00","date_gmt":"2025-05-29T02:18:00","guid":{"rendered":"https:\/\/phitenvn.com\/vong-co-rakuwa-x100-leash-model\/"},"modified":"2025-05-29T02:18:00","modified_gmt":"2025-05-29T02:18:00","slug":"vong-co-rakuwa-x100-leash-model","status":"publish","type":"product","link":"https:\/\/phitenvn.com\/en\/vong-co-rakuwa-x100-leash-model\/","title":{"rendered":"V\u00f2ng C\u1ed5 Rakuwa X100 Leash Model"},"content":{"rendered":"<h3><strong>V\u00f2ng C\u1ed5 Rakuwa X100 Leash Model<\/strong><\/h3>\n<p>S\u1ea3n ph\u1ea9m l\u00e0 l\u1ef1a ch\u1ecdn ho\u00e0n h\u1ea3o cho nh\u1eefng ai t\u00ecm ki\u1ebfm s\u1ef1 sang tr\u1ecdng v\u00e0 hi\u1ec7u qu\u1ea3 ch\u0103m s\u00f3c s\u1ee9c kh\u1ecfe. V\u1edbi h\u00e0m l\u01b0\u1ee3ng Titanium cao v\u00e0 c\u00f4ng ngh\u1ec7 AQUA TITANIUM s\u00e1ng ch\u1ebf \u0111\u1ed9c quy\u1ec1n b\u1edfi Phiten, s\u1ea3n ph\u1ea9m n\u00e0y mang l\u1ea1i l\u1ee3i \u00edch v\u01b0\u1ee3t tr\u1ed9i, \u0111\u1ed3ng th\u1eddi s\u1edf h\u1eefu thi\u1ebft k\u1ebf tinh t\u1ebf v\u1edbi m\u00f3c kh\u00f3a th\u00e9p kh\u00f4ng g\u1ec9 \u0111\u01b0\u1ee3c nh\u00fang Aqua-Silica. Leash Model l\u00e0 s\u1ef1 h\u00f2a quy\u1ec7n tuy\u1ec7t v\u1eddi gi\u1eefa t\u00ednh n\u0103ng hi\u1ec7n \u0111\u1ea1i v\u00e0 phong c\u00e1ch sang tr\u1ecdng.<\/p>\n<p><strong>C\u00f4ng Ngh\u1ec7 T\u1ed1t Cho S\u1ee9c Kh\u1ecfe:<\/strong><br \/>\nV\u1edbi c\u00f4ng ngh\u1ec7 Aqua Metal, v\u00f2ng c\u1ed5 X100 Leash Model th\u1ea5m 100 l\u1ea7n Titanium so v\u1edbi c\u00e1c s\u1ea3n ph\u1ea9m Phiten th\u00f4ng th\u01b0\u1eddng. Phiten l\u00e0 c\u00f4ng ty duy nh\u1ea5t tr\u00ean th\u1ebf gi\u1edbi s\u1edf h\u1eefu v\u00e0 \u1ee9ng d\u1ee5ng c\u00f4ng ngh\u1ec7 \u0111\u1ed9c \u0111\u00e1o n\u00e0y.<br \/>\nKhi mang th\u01b0\u1eddng xuy\u00ean, v\u00f2ng c\u1ed5 c\u00f3 th\u1ec3 gi\u00fap \u00edch trong l\u00fac v\u1eadn \u0111\u1ed9ng v\u1edbi vi\u1ec7c t\u0103ng c\u01b0\u1eddng b\u01a1m oxy l\u00ean n\u00e3o, \u0111i\u1ec1u h\u00f2a c\u00e2n b\u1eb1ng c\u01a1 th\u1ec3 . C\u1ea3m th\u1ea5y nh\u1eb9 h\u01a1n, khi ch\u00fang ta ch\u1ea1y ho\u1eb7c b\u01a1i, v\u00ec n\u00f3 c\u0169ng s\u1ebd l\u00e0m gi\u1ea3m s\u1ef1 t\u00edch t\u1ee5 axit lactic t\u1eeb c\u1ed5 v\u00e0 vai.<br \/>\n\u0110\u1ed1i v\u1edbi ng\u01b0\u1eddi ch\u01a1i golf, n\u00f3 cung c\u1ea5p s\u1ef1 linh ho\u1ea1t ph\u1ea1m vi c\u01a1 l\u1edbn h\u01a1n khi th\u1ef1c hi\u1ec7n c\u00fa swing \u0111\u00f3. Mang Rakuwa X100 Leash h\u00e0ng ng\u00e0y s\u1ebd gi\u00fap ch\u00fang ta gi\u1ea3m m\u1ec7t m\u1ecfi khi l\u00e0m vi\u1ec7c tr\u00ean m\u00e1y t\u00ednh trong nhi\u1ec1u gi\u1edd.<\/p>\n<p><strong>G\u1ee3i \u00fd s\u1eed d\u1ee5ng:\u00a0<\/strong><br \/>\n&#8211; Gi\u00fap gi\u1ea3m b\u1edbt c\u0103ng th\u1eb3ng li\u00ean t\u1ee5c<br \/>\n&#8211; Gi\u00fap c\u1ea3i thi\u1ec7n c\u00e2n b\u1eb1ng c\u01a1 th\u1ec3<br \/>\n&#8211; T\u0103ng c\u01b0\u1eddng s\u1ee9c m\u1ea1nh v\u00e0 t\u00ednh linh ho\u1ea1t<br \/>\n&#8211; Gi\u00fap th\u01b0 gi\u00e3n t\u1ee9c th\u00ec v\u00e0 h\u1ed7 tr\u1ee3 gi\u1ea5c ng\u1ee7 s\u00e2u<br \/>\n&#8211; H\u1ed7 tr\u1ee3 gi\u1ea3m c\u1ee9ng c\u01a1 v\u00ec \u0111au vai g\u00e1y c\u1ed5<br \/>\n&#8211; H\u1ed7 tr\u1ee3 tuy\u1ec7t v\u1eddi trong th\u1ec3 thao ho\u1eb7c c\u00e1c ho\u1ea1t \u0111\u1ed9ng h\u00e0ng ng\u00e0y.<\/p>\n<p><strong>\u00a0\u0110\u1ed1i t\u01b0\u1ee3ng s\u1eed d\u1ee5ng:<\/strong><br \/>\n&#8211; Ph\u00f9 h\u1ee3p cho m\u1ecdi l\u1ee9a tu\u1ed5i<br \/>\n&#8211; Ng\u01b0\u1eddi c\u00f3 huy\u1ebft \u00e1p kh\u00f4ng \u1ed5n \u0111\u1ecbnh<br \/>\n&#8211; Ng\u01b0\u1eddi m\u1eafc c\u00e1c ch\u1ee9ng \u0111au vai g\u00e1y c\u1ed5<br \/>\n&#8211; Ng\u01b0\u1eddi m\u1ea5t ng\u1ee7, kh\u00f3 ng\u1ee7 hay gi\u1ea5c ng\u1ee7 kh\u00f4ng s\u00e2u<br \/>\n&#8211; Ng\u01b0\u1eddi ch\u01a1i th\u1ec3 thao, v\u1eadn \u0111\u1ed9ng vi\u00ean th\u1ec3 thao.<\/p>\n","protected":false},"excerpt":{"rendered":"<p><strong>Ch\u1ea5t li\u1ec7u:\u00a0<\/strong><br \/>\n-D\u00e2y (v\u1ea3i b\u00ean ngo\u00e0i): Nylon 66; D\u00e2y (l\u00f5i): Elastomer<br \/>\n-M\u00f3c kh\u00f3a th\u00e9p kh\u00f4ng g\u1ec9 \u0111\u01b0\u1ee3c nh\u00fang Aqua-Silica<br \/>\n<strong>S\u1ea3n xu\u1ea5t<\/strong> t\u1ea1i Trung Qu\u1ed1c (S\u1ea3n ph\u1ea9m s\u1ebd \u0111\u01b0\u1ee3c g\u1eedi l\u1ea1i Phiten Nh\u1eadt B\u1ea3n \u0111\u1ec3 ki\u1ec3m tra v\u00e0 \u00e1p d\u1ee5ng c\u00f4ng ngh\u1ec7 AquaMetal)<br \/>\n<strong>Quy c\u00e1ch \u0111\u00f3ng g\u00f3i:<\/strong>\u00a01 c\u00e1i\/ h\u1ed9p<br \/>\n<strong>B\u1ea3o h\u00e0nh<\/strong>: 6 th\u00e1ng<br \/>\n<strong>N\u01a1i b\u1ea3o h\u00e0nh:<\/strong>\u00a0Trung t\u00e2m b\u1ea3o h\u00e0nh Phiten Nh\u1eadt B\u1ea3n (Kyoto)<\/p>\n","protected":false},"featured_media":2853,"comment_status":"open","ping_status":"closed","template":"","meta":[],"product_brand":[],"product_cat":[585,586],"product_tag":[],"class_list":{"0":"post-3195","1":"product","2":"type-product","3":"status-publish","4":"has-post-thumbnail","6":"product_cat-vong-co-rakuwa-x100-en","7":"product_cat-vong-co-en","9":"first","10":"instock","11":"shipping-taxable","12":"purchasable","13":"product-type-variable","14":"wvs-archive-product-wrapper"},"_links":{"self":[{"href":"https:\/\/phitenvn.com\/en\/wp-json\/wp\/v2\/product\/3195","targetHints":{"allow":["GET"]}}],"collection":[{"href":"https:\/\/phitenvn.com\/en\/wp-json\/wp\/v2\/product"}],"about":[{"href":"https:\/\/phitenvn.com\/en\/wp-json\/wp\/v2\/types\/product"}],"replies":[{"embeddable":true,"href":"https:\/\/phitenvn.com\/en\/wp-json\/wp\/v2\/comments?post=3195"}],"wp:featuredmedia":[{"embeddable":true,"href":"https:\/\/phitenvn.com\/en\/wp-json\/wp\/v2\/media\/2853"}],"wp:attachment":[{"href":"https:\/\/phitenvn.com\/en\/wp-json\/wp\/v2\/media?parent=3195"}],"wp:term":[{"taxonomy":"product_brand","embeddable":true,"href":"https:\/\/phitenvn.com\/en\/wp-json\/wp\/v2\/product_brand?post=3195"},{"taxonomy":"product_cat","embeddable":true,"href":"https:\/\/phitenvn.com\/en\/wp-json\/wp\/v2\/product_cat?post=3195"},{"taxonomy":"product_tag","embeddable":true,"href":"https:\/\/phitenvn.com\/en\/wp-json\/wp\/v2\/product_tag?post=3195"}],"curies":[{"name":"wp","href":"https:\/\/api.w.org\/{rel}","templated":true}]}}