{"id":3194,"date":"2025-05-29T02:54:40","date_gmt":"2025-05-29T02:54:40","guid":{"rendered":"https:\/\/phitenvn.com\/vong-co-rakuwa-x100-mirror-ball\/"},"modified":"2025-05-29T02:54:40","modified_gmt":"2025-05-29T02:54:40","slug":"vong-co-rakuwa-x100-mirror-ball","status":"publish","type":"product","link":"https:\/\/phitenvn.com\/en\/vong-co-rakuwa-x100-mirror-ball\/","title":{"rendered":"V\u00f2ng C\u1ed5 Rakuwa X100 Mirror Ball"},"content":{"rendered":"<h2><strong>V\u00f2ng C\u1ed5 Rakuwa X100 Mirror Ball Phiten<\/strong><\/h2>\n<p>V\u00f2ng c\u1ed5 l\u00e0 s\u1ef1 k\u1ebft h\u1ee3p ho\u00e0n h\u1ea3o gi\u1eefa thi\u1ebft k\u1ebf t\u1ed1i gi\u1ea3n v\u00e0 phong c\u00e1ch sang tr\u1ecdng. \u0110i\u1ec3m n\u1ed5i b\u1eadt c\u1ee7a chi\u1ebfc v\u00f2ng n\u00e0y ch\u00ednh l\u00e0 m\u1eb7t d\u00e2y \u0111\u01b0\u1ee3c l\u00e0m t\u1eeb ng\u1ecdc Titan tinh khi\u1ebft, s\u00e1ng b\u00f3ng nh\u01b0 g\u01b0\u01a1ng, t\u1ea1o n\u00ean v\u1ebb \u0111\u1eb9p \u1ea5n t\u01b0\u1ee3ng v\u00e0 thanh tho\u00e1t.<\/p>\n<p>Kh\u00f4ng ch\u1ec9 l\u00e0 m\u00f3n \u0111\u1ed3 trang s\u1ee9c tinh t\u1ebf, Rakuwa X100 Mirror Ball c\u00f2n mang \u0111\u1ebfn nhi\u1ec1u l\u1ee3i \u00edch cho s\u1ee9c kh\u1ecfe, gi\u00fap c\u1ea3i thi\u1ec7n t\u00ecnh tr\u1ea1ng c\u01a1 th\u1ec3 m\u1ed9t c\u00e1ch hi\u1ec7u qu\u1ea3.<\/p>\n<p><strong>G\u1ee3i \u00fd s\u1eed d\u1ee5ng:\u00a0<\/strong><br \/>\n&#8211; Gi\u00fap gi\u1ea3m b\u1edbt c\u0103ng th\u1eb3ng li\u00ean t\u1ee5c<br \/>\n&#8211; Gi\u00fap c\u1ea3i thi\u1ec7n c\u00e2n b\u1eb1ng c\u01a1 th\u1ec3<br \/>\n&#8211; T\u0103ng c\u01b0\u1eddng s\u1ee9c m\u1ea1nh v\u00e0 t\u00ednh linh ho\u1ea1t<br \/>\n&#8211; Gi\u00fap th\u01b0 gi\u00e3n t\u1ee9c th\u00ec v\u00e0 h\u1ed7 tr\u1ee3 gi\u1ea5c ng\u1ee7 s\u00e2u<br \/>\n&#8211; H\u1ed7 tr\u1ee3 gi\u1ea3m c\u1ee9ng c\u01a1 v\u00ec \u0111au vai g\u00e1y c\u1ed5<br \/>\n&#8211; H\u1ed7 tr\u1ee3 tuy\u1ec7t v\u1eddi trong th\u1ec3 thao ho\u1eb7c c\u00e1c ho\u1ea1t \u0111\u1ed9ng h\u00e0ng ng\u00e0y.<\/p>\n<p><strong>\u00a0\u0110\u1ed1i t\u01b0\u1ee3ng s\u1eed d\u1ee5ng:<\/strong><br \/>\n&#8211; Ph\u00f9 h\u1ee3p cho m\u1ecdi l\u1ee9a tu\u1ed5i<br \/>\n&#8211; Ng\u01b0\u1eddi c\u00f3 huy\u1ebft \u00e1p kh\u00f4ng \u1ed5n \u0111\u1ecbnh<br \/>\n&#8211; Ng\u01b0\u1eddi m\u1eafc c\u00e1c ch\u1ee9ng \u0111au vai g\u00e1y c\u1ed5<br \/>\n&#8211; Ng\u01b0\u1eddi m\u1ea5t ng\u1ee7, kh\u00f3 ng\u1ee7 hay gi\u1ea5c ng\u1ee7 kh\u00f4ng s\u00e2u<br \/>\n&#8211; Ng\u01b0\u1eddi ch\u01a1i th\u1ec3 thao, v\u1eadn \u0111\u1ed9ng vi\u00ean th\u1ec3 thao.<\/p>\n<p><strong>M\u00e3 s\u1ea3n ph\u1ea9m:<\/strong> TG640152<\/p>\n","protected":false},"excerpt":{"rendered":"<p><strong>Ch\u1ea5t li\u1ec7u cao c\u1ea5p:<\/strong><br \/>\n&#8211; D\u00e2y c\u1ed5 \u0111\u01b0\u1ee3c l\u00e0m t\u1eeb s\u1ee3i Nylon66, m\u1ed9t ch\u1ea5t li\u1ec7u cao c\u1ea5p c\u00f3 \u0111\u1ed9 b\u1ec1n c\u1ef1c k\u1ef3 t\u1ed1t. Ch\u1ea5t li\u1ec7u n\u00e0y \u0111\u1ea3m b\u1ea3o s\u1ef1 ch\u1eafc ch\u1eafn v\u00e0 \u0111\u1ed9 b\u1ec1n v\u01b0\u1ee3t tr\u1ed9i cho s\u1ea3n ph\u1ea9m.<br \/>\n&#8211; Ph\u1ea7n v\u1ea3i b\u00ean trong \u0111\u01b0\u1ee3c l\u00e0m t\u1eeb ch\u1ea5t li\u1ec7u \u0111\u00e0n h\u1ed3i, k\u1ebft h\u1ee3p v\u1edbi c\u00e1c h\u1ea1t ch\u1ee9a micro-titan mang \u0111\u1ebfn hi\u1ec7u qu\u1ea3 t\u1ed1i \u01b0u.<br \/>\n<strong>C\u00f4ng ngh\u1ec7<\/strong>: Aqua Titan \u0111\u1ed9c X 100<br \/>\n<strong>K\u00edch c\u1ee1:<\/strong>\u00a045cm th\u00edch h\u1ee3p cho nam ho\u1eb7c n\u1eef gi\u1edbi th\u00edch c\u1ea3m gi\u00e1c tho\u1ea3i m\u00e1i<br \/>\n<strong>S\u1ea3n xu\u1ea5t:<\/strong>\u00a0\u0110\u00e0i Loan\u00a0(Tuy nhi\u00ean, s\u1ea3n ph\u1ea9m \u0111\u01b0\u1ee3c g\u1eedi l\u1ea1i Phiten Japan \u0111\u1ec3 x\u1eed l\u00fd c\u00f4ng ngh\u1ec7 c\u1ee7a h\u00e3ng)<br \/>\n<strong>B\u1ea3o h\u00e0nh:<\/strong>\u00a06 th\u00e1ng<br \/>\n<strong>N\u01a1i b\u1ea3o h\u00e0nh:<\/strong>\u00a0Trung t\u00e2m b\u1ea3o h\u00e0nh Phiten Nh\u1eadt B\u1ea3n (Kyoto)<\/p>\n","protected":false},"featured_media":2825,"comment_status":"open","ping_status":"closed","template":"","meta":[],"product_brand":[],"product_cat":[585,586],"product_tag":[],"class_list":{"0":"post-3194","1":"product","2":"type-product","3":"status-publish","4":"has-post-thumbnail","6":"product_cat-vong-co-rakuwa-x100-en","7":"product_cat-vong-co-en","9":"first","10":"instock","11":"shipping-taxable","12":"purchasable","13":"product-type-variable","14":"wvs-archive-product-wrapper"},"_links":{"self":[{"href":"https:\/\/phitenvn.com\/en\/wp-json\/wp\/v2\/product\/3194","targetHints":{"allow":["GET"]}}],"collection":[{"href":"https:\/\/phitenvn.com\/en\/wp-json\/wp\/v2\/product"}],"about":[{"href":"https:\/\/phitenvn.com\/en\/wp-json\/wp\/v2\/types\/product"}],"replies":[{"embeddable":true,"href":"https:\/\/phitenvn.com\/en\/wp-json\/wp\/v2\/comments?post=3194"}],"wp:featuredmedia":[{"embeddable":true,"href":"https:\/\/phitenvn.com\/en\/wp-json\/wp\/v2\/media\/2825"}],"wp:attachment":[{"href":"https:\/\/phitenvn.com\/en\/wp-json\/wp\/v2\/media?parent=3194"}],"wp:term":[{"taxonomy":"product_brand","embeddable":true,"href":"https:\/\/phitenvn.com\/en\/wp-json\/wp\/v2\/product_brand?post=3194"},{"taxonomy":"product_cat","embeddable":true,"href":"https:\/\/phitenvn.com\/en\/wp-json\/wp\/v2\/product_cat?post=3194"},{"taxonomy":"product_tag","embeddable":true,"href":"https:\/\/phitenvn.com\/en\/wp-json\/wp\/v2\/product_tag?post=3194"}],"curies":[{"name":"wp","href":"https:\/\/api.w.org\/{rel}","templated":true}]}}