{"id":3193,"date":"2025-05-29T02:12:40","date_gmt":"2025-05-29T02:12:40","guid":{"rendered":"https:\/\/phitenvn.com\/vong-co-rakuwa-x50\/"},"modified":"2025-07-23T08:39:59","modified_gmt":"2025-07-23T08:39:59","slug":"vong-co-rakuwa-x50-phiten","status":"publish","type":"product","link":"https:\/\/phitenvn.com\/en\/vong-co-rakuwa-x50-phiten\/","title":{"rendered":"V\u00f2ng C\u1ed5 Rakuwa X50 Phiten"},"content":{"rendered":"<h3><strong>V\u00f2ng C\u1ed5 Rakuwa x50 Phiten<\/strong><\/h3>\n<p>V\u00f2ng c\u1ed5 Phiten Rakuwa Necklace X50 mang \u0111\u1ebfn s\u1ef1 k\u1ebft h\u1ee3p ho\u00e0n h\u1ea3o gi\u1eefa phong c\u00e1ch hi\u1ec7n \u0111\u1ea1i v\u00e0 c\u00f4ng ngh\u1ec7 ti\u00ean ti\u1ebfn. V\u1edbi thi\u1ebft k\u1ebf b\u1ea3n vu\u00f4ng tinh t\u1ebf, chi\u1ebfc v\u00f2ng n\u00e0y kh\u00f4ng ch\u1ec9 n\u1ed5i b\u1eadt v\u1ec1 m\u1eb7t th\u1ea9m m\u1ef9 m\u00e0 c\u00f2n \u1ee9ng d\u1ee5ng c\u00f4ng ngh\u1ec7 Phiten AQUA-TITANIUM\u00ae \u0111\u1ed9c quy\u1ec1n, gi\u00fap c\u1ea3i thi\u1ec7n s\u1ee9c kh\u1ecfe v\u00e0 th\u1ec3 tr\u1ea1ng m\u1ed9t c\u00e1ch hi\u1ec7u qu\u1ea3.<br \/>\nRakuwa Necklace X50 l\u00e0 l\u1ef1a ch\u1ecdn y\u00eau th\u00edch c\u1ee7a nhi\u1ec1u v\u1eadn \u0111\u1ed9ng vi\u00ean chuy\u00ean nghi\u1ec7p nh\u1edd v\u00e0o thi\u1ebft k\u1ebf hi\u1ec7n \u0111\u1ea1i v\u00e0 t\u00ednh n\u0103ng v\u01b0\u1ee3t tr\u1ed9i. Chi\u1ebfc v\u00f2ng n\u00e0y \u0111\u01b0\u1ee3c thi\u1ebft k\u1ebf \u0111\u1ec3 \u0111eo h\u00e0ng ng\u00e0y, \u0111\u1eb7c bi\u1ec7t l\u00fd t\u01b0\u1edfng cho nh\u1eefng ai c\u00f3 l\u1ecbch tr\u00ecnh b\u1eadn r\u1ed9n ho\u1eb7c th\u01b0\u1eddng xuy\u00ean tham gia c\u00e1c ho\u1ea1t \u0111\u1ed9ng th\u1ec3 thao.<\/p>\n<p><strong>G\u1ee3i \u00fd s\u1eed d\u1ee5ng:\u00a0<\/strong><br \/>\n&#8211; Gi\u00fap gi\u1ea3m b\u1edbt c\u0103ng th\u1eb3ng li\u00ean t\u1ee5c<br \/>\n&#8211; Gi\u00fap c\u1ea3i thi\u1ec7n c\u00e2n b\u1eb1ng c\u01a1 th\u1ec3<br \/>\n&#8211; T\u0103ng c\u01b0\u1eddng s\u1ee9c m\u1ea1nh v\u00e0 t\u00ednh linh ho\u1ea1t<br \/>\n&#8211; Gi\u00fap th\u01b0 gi\u00e3n t\u1ee9c th\u00ec v\u00e0 h\u1ed7 tr\u1ee3 gi\u1ea5c ng\u1ee7 s\u00e2u<br \/>\n&#8211; H\u1ed7 tr\u1ee3 gi\u1ea3m c\u1ee9ng c\u01a1 v\u00ec \u0111au vai g\u00e1y c\u1ed5<br \/>\n&#8211; H\u1ed7 tr\u1ee3 tuy\u1ec7t v\u1eddi trong th\u1ec3 thao ho\u1eb7c c\u00e1c ho\u1ea1t \u0111\u1ed9ng h\u00e0ng ng\u00e0y.<\/p>\n<p><strong>\u00a0\u0110\u1ed1i t\u01b0\u1ee3ng s\u1eed d\u1ee5ng:<\/strong><br \/>\n&#8211; Ph\u00f9 h\u1ee3p cho m\u1ecdi l\u1ee9a tu\u1ed5i<br \/>\n&#8211; Ng\u01b0\u1eddi c\u00f3 huy\u1ebft \u00e1p kh\u00f4ng \u1ed5n \u0111\u1ecbnh<br \/>\n&#8211; Ng\u01b0\u1eddi m\u1eafc c\u00e1c ch\u1ee9ng \u0111au vai g\u00e1y c\u1ed5<br \/>\n&#8211; Ng\u01b0\u1eddi m\u1ea5t ng\u1ee7, kh\u00f3 ng\u1ee7 hay gi\u1ea5c ng\u1ee7 kh\u00f4ng s\u00e2u<br \/>\n&#8211; Ng\u01b0\u1eddi ch\u01a1i th\u1ec3 thao, v\u1eadn \u0111\u1ed9ng vi\u00ean th\u1ec3 thao.<\/p>\n<p>M\u00e3 s\u1ea3n ph\u1ea9m: TF360456\/ TF360454\/ TF360452\/ TF360256\/ TF360254\/ TF360252<\/p>\n","protected":false},"excerpt":{"rendered":"<p><strong>Ch\u1ea5t li\u1ec7u cao c\u1ea5p:<\/strong><br \/>\n&#8211; D\u00e2y c\u1ed5 \u0111\u01b0\u1ee3c l\u00e0m t\u1eeb s\u1ee3i Nylon66, m\u1ed9t ch\u1ea5t li\u1ec7u cao c\u1ea5p c\u00f3 \u0111\u1ed9 b\u1ec1n c\u1ef1c k\u1ef3 t\u1ed1t.<br \/>\n&#8211; Ch\u1ea5t li\u1ec7u n\u00e0y \u0111\u1ea3m b\u1ea3o s\u1ef1 ch\u1eafc ch\u1eafn v\u00e0 \u0111\u1ed9 b\u1ec1n v\u01b0\u1ee3t tr\u1ed9i cho s\u1ea3n ph\u1ea9m.<br \/>\n&#8211; Ph\u1ea7n v\u1ea3i b\u00ean trong \u0111\u01b0\u1ee3c l\u00e0m t\u1eeb ch\u1ea5t li\u1ec7u \u0111\u00e0n h\u1ed3i, k\u1ebft h\u1ee3p v\u1edbi c\u00e1c h\u1ea1t ch\u1ee9a micro-titan mang \u0111\u1ebfn hi\u1ec7u qu\u1ea3 t\u1ed1i \u01b0u.<br \/>\n<strong>S\u1ea3n xu\u1ea5t<\/strong>\u00a0t\u1ea1i Nh\u1eadt B\u1ea3n<br \/>\n<strong>B\u1ea3o h\u00e0nh:\u00a0<\/strong>C\u00f3 t\u00ednh ph\u00ed (g\u1ed3m ph\u00ed s\u1eeda ch\u1eefa + ph\u00ed shipping)<br \/>\n<strong>N\u01a1i b\u1ea3o h\u00e0nh:<\/strong>\u00a0Trung t\u00e2m b\u1ea3o h\u00e0nh Phiten Nh\u1eadt B\u1ea3n (Kyoto)<\/p>\n","protected":false},"featured_media":2763,"comment_status":"open","ping_status":"closed","template":"","meta":[],"product_brand":[],"product_cat":[586,611],"product_tag":[],"class_list":{"0":"post-3193","1":"product","2":"type-product","3":"status-publish","4":"has-post-thumbnail","6":"product_cat-vong-co-en","7":"product_cat-vong-co-rakuwa-x50-en-2","9":"first","10":"instock","11":"shipping-taxable","12":"purchasable","13":"product-type-variable","14":"wvs-archive-product-wrapper"},"_links":{"self":[{"href":"https:\/\/phitenvn.com\/en\/wp-json\/wp\/v2\/product\/3193","targetHints":{"allow":["GET"]}}],"collection":[{"href":"https:\/\/phitenvn.com\/en\/wp-json\/wp\/v2\/product"}],"about":[{"href":"https:\/\/phitenvn.com\/en\/wp-json\/wp\/v2\/types\/product"}],"replies":[{"embeddable":true,"href":"https:\/\/phitenvn.com\/en\/wp-json\/wp\/v2\/comments?post=3193"}],"wp:featuredmedia":[{"embeddable":true,"href":"https:\/\/phitenvn.com\/en\/wp-json\/wp\/v2\/media\/2763"}],"wp:attachment":[{"href":"https:\/\/phitenvn.com\/en\/wp-json\/wp\/v2\/media?parent=3193"}],"wp:term":[{"taxonomy":"product_brand","embeddable":true,"href":"https:\/\/phitenvn.com\/en\/wp-json\/wp\/v2\/product_brand?post=3193"},{"taxonomy":"product_cat","embeddable":true,"href":"https:\/\/phitenvn.com\/en\/wp-json\/wp\/v2\/product_cat?post=3193"},{"taxonomy":"product_tag","embeddable":true,"href":"https:\/\/phitenvn.com\/en\/wp-json\/wp\/v2\/product_tag?post=3193"}],"curies":[{"name":"wp","href":"https:\/\/api.w.org\/{rel}","templated":true}]}}