{"id":3192,"date":"2025-05-29T02:29:11","date_gmt":"2025-05-29T02:29:11","guid":{"rendered":"https:\/\/phitenvn.com\/vong-co-rakuwa-x100-chopper\/"},"modified":"2025-07-18T03:19:03","modified_gmt":"2025-07-18T03:19:03","slug":"vong-co-rakuwa-x100-chopper","status":"publish","type":"product","link":"https:\/\/phitenvn.com\/en\/vong-co-rakuwa-x100-chopper\/","title":{"rendered":"V\u00f2ng C\u1ed5 Rakuwa X100 Chopper Model"},"content":{"rendered":"<h3><strong>V\u00f2ng C\u1ed5 Rakuwa X100 Chopper Model<\/strong><\/h3>\n<p>V\u00f2ng c\u1ed5 Rakuwa X100 Carbon n\u1ed5i b\u1eadt v\u1edbi s\u1ef1 k\u1ebft h\u1ee3p ho\u00e0n h\u1ea3o gi\u1eefa t\u00ednh n\u0103ng v\u00e0 th\u1eddi trang. Ph\u1ea7n m\u1eb7t c\u1ee7a v\u00f2ng c\u1ed5 s\u1eed d\u1ee5ng ch\u1ea5t li\u1ec7u carbon c\u00f3 b\u1ec1 m\u1eb7t b\u00f3ng nh\u1eb9, mang l\u1ea1i v\u1ebb sang tr\u1ecdng, m\u1ea1nh m\u1ebd, trong khi ph\u1ea7n d\u00e2y \u0111\u01b0\u1ee3c l\u00e0m t\u1eeb nylon 66 c\u00f3 \u0111\u1ed9 b\u1ec1n cao, gi\u00fap h\u1ed7 tr\u1ee3 hi\u1ec7u su\u1ea5t v\u01b0\u1ee3t tr\u1ed9i t\u1eeb v\u00f9ng c\u1ed5.<br \/>\nV\u1edbi c\u00f4ng ngh\u1ec7 Aqua Titanium X100 v\u00e0 c\u00e1c h\u1ea1t titan vi m\u00f4, s\u1ea3n ph\u1ea9m mang \u0111\u1ebfn nh\u1eefng l\u1ee3i \u00edch tuy\u1ec7t v\u1eddi cho s\u1ee9c kh\u1ecfe. V\u00f2ng c\u1ed5 n\u00e0y kh\u00f4ng ch\u1ec9 gi\u00fap c\u1ea3i thi\u1ec7n s\u1ef1 t\u1eadp trung v\u00e0 gi\u1ea3m c\u0103ng th\u1eb3ng m\u00e0 c\u00f2n t\u1ea1o d\u1ea5u \u1ea5n m\u1ea1nh m\u1ebd cho phong c\u00e1ch c\u1ee7a ng\u01b0\u1eddi s\u1eed d\u1ee5ng.<\/p>\n<p><strong>G\u1ee3i \u00fd s\u1eed d\u1ee5ng:\u00a0<\/strong><br \/>\n&#8211; Gi\u00fap c\u1ea3i thi\u1ec7n c\u00e2n b\u1eb1ng c\u01a1 th\u1ec3 v\u00e0 t\u1ed1i \u01b0u s\u1ef1 linh ho\u1ea1t<br \/>\n&#8211; Gi\u00fap th\u01b0 gi\u00e3n t\u1ee9c th\u00ec v\u00e0 h\u1ed7 tr\u1ee3 gi\u1ea5c ng\u1ee7 s\u00e2u<br \/>\n&#8211; H\u1ed7 tr\u1ee3 gi\u1ea3m c\u1ee9ng c\u01a1 v\u00ec \u0111au vai g\u00e1y c\u1ed5<br \/>\n&#8211; H\u1ed7 tr\u1ee3 tuy\u1ec7t v\u1eddi trong c\u00e1c ho\u1ea1t \u0111\u1ed9ng h\u00e0ng ng\u00e0y.<\/p>\n<p><strong>\u00a0\u0110\u1ed1i t\u01b0\u1ee3ng s\u1eed d\u1ee5ng:<\/strong><br \/>\n&#8211; Ph\u00f9 h\u1ee3p cho m\u1ecdi l\u1ee9a tu\u1ed5i<br \/>\n&#8211; Ng\u01b0\u1eddi c\u00f3 huy\u1ebft \u00e1p kh\u00f4ng \u1ed5n \u0111\u1ecbnh<br \/>\n&#8211; Ng\u01b0\u1eddi m\u1eafc c\u00e1c ch\u1ee9ng \u0111au vai g\u00e1y c\u1ed5<br \/>\n&#8211; Ng\u01b0\u1eddi m\u1ea5t ng\u1ee7, kh\u00f3 ng\u1ee7 hay gi\u1ea5c ng\u1ee7 kh\u00f4ng s\u00e2u<br \/>\n&#8211; Ng\u01b0\u1eddi ch\u01a1i th\u1ec3 thao, v\u1eadn \u0111\u1ed9ng vi\u00ean th\u1ec3 thao.<\/p>\n<p>M\u00e3 s\u1ea3n ph\u1ea9m: TG472151\/ TG472053<\/p>\n","protected":false},"excerpt":{"rendered":"<p><strong>K\u00edch th\u01b0\u1edbc:<\/strong>\u00a050cm<br \/>\n<strong>Tr\u1ecdng l\u01b0\u1ee3ng:\u00a0<\/strong>Kho\u1ea3ng 14g<br \/>\n<strong>M\u00e0u s\u1eafc:<\/strong>\u00a0\u0110en<br \/>\n<strong>Ch\u1ea5t li\u1ec7u:<\/strong><br \/>\n&#8211;\u00a0D\u00e2y (v\u1ea3i b\u00ean ngo\u00e0i): Nylon 66; D\u00e2y (l\u00f5i): Elastomer<br \/>\n&#8211; Kh\u00f3a:\u00a0Th\u00e9p kh\u00f4ng g\u1ec9, carbon<br \/>\n<strong>C\u00f4ng ngh\u1ec7<\/strong>: Aqua Titanium X100<br \/>\n<strong>B\u1ea3o h\u00e0nh:<\/strong>\u00a06 th\u00e1ng<br \/>\n<strong>N\u01a1i b\u1ea3o h\u00e0nh:\u00a0<\/strong>Trung t\u00e2m b\u1ea3o h\u00e0nh Phiten Nh\u1eadt B\u1ea3n (Kyoto)<\/p>\n","protected":false},"featured_media":2689,"comment_status":"open","ping_status":"closed","template":"","meta":[],"product_brand":[],"product_cat":[585,586],"product_tag":[],"class_list":{"0":"post-3192","1":"product","2":"type-product","3":"status-publish","4":"has-post-thumbnail","6":"product_cat-vong-co-rakuwa-x100-en","7":"product_cat-vong-co-en","9":"first","10":"outofstock","11":"shipping-taxable","12":"purchasable","13":"product-type-variable","14":"wvs-archive-product-wrapper"},"_links":{"self":[{"href":"https:\/\/phitenvn.com\/en\/wp-json\/wp\/v2\/product\/3192","targetHints":{"allow":["GET"]}}],"collection":[{"href":"https:\/\/phitenvn.com\/en\/wp-json\/wp\/v2\/product"}],"about":[{"href":"https:\/\/phitenvn.com\/en\/wp-json\/wp\/v2\/types\/product"}],"replies":[{"embeddable":true,"href":"https:\/\/phitenvn.com\/en\/wp-json\/wp\/v2\/comments?post=3192"}],"wp:featuredmedia":[{"embeddable":true,"href":"https:\/\/phitenvn.com\/en\/wp-json\/wp\/v2\/media\/2689"}],"wp:attachment":[{"href":"https:\/\/phitenvn.com\/en\/wp-json\/wp\/v2\/media?parent=3192"}],"wp:term":[{"taxonomy":"product_brand","embeddable":true,"href":"https:\/\/phitenvn.com\/en\/wp-json\/wp\/v2\/product_brand?post=3192"},{"taxonomy":"product_cat","embeddable":true,"href":"https:\/\/phitenvn.com\/en\/wp-json\/wp\/v2\/product_cat?post=3192"},{"taxonomy":"product_tag","embeddable":true,"href":"https:\/\/phitenvn.com\/en\/wp-json\/wp\/v2\/product_tag?post=3192"}],"curies":[{"name":"wp","href":"https:\/\/api.w.org\/{rel}","templated":true}]}}