{"id":3190,"date":"2025-05-29T03:39:02","date_gmt":"2025-05-29T03:39:02","guid":{"rendered":"https:\/\/phitenvn.com\/vong-co-rakuwa-x100-carbon\/"},"modified":"2026-04-17T08:18:32","modified_gmt":"2026-04-17T01:18:32","slug":"vong-co-rakuwa-x100-carbon","status":"publish","type":"product","link":"https:\/\/phitenvn.com\/en\/vong-co-rakuwa-x100-carbon\/","title":{"rendered":"V\u00f2ng C\u1ed5 Rakuwa X100 Carbon"},"content":{"rendered":"<h3><strong>V\u00f2ng C\u1ed5 Rakuwa X100 Carbon Phiten<\/strong><\/h3>\n<p>V\u00f2ng c\u1ed5 Phiten Rakuwa X100 CARBON \u0111\u01b0\u1ee3c \u00e1p d\u1ee5ng c\u00f4ng ngh\u1ec7 AQUA TITANIUM X100, mang l\u1ea1i hi\u1ec7u qu\u1ea3 v\u01b0\u1ee3t tr\u1ed9i trong vi\u1ec7c ch\u0103m s\u00f3c s\u1ee9c kh\u1ecfe, \u0111\u1ed3ng th\u1eddi s\u1edf h\u1eefu thi\u1ebft k\u1ebf \u0111en b\u00f3ng m\u1ea1nh m\u1ebd v\u00e0 sang tr\u1ecdng v\u1edbi v\u1ebb ngo\u00e0i carbon \u0111\u1ea7y \u1ea5n t\u01b0\u1ee3ng.<br \/>\nV\u1edbi m\u1eb7t d\u00e2y chuy\u1ec1n carbon cao c\u1ea5p v\u00e0 s\u1ee9c m\u1ea1nh c\u00f4ng ngh\u1ec7 AQUA TITANIUM X100,, s\u1ea3n ph\u1ea9m kh\u00f4ng ch\u1ec9 l\u00e0 m\u1ed9t ph\u1ee5 ki\u1ec7n th\u1eddi trang m\u00e0 c\u00f2n l\u00e0 bi\u1ec3u t\u01b0\u1ee3ng c\u1ee7a tinh th\u1ea7n chi\u1ebfn \u0111\u1ea5u kh\u00f4ng ng\u1eebng ngh\u1ec9, ph\u00f9 h\u1ee3p v\u1edbi nh\u1eefng ng\u01b0\u1eddi \u0111\u00e0n \u00f4ng \u0111am m\u00ea th\u1eed th\u00e1ch v\u00e0 kh\u00e1m ph\u00e1 gi\u1edbi h\u1ea1n b\u1ea3n th\u00e2n.<\/p>\n<p><strong>G\u1ee3i \u00fd s\u1eed d\u1ee5ng:\u00a0<\/strong><br \/>\n&#8211; Gi\u00fap gi\u1ea3m b\u1edbt c\u0103ng th\u1eb3ng li\u00ean t\u1ee5c<br \/>\n&#8211; Gi\u00fap c\u1ea3i thi\u1ec7n c\u00e2n b\u1eb1ng c\u01a1 th\u1ec3<br \/>\n&#8211; T\u0103ng c\u01b0\u1eddng s\u1ee9c m\u1ea1nh v\u00e0 t\u00ednh linh ho\u1ea1t<br \/>\n&#8211; Gi\u00fap th\u01b0 gi\u00e3n t\u1ee9c th\u00ec v\u00e0 h\u1ed7 tr\u1ee3 gi\u1ea5c ng\u1ee7 s\u00e2u<br \/>\n&#8211; H\u1ed7 tr\u1ee3 gi\u1ea3m c\u1ee9ng c\u01a1 v\u00ec \u0111au vai g\u00e1y c\u1ed5<br \/>\n&#8211; H\u1ed7 tr\u1ee3 tuy\u1ec7t v\u1eddi trong th\u1ec3 thao ho\u1eb7c c\u00e1c ho\u1ea1t \u0111\u1ed9ng h\u00e0ng ng\u00e0y.<\/p>\n<p><strong>\u00a0\u0110\u1ed1i t\u01b0\u1ee3ng s\u1eed d\u1ee5ng:<\/strong><br \/>\n&#8211; Ph\u00f9 h\u1ee3p cho m\u1ecdi l\u1ee9a tu\u1ed5i<br \/>\n&#8211; Ng\u01b0\u1eddi c\u00f3 huy\u1ebft \u00e1p kh\u00f4ng \u1ed5n \u0111\u1ecbnh<br \/>\n&#8211; Ng\u01b0\u1eddi m\u1eafc c\u00e1c ch\u1ee9ng \u0111au vai g\u00e1y c\u1ed5<br \/>\n&#8211; Ng\u01b0\u1eddi m\u1ea5t ng\u1ee7, kh\u00f3 ng\u1ee7 hay gi\u1ea5c ng\u1ee7 kh\u00f4ng s\u00e2u<br \/>\n&#8211; Ng\u01b0\u1eddi ch\u01a1i th\u1ec3 thao, v\u1eadn \u0111\u1ed9ng vi\u00ean th\u1ec3 thao.<\/p>\n","protected":false},"excerpt":{"rendered":"<p><strong>\u00a0Ch\u1ea5t li\u1ec7u:<\/strong>\u00a0D\u00e2y (v\u1ea3i b\u00ean ngo\u00e0i): Nylon 66; D\u00e2y (l\u00f5i): Elastomer<br \/>\n<strong>\u00a0C\u00f4ng ngh\u1ec7 :\u00a0<\/strong>\u00a0<strong>AQUA TITANIUM X100<\/strong><br \/>\n<strong>\u00a0K\u00edch th\u01b0\u1edbc:\u00a0<\/strong>50cm<br \/>\n<strong>\u00a0M\u00e0u s\u1eafc:\u00a0<\/strong>B\u1ea1c\/ \u0110en<br \/>\n<strong>\u00a0Xu\u1ea5t x\u1ee9:<\/strong>\u00a0Nh\u1eadt B\u1ea3n<br \/>\n<strong>Quy c\u00e1ch \u0111\u00f3ng g\u00f3i:<\/strong>\u00a01 c\u00e1i\/ h\u1ed9p<br \/>\n<strong>B\u1ea3o h\u00e0nh:\u00a0<\/strong>6 th\u00e1ng (\u00c1p d\u1ee5ng SKU:\u00a0TG601053)<br \/>\nSau 6 th\u00e1ng, b\u1ea3o h\u00e0nh<strong>\u00a0<\/strong>t\u00ednh ph\u00ed (g\u1ed3m ph\u00ed s\u1eeda ch\u1eefa + ph\u00ed shipping)<br \/>\n<strong>N\u01a1i b\u1ea3o h\u00e0nh:\u00a0<\/strong>Trung t\u00e2m b\u1ea3o h\u00e0nh Phiten Nh\u1eadt B\u1ea3n (Kyoto)<\/p>\n","protected":false},"featured_media":2682,"comment_status":"open","ping_status":"closed","template":"","meta":[],"product_brand":[],"product_cat":[585,586],"product_tag":[],"class_list":{"0":"post-3190","1":"product","2":"type-product","3":"status-publish","4":"has-post-thumbnail","6":"product_cat-vong-co-rakuwa-x100-en","7":"product_cat-vong-co-en","9":"first","10":"instock","11":"shipping-taxable","12":"purchasable","13":"product-type-variable","14":"wvs-archive-product-wrapper"},"_links":{"self":[{"href":"https:\/\/phitenvn.com\/en\/wp-json\/wp\/v2\/product\/3190","targetHints":{"allow":["GET"]}}],"collection":[{"href":"https:\/\/phitenvn.com\/en\/wp-json\/wp\/v2\/product"}],"about":[{"href":"https:\/\/phitenvn.com\/en\/wp-json\/wp\/v2\/types\/product"}],"replies":[{"embeddable":true,"href":"https:\/\/phitenvn.com\/en\/wp-json\/wp\/v2\/comments?post=3190"}],"wp:featuredmedia":[{"embeddable":true,"href":"https:\/\/phitenvn.com\/en\/wp-json\/wp\/v2\/media\/2682"}],"wp:attachment":[{"href":"https:\/\/phitenvn.com\/en\/wp-json\/wp\/v2\/media?parent=3190"}],"wp:term":[{"taxonomy":"product_brand","embeddable":true,"href":"https:\/\/phitenvn.com\/en\/wp-json\/wp\/v2\/product_brand?post=3190"},{"taxonomy":"product_cat","embeddable":true,"href":"https:\/\/phitenvn.com\/en\/wp-json\/wp\/v2\/product_cat?post=3190"},{"taxonomy":"product_tag","embeddable":true,"href":"https:\/\/phitenvn.com\/en\/wp-json\/wp\/v2\/product_tag?post=3190"}],"curies":[{"name":"wp","href":"https:\/\/api.w.org\/{rel}","templated":true}]}}