{"id":3189,"date":"2025-05-29T10:24:43","date_gmt":"2025-05-29T10:24:43","guid":{"rendered":"https:\/\/phitenvn.com\/bang-dan-co-titanium-tape-x30-stretched\/"},"modified":"2025-05-29T10:24:43","modified_gmt":"2025-05-29T10:24:43","slug":"bang-dan-co-titanium-tape-x30-stretched","status":"publish","type":"product","link":"https:\/\/phitenvn.com\/en\/bang-dan-co-titanium-tape-x30-stretched\/","title":{"rendered":"B\u0103ng D\u00e1n C\u01a1 Titanium Tape X30 Stretched"},"content":{"rendered":"<h3><strong>B\u0103ng D\u00e1n C\u01a1 Phiten Titanium Tape X30 Stretched\/ 5.0CM x 4.5M<\/strong><\/h3>\n<p><strong>B\u0103ng d\u00e1n Titanium Tape X30\u00a0<\/strong>l\u00e0 b\u0103ng d\u00e1n th\u1ec3 thao \u0111\u01b0\u1ee3c l\u1ef1a ch\u1ecdn b\u1edfi c\u00e1c nh\u00e0 tr\u1ecb li\u1ec7u, ng\u01b0\u1eddi s\u1eed d\u1ee5ng c\u00e1 nh\u00e2n, v\u1eadn \u0111\u1ed9ng vi\u00ean \u0111i\u1ec1n kinh cho \u0111\u1ebfn ng\u01b0\u1eddi ch\u1ea1y b\u1ed9 bu\u1ed5i s\u00e1ng.<br \/>\nB\u0103ng d\u00ednh Titanium Tape X30 s\u1eed d\u1ee5ng c\u00f4ng ngh\u1ec7 AQUA TITANIUM c\u1ee7a Phiten, linh ho\u1ea1t v\u00e0 th\u00f4ng tho\u00e1ng h\u01a1n b\u1ea5t c\u1ee9 s\u1ea3n ph\u1ea9m n\u00e0o tr\u01b0\u1edbc \u0111\u00e2y. Ch\u1ee9a l\u1edbp tr\u00e1ng ph\u1ee7 ch\u1ed1ng n\u01b0\u1edbc \u0111\u1ec3 \u0111\u1ea3m b\u1ea3o \u0111\u1ed9 b\u1ec1n v\u00e0 \u1ed5n \u0111\u1ecbnh trong \u0111i\u1ec1u ki\u1ec7n kh\u1eafc nghi\u1ec7t.<br \/>\nC\u1eaft b\u0103ng d\u00ednh v\u1edbi \u0111\u1ed9 d\u00e0i nh\u01b0 \u00fd r\u1ed3i qu\u1ea5n quanh c\u00e1c kh\u1edbp n\u1ed1i, l\u01b0u \u00fd d\u00e1n \u1edf di\u1ec7n t\u00edch h\u01a1n \u1edf khu v\u1ef1c c\u1ea3m th\u1ea5y kh\u00f4ng tho\u1ea3i m\u00e1i. B\u0103ng d\u00e1n c\u01a1 c\u00f2n c\u00f3 th\u1ec3 s\u1eed d\u1ee5ng theo ph\u01b0\u01a1ng ph\u00e1p V\u1eadn \u0111\u1ed9ng h\u1ecdc (Kinesiology).<\/p>\n<p><strong>C\u00f4ng d\u1ee5ng:<\/strong><br \/>\n&#8211; Linh ho\u1ea1t v\u00e0 tho\u00e1ng kh\u00ed h\u01a1n so v\u1edbi c\u00e1c b\u0103ng kh\u00e1c v\u00e0 gi\u00fap \u0111\u1ea1t \u0111\u01b0\u1ee3c kh\u1ea3 n\u0103ng di chuy\u1ec3n t\u1ef1 nhi\u00ean.<br \/>\n&#8211; Gi\u00fap th\u01b0 gi\u00e3n t\u1ee9c th\u00ec<br \/>\n&#8211; H\u1ed7 tr\u1ee3 tri\u1ec7u ch\u1ee9ng m\u1ecfi c\u01a1, c\u1ee9ng c\u01a1 v\u00e0 \u0111au nh\u1ee9c.<br \/>\n&#8211; L\u00e0m gi\u1ea3m b\u1edbt s\u1ef1 kh\u00f3 ch\u1ecbu c\u1ee7a c\u01a1 b\u1eafp.<br \/>\n&#8211; \u0110\u1ea3m b\u1ea3o c\u1ea3i thi\u1ec7n hi\u1ec7u su\u1ea5t trong qu\u00e1 tr\u00ecnh t\u1eadp luy\u1ec7n c\u00e1c b\u00e0i t\u1eadp c\u1ee9ng nh\u1eafc.<br \/>\n&#8211; \u0110\u01b0\u1ee3c s\u1eed d\u1ee5ng ph\u1ed5 bi\u1ebfn b\u1edfi nhi\u1ec1u v\u1eadn \u0111\u1ed9ng vi\u00ean, hu\u1ea5n luy\u1ec7n vi\u00ean to\u00e0n c\u1ea7u.<br \/>\n&#8211; B\u0103ng d\u00e1n c\u01a1 th\u1ec3 \u01b0a th\u00edch c\u1ee7a nhi\u1ec1u kh\u00e1ch h\u00e0ng tr\u00ean to\u00e0n th\u1ebf gi\u1edbi.<\/p>\n<p dir=\"ltr\"><strong>\u0110\u1ec1 xu\u1ea5t s\u1eed d\u1ee5ng:<\/strong><br \/>\n&#8211; \u0110au \u0111\u1ea7u, \u0111au l\u01b0ng, \u0111au m\u1ecfi vai g\u00e1y, c\u0103ng c\u01a1,&#8230;<br \/>\n&#8211; D\u00e1n v\u00e0o b\u1ea5t c\u1ee9 v\u1ecb tr\u00ed n\u00e0o tr\u00ean c\u01a1 th\u1ec3 b\u1ecb \u0111au nh\u1ee9c<br \/>\n&#8211; S\u1eed d\u1ee5ng tr\u01b0\u1edbc khi ch\u01a1i th\u1ec3 thao, t\u1eadp th\u1ec3 d\u1ee5c ho\u1eb7c sau khi v\u1eadn \u0111\u1ed9ng<br \/>\n&#8211; Thu\u1eadn ti\u1ec7n \u0111\u1ec3 mang theo v\u00e0 s\u1eed d\u1ee5ng m\u1ecdi l\u00fac m\u1ecdi n\u01a1i.<\/p>\n<p dir=\"ltr\">M\u00e3 s\u1ea3n ph\u1ea9m: PU711029<\/p>\n","protected":false},"excerpt":{"rendered":"<p><strong>\u0110\u1eb7c \u0111i\u1ec3m:<\/strong><br \/>\n&#8211; D\u1ec5 s\u1eed d\u1ee5ng, \u0111\u00e0n h\u1ed3i, ch\u1ed1ng n\u01b0\u1edbc.<br \/>\n&#8211; Th\u1ea5m m\u1ed3 h\u00f4i v\u00e0 th\u00f4ng tho\u00e1ng.<br \/>\n&#8211; D\u00f9ng cho da th\u01b0\u1eddng v\u00e0 c\u1ea3 da nh\u1ea1y c\u1ea3m.<br \/>\n<strong>\u00a0C\u00f4ng ngh\u1ec7 v\u00e0 v\u1eadt li\u1ec7u:\u00a0<\/strong>AQUA TITANIUM X30 v\u00e0 v\u1ea3i d\u1ec7t \u0111\u00e0n h\u1ed3i.<br \/>\n<strong>S\u1ea3n xu\u1ea5t:\u00a0<\/strong>t\u1ea1i Nh\u1eadt B\u1ea3n<\/p>\n<p>B\u0103ng d\u00e1n c\u01a1 d\u1ec5 s\u1eed d\u1ee5ng, \u0111\u00e0n h\u1ed9, ch\u1ed1ng n\u01b0\u1edbc. Th\u1ea5m m\u1ed3 h\u00f4i t\u1ed1t v\u00e0 th\u00f4ng tho\u00e1ng. Kh\u00f4ng g\u00e2y k\u00edch \u1ee9ng da. V\u1ea3i d\u1ec7t \u0111\u00e0n h\u1ed3i v\u00e0 C\u00f4ng ngh\u1ec7 Aqua Titanium x30. S\u1ea3n xu\u1ea5t t\u1ea1i Nh\u1eadt B\u1ea3n<\/p>\n","protected":false},"featured_media":2483,"comment_status":"open","ping_status":"closed","template":"","meta":[],"product_brand":[],"product_cat":[584,583,582],"product_tag":[],"class_list":{"0":"post-3189","1":"product","2":"type-product","3":"status-publish","4":"has-post-thumbnail","6":"product_cat-bang-dan-cuon-en","7":"product_cat-bang-dan-co-en","8":"product_cat-san-pham-ban-chay-en","10":"first","11":"instock","12":"shipping-taxable","13":"purchasable","14":"product-type-variable","15":"wvs-archive-product-wrapper"},"_links":{"self":[{"href":"https:\/\/phitenvn.com\/en\/wp-json\/wp\/v2\/product\/3189","targetHints":{"allow":["GET"]}}],"collection":[{"href":"https:\/\/phitenvn.com\/en\/wp-json\/wp\/v2\/product"}],"about":[{"href":"https:\/\/phitenvn.com\/en\/wp-json\/wp\/v2\/types\/product"}],"replies":[{"embeddable":true,"href":"https:\/\/phitenvn.com\/en\/wp-json\/wp\/v2\/comments?post=3189"}],"wp:featuredmedia":[{"embeddable":true,"href":"https:\/\/phitenvn.com\/en\/wp-json\/wp\/v2\/media\/2483"}],"wp:attachment":[{"href":"https:\/\/phitenvn.com\/en\/wp-json\/wp\/v2\/media?parent=3189"}],"wp:term":[{"taxonomy":"product_brand","embeddable":true,"href":"https:\/\/phitenvn.com\/en\/wp-json\/wp\/v2\/product_brand?post=3189"},{"taxonomy":"product_cat","embeddable":true,"href":"https:\/\/phitenvn.com\/en\/wp-json\/wp\/v2\/product_cat?post=3189"},{"taxonomy":"product_tag","embeddable":true,"href":"https:\/\/phitenvn.com\/en\/wp-json\/wp\/v2\/product_tag?post=3189"}],"curies":[{"name":"wp","href":"https:\/\/api.w.org\/{rel}","templated":true}]}}