{"id":3188,"date":"2025-05-30T02:45:37","date_gmt":"2025-05-30T02:45:37","guid":{"rendered":"https:\/\/phitenvn.com\/quan-bo-the-thao\/"},"modified":"2025-05-30T02:45:37","modified_gmt":"2025-05-30T02:45:37","slug":"quan-bo-the-thao","status":"publish","type":"product","link":"https:\/\/phitenvn.com\/en\/quan-bo-the-thao\/","title":{"rendered":"Qu\u1ea7n B\u00f3 Th\u1ec3 Thao"},"content":{"rendered":"<h2><strong>Qu\u1ea7n B\u00f3 Th\u1ec3 Thao (D\u00e0i) &#8211; Phiten Sport Spats Long<\/strong><\/h2>\n<p>Qu\u1ea7n legging th\u1ec3 thao Phiten Sport Spats Long c\u00f3 thi\u1ebft k\u1ebf \u00f4m s\u00e1t c\u01a1 th\u1ec3, gi\u00fap ng\u01b0\u1eddi s\u1eed d\u1ee5ng linh ho\u1ea1t v\u00e0 tho\u1ea3i m\u00e1i khi v\u1eadn \u0111\u1ed9ng. S\u1ea3n ph\u1ea9m \u0111\u01b0\u1ee3c\u00a0l\u00e0m t\u1eeb ch\u1ea5t li\u1ec7u polyester m\u1ec1m m\u1ea1i, co d\u00e3n v\u00e0 \u0111\u00e0n h\u1ed3i t\u1ed1t, mang \u0111\u1ebfn c\u1ea3m gi\u00e1c d\u1ec5 ch\u1ecbu ngay c\u1ea3 khi tham gia c\u00e1c ho\u1ea1t \u0111\u1ed9ng th\u1ec3 thao m\u1ea1nh m\u1ebd.<\/p>\n<p><strong>C\u00f4ng d\u1ee5ng:<\/strong><br \/>\n&#8211; Ch\u1ea5t li\u1ec7u th\u1ea5m h\u00fat m\u1ed3 h\u00f4i v\u00e0 nhanh kh\u00f4, t\u1ea1o c\u1ea3m gi\u00e1c kh\u00f4 tho\u00e1ng khi v\u1eadn \u0111\u1ed9ng.<br \/>\n&#8211; C\u00f4ng ngh\u1ec7 Aqua Titanium gi\u00fap c\u00e2n b\u1eb1ng c\u01a1 th\u1ec3, gi\u1ea3m c\u0103ng c\u01a1 v\u00e0 \u0111au c\u01a1 khi t\u1eadp luy\u1ec7n.<br \/>\n&#8211; \u0110\u01b0\u1ee3c may b\u1eb1ng ki\u1ec3u &#8220;\u0111\u01b0\u1eddng may ph\u1eb3ng&#8221;, kh\u00f4ng \u0111\u1ec3 l\u1ea1i v\u1ebft l\u1eb1n tr\u00ean c\u01a1 th\u1ec3 sau th\u1eddi gian d\u00e0i s\u1eed d\u1ee5ng.<br \/>\n&#8211; C\u00f3 d\u00e2y \u0111i\u1ec1u ch\u1ec9nh \u0111\u1ed9 r\u1ed9ng b\u00ean trong th\u1eaft l\u01b0ng cho s\u1ef1 tho\u1ea3i m\u00e1i t\u1ed1i \u0111a.<br \/>\n&#8211; Logo Phiten \u0111\u01b0\u1ee3c \u0111\u1eb7t tr\u00ean \u0111\u00f9i tr\u00e1i, t\u1ea1o \u0111i\u1ec3m nh\u1ea5n th\u1eddi trang.<\/p>\n<p><strong>\u0110\u1ed1i t\u01b0\u1ee3ng s\u1eed d\u1ee5ng:<\/strong><br \/>\nNg\u01b0\u1eddi ch\u01a1i th\u1ec3 thao h\u00e0ng ng\u00e0y v\u00e0 v\u1eadn \u0111\u1ed9ng vi\u00ean thi \u0111\u1ea5u chuy\u00ean nghi\u1ec7p<br \/>\nPh\u00f9 h\u1ee3p cho c\u00e1c m\u00f4n th\u1ec3 thao nh\u01b0 ch\u1ea1y b\u1ed9, gym, yoga v\u00e0 c\u00e1c ho\u1ea1t \u0111\u1ed9ng th\u1ec3 thao kh\u00e1c.<\/p>\n","protected":false},"excerpt":{"rendered":"<div class=\"product-desc desc\">\n<p><strong>Ch\u1ea5t li\u1ec7u:<\/strong>\u00a085% polyester, 15% polyurethane<br \/>\n<strong>C\u00f4ng ngh\u1ec7:<\/strong>\u00a0Aqua Titanium<br \/>\n<strong>M\u00e0u s\u1eafc:\u00a0<\/strong>\u0110en<br \/>\n<strong>S\u1ea3n xu\u1ea5t:<\/strong> Trung Qu\u1ed1c (S\u1ea3n ph\u1ea9m \u0111\u01b0\u1ee3c g\u1eedi l\u1ea1i Phiten Japan \u0111\u1ec3 x\u1eed l\u00fd c\u00f4ng ngh\u1ec7)<\/p>\n<p><strong>L\u01b0u \u00fd:\u00a0<\/strong>Gi\u1eb7t m\u00e1y v\u1edbi l\u01b0\u1edbi gi\u1eb7t \u0111\u1ec3 b\u1ea3o v\u1ec7 s\u1ea3n ph\u1ea9m.<\/p>\n<\/div>\n","protected":false},"featured_media":2488,"comment_status":"open","ping_status":"closed","template":"","meta":[],"product_brand":[],"product_cat":[581],"product_tag":[],"class_list":{"0":"post-3188","1":"product","2":"type-product","3":"status-publish","4":"has-post-thumbnail","6":"product_cat-quan-ao-en","8":"first","9":"instock","10":"shipping-taxable","11":"purchasable","12":"product-type-variable","13":"wvs-archive-product-wrapper"},"_links":{"self":[{"href":"https:\/\/phitenvn.com\/en\/wp-json\/wp\/v2\/product\/3188","targetHints":{"allow":["GET"]}}],"collection":[{"href":"https:\/\/phitenvn.com\/en\/wp-json\/wp\/v2\/product"}],"about":[{"href":"https:\/\/phitenvn.com\/en\/wp-json\/wp\/v2\/types\/product"}],"replies":[{"embeddable":true,"href":"https:\/\/phitenvn.com\/en\/wp-json\/wp\/v2\/comments?post=3188"}],"wp:featuredmedia":[{"embeddable":true,"href":"https:\/\/phitenvn.com\/en\/wp-json\/wp\/v2\/media\/2488"}],"wp:attachment":[{"href":"https:\/\/phitenvn.com\/en\/wp-json\/wp\/v2\/media?parent=3188"}],"wp:term":[{"taxonomy":"product_brand","embeddable":true,"href":"https:\/\/phitenvn.com\/en\/wp-json\/wp\/v2\/product_brand?post=3188"},{"taxonomy":"product_cat","embeddable":true,"href":"https:\/\/phitenvn.com\/en\/wp-json\/wp\/v2\/product_cat?post=3188"},{"taxonomy":"product_tag","embeddable":true,"href":"https:\/\/phitenvn.com\/en\/wp-json\/wp\/v2\/product_tag?post=3188"}],"curies":[{"name":"wp","href":"https:\/\/api.w.org\/{rel}","templated":true}]}}