{"id":2934,"date":"2025-05-22T08:18:47","date_gmt":"2025-05-22T08:18:47","guid":{"rendered":"https:\/\/phitenvn.com\/?page_id=2934"},"modified":"2025-07-01T09:44:14","modified_gmt":"2025-07-01T09:44:14","slug":"chinh-sach-bao-mat","status":"publish","type":"page","link":"https:\/\/phitenvn.com\/en\/chinh-sach-bao-mat\/","title":{"rendered":"Ch\u00ednh s\u00e1ch b\u1ea3o m\u1eadt"},"content":{"rendered":"\n\n\n<h2 class=\"wp-block-heading has-text-align-center\" id=\"h-chinh-sach-b\u1ea3o-m\u1eadt\">CH\u00cdNH S\u00c1CH B\u1ea2O M\u1eacT<\/h2>\n\n\n\n<p><em><strong>1. M\u1ee5c \u0111\u00edch v\u00e0 ph\u1ea1m vi thu th\u1eadp th\u00f4ng tin<\/strong><\/em><\/p>\n\n\n\n<p>Vi\u1ec7c thu th\u1eadp th\u00f4ng tin c\u1ee7a kh\u00e1ch h\u00e0ng m\u1ee5c \u0111\u00edch qu\u1ea3n l\u00fd Ng\u01b0\u1eddi Ti\u00eau D\u00f9ng li\u00ean quan \u0111\u1ebfn c\u00e1c ho\u1ea1t \u0111\u1ed9ng mua s\u1ea3n ph\u1ea9m tr\u00ean website v\u00e0 k\u1ecbp th\u1eddi x\u1eed l\u00fd c\u00e1c t\u00ecnh hu\u1ed1ng ph\u00e1t sinh (n\u1ebfu c\u00f3).<\/p>\n\n\n\n<p>Th\u00f4ng tin c\u00e1 nh\u00e2n thu th\u1eadp \u0111\u01b0\u1ee3c s\u1ebd ch\u1ec9 \u0111\u01b0\u1ee3c s\u1eed d\u1ee5ng trong vi\u1ec7c kinh doanh b\u00e1n s\u1ea3n ph\u1ea9m ch\u00fang t\u00f4i v\u00e0 nh\u1eb1m h\u1ed7 tr\u1ee3 kh\u00e1ch h\u00e0ng khi g\u1eb7p nh\u1eefng v\u1eabn \u0111\u1ec1 li\u00ean quan \u0111\u1ebfn vi\u1ec7c mua s\u1ea3n ph\u1ea9m.<\/p>\n\n\n\n<p>Th\u00f4ng tin c\u00e1 nh\u00e2n m\u00e0 PHITEN VIETNAM<strong>&nbsp;<\/strong>thu th\u1eadp bao g\u1ed3m:<\/p>\n\n\n\n<p>H\u1ecd v\u00e0 t\u00ean<\/p>\n\n\n\n<p>\u0110\u1ecba ch\u1ec9<\/p>\n\n\n\n<p>\u0110i\u1ec7n tho\u1ea1i<\/p>\n\n\n\n<p>Email<\/p>\n\n\n\n<p>Ngo\u00e0i th\u00f4ng tin c\u00e1 nh\u00e2n l\u00e0 c\u00e1c th\u00f4ng tin v\u1ec1 d\u1ecbch v\u1ee5<\/p>\n\n\n\n<p>T\u00ean s\u1ea3n ph\u1ea9m<\/p>\n\n\n\n<p>S\u1ed1 l\u01b0\u1ee3ng<\/p>\n\n\n\n<p>Th\u1eddi gian giao nh\u1eadn s\u1ea3n ph\u1ea9m<\/p>\n\n\n\n<p>C\u00f4ng ty thu th\u1eadp c\u00e1c th\u00f4ng tin tr\u00ean t\u1ea1i c\u00e1c m\u1ee5c <a href=\"https:\/\/phitenvn.com\/lien-he\/\">https:\/\/phitenvn.com\/lien-he\/<\/a> v\u00e0&nbsp;<a href=\"https:\/\/phitenvn.com\/cart\/\">https:\/\/phitenvn.com\/cart\/ <\/a><\/p>\n\n\n\n<p><em><strong>2. Ph\u1ea1m vi s\u1eed d\u1ee5ng th\u00f4ng tin<\/strong><\/em><\/p>\n\n\n\n<p>Th\u00f4ng tin c\u00e1 nh\u00e2n thu th\u1eadp \u0111\u01b0\u1ee3c s\u1ebd ch\u1ec9 \u0111\u01b0\u1ee3c PHITEN VIETNAM<strong>&nbsp;<\/strong>s\u1eed d\u1ee5ng trong n\u1ed9i b\u1ed9 c\u00f4ng ty v\u00e0 cho m\u1ed9t ho\u1eb7c t\u1ea5t c\u1ea3 c\u00e1c m\u1ee5c \u0111\u00edch sau \u0111\u00e2y:<\/p>\n\n\n\n<p>&#8211; H\u1ed7 tr\u1ee3 kh\u00e1ch h\u00e0ng<\/p>\n\n\n\n<p>&#8211; Cung c\u1ea5p th\u00f4ng tin li\u00ean quan \u0111\u1ebfn d\u1ecbch v\u1ee5<\/p>\n\n\n\n<p>&#8211; X\u1eed l\u00fd \u0111\u01a1n \u0111\u1eb7t h\u00e0ng v\u00e0 cung c\u1ea5p d\u1ecbch v\u1ee5 v\u00e0 th\u00f4ng tin qua trang web c\u1ee7a ch\u00fang t\u00f4i theo y\u00eau c\u1ea7u c\u1ee7a b\u1ea1n<\/p>\n\n\n\n<p>&#8211; Ch\u00fang t\u00f4i c\u00f3 th\u1ec3 s\u1ebd g\u1eedi th\u00f4ng tin s\u1ea3n ph\u1ea9m, d\u1ecbch v\u1ee5 m\u1edbi, th\u00f4ng tin v\u1ec1 c\u00e1c s\u1ef1 ki\u1ec7n s\u1eafp t\u1edbi ho\u1eb7c th\u00f4ng tin tuy\u1ec3n d\u1ee5ng n\u1ebfu qu\u00fd kh\u00e1ch \u0111\u0103ng k\u00ed nh\u1eadn email th\u00f4ng b\u00e1o.<\/p>\n\n\n\n<p>&#8211; Ngo\u00e0i ra, ch\u00fang t\u00f4i s\u1ebd s\u1eed d\u1ee5ng th\u00f4ng tin b\u1ea1n cung c\u1ea5p \u0111\u1ec3 h\u1ed7 tr\u1ee3 qu\u1ea3n l\u00fd t\u00e0i kho\u1ea3n kh\u00e1ch h\u00e0ng; x\u00e1c nh\u1eadn v\u00e0 th\u1ef1c hi\u1ec7n c\u00e1c giao d\u1ecbch t\u00e0i ch\u00ednh li\u00ean quan \u0111\u1ebfn c\u00e1c kho\u1ea3n thanh to\u00e1n tr\u1ef1c tuy\u1ebfn c\u1ee7a b\u1ea1n;<\/p>\n\n\n\n<p><em><strong>3. Th\u1eddi gian l\u01b0u tr\u1eef th\u00f4ng tin<\/strong><\/em><\/p>\n\n\n\n<p>\u0110\u1ed1i v\u1edbi th\u00f4ng tin c\u00e1 nh\u00e2n,&nbsp;<strong>PHITEN VIETNAM&nbsp;<\/strong>ch\u1ec9 x\u00f3a \u0111i d\u1eef li\u1ec7u n\u00e0y n\u1ebfu kh\u00e1ch h\u00e0ng c\u00f3 y\u00eau c\u1ea7u, kh\u00e1ch h\u00e0ng y\u00eau c\u1ea7u g\u1eedi mail v\u1ec1&nbsp;<a href=\"mailto:contact@japanhealthbeauty.vn\">contact@japanhealthbeauty.vn<\/a><\/p>\n\n\n\n<p><em><strong>4. Nh\u1eefng ng\u01b0\u1eddi ho\u1eb7c t\u1ed5 ch\u1ee9c c\u00f3 th\u1ec3 \u0111\u01b0\u1ee3c ti\u1ebfp c\u1eadn v\u1edbi th\u00f4ng tin c\u00e1 nh\u00e2n<\/strong><\/em><\/p>\n\n\n\n<p>\u0110\u1ed1i t\u01b0\u1ee3ng \u0111\u01b0\u1ee3c ti\u1ebfp c\u1eadn v\u1edbi th\u00f4ng tin c\u00e1 nh\u00e2n c\u1ee7a kh\u00e1ch h\u00e0ng thu\u1ed9c m\u1ed9t trong nh\u1eefng tr\u01b0\u1eddng h\u1ee3p sau:<\/p>\n\n\n\n<p>&#8211; C\u00f4ng ty TNHH JAPAN HEALTH BEAUTY<\/p>\n\n\n\n<p>&#8211; C\u00e1c \u0111\u1ed1i t\u00e1c c\u00f3 k\u00fd h\u1ee3p \u0111\u1ed9ng th\u1ef1c hi\u1ec7n 1 ph\u1ea7n d\u1ecbch v\u1ee5 do PHITEN VIETNAM. C\u00e1c \u0111\u1ed1i t\u00e1c n\u00e0y s\u1ebd nh\u1eadn \u0111\u01b0\u1ee3c nh\u1eefng th\u00f4ng tin theo th\u1ecfa thu\u1eadn h\u1ee3p \u0111\u1ed3ng (c\u00f3 th\u1ec3 1 ph\u1ea7n ho\u1eb7c to\u00e0n b\u1ed9 th\u00f4ng tin tuy theo \u0111i\u1ec1u kho\u1ea3n h\u1ee3p \u0111\u1ed3ng) \u0111\u1ec3 ti\u1ebfn h\u00e0nh h\u1ed7 tr\u1ee3 ng\u01b0\u1eddi d\u00f9ng s\u1eed d\u1ee5ng d\u1ecbch v\u1ee5 do C\u00f4ng ty cung c\u1ea5p.<\/p>\n\n\n\n<p>&#8211; Cung c\u1ea5p cho c\u01a1 quan qu\u1ea3n l\u00fd nh\u00e0 n\u01b0\u1edbc c\u00f3 th\u1ea9m quy\u1ec1n khi c\u00f3 y\u00eau c\u1ea7u.<\/p>\n\n\n\n<p><em><strong>5. \u0110\u1ecba ch\u1ec9 c\u1ee7a \u0111\u01a1n v\u1ecb thu th\u1eadp v\u00e0 qu\u1ea3n l\u00fd th\u00f4ng tin c\u00e1 nh\u00e2n<\/strong><\/em><\/p>\n\n\n\n<p><strong>C\u00f4ng ty TNHH JAPAN HEALTH BEAUTY<\/strong><\/p>\n\n\n\n<p>\u0110\u1ecba ch\u1ec9: 53\/10 Tr\u1ea7n Kh\u00e1nh D\u01b0, Ph\u01b0\u1eddng T\u00e2n \u0110\u1ecbnh, Qu\u1eadn 1, Th\u00e0nh ph\u1ed1 H\u1ed3 Ch\u00ed Minh, Vi\u1ec7t Nam<\/p>\n\n\n\n<p>\u0110i\u1ec7n tho\u1ea1i: 0353 3000 88\/ 0968 830 323<\/p>\n\n\n\n<p>Website:&nbsp;<strong>PHITENVN.COM<\/strong><\/p>\n\n\n\n<p>Email:&nbsp;<a href=\"mailto:contact@japanhealthbeauty.vn\">contact@japanhealthbeauty.vn<\/a><\/p>\n\n\n\n<p><em><strong>6. Ph\u01b0\u01a1ng ti\u1ec7n v\u00e0 c\u00f4ng c\u1ee5 \u0111\u1ec3 ng\u01b0\u1eddi d\u00f9ng ti\u1ebfp c\u1eadn v\u00e0 ch\u1ec9nh s\u1eeda d\u1eef li\u1ec7u c\u00e1 nh\u00e2n c\u1ee7a m\u00ecnh<\/strong><\/em><\/p>\n\n\n\n<p><strong>PHITEN VIETNAM&nbsp;<\/strong>kh\u00f4ng thu th\u1eadp th\u00f4ng tin kh\u00e1ch h\u00e0ng qua trang web, th\u00f4ng tin c\u00e1 nh\u00e2n kh\u00e1ch h\u00e0ng \u0111\u01b0\u1ee3c th\u1ef1c hi\u1ec7n thu th\u1eadp qua email li\u00ean h\u1ec7 \u0111\u1eb7t mua s\u1ea3n ph\u1ea9m, d\u1ecbch v\u1ee5 g\u1eedi v\u1ec1 h\u1ed9p mail c\u1ee7a ch\u00fang t\u00f4i: contact@japanhealthbeauty.vn<\/p>\n\n\n\n<p>B\u1ea1n c\u00f3 th\u1ec3 li\u00ean h\u1ec7 \u0111\u1ecba ch\u1ec9 email c\u00f9ng s\u1ed1 \u0111i\u1ec7n tho\u1ea1i tr\u00ean \u0111\u1ec3 y\u00eau c\u1ea7u&nbsp;<strong>PHITEN VIETNAM&nbsp;<\/strong>ch\u1ec9nh s\u1eeda d\u1eef li\u1ec7u c\u00e1 nh\u00e2n c\u1ee7a m\u00ecnh.<\/p>\n\n\n\n<p><em><strong>7. C\u01a1 ch\u1ebf ti\u1ebfp nh\u1eadn v\u00e0 gi\u1ea3i quy\u1ebft khi\u1ebfu n\u1ea1i c\u1ee7a ng\u01b0\u1eddi ti\u00eau d\u00f9ng li\u00ean quan \u0111\u1ebfn vi\u1ec7c th\u00f4ng tin c\u00e1 nh\u00e2n b\u1ecb s\u1eed d\u1ee5ng sai m\u1ee5c \u0111\u00edch ho\u1eb7c ph\u1ea1m vi \u0111\u00e3 th\u00f4ng b\u00e1o<\/strong><\/em><strong>.<\/strong><\/p>\n\n\n\n<p>T\u1ea1i&nbsp;<strong>PHITEN VIETNAM<\/strong>, vi\u1ec7c b\u1ea3o v\u1ec7 th\u00f4ng tin c\u00e1 nh\u00e2n c\u1ee7a b\u1ea1n l\u00e0 r\u1ea5t quan tr\u1ecdng, b\u1ea1n \u0111\u01b0\u1ee3c \u0111\u1ea3m b\u1ea3o r\u1eb1ng th\u00f4ng tin cung c\u1ea5p cho ch\u00fang t\u00f4i s\u1ebd \u0111\u01b0\u1ee3c m\u1eadt&nbsp;<strong>PHITEN VIETNAM<\/strong><strong>&nbsp;<\/strong>cam k\u1ebft kh\u00f4ng chia s\u1ebb, b\u00e1n ho\u1eb7c cho thu\u00ea th\u00f4ng tin c\u00e1 nh\u00e2n c\u1ee7a b\u1ea1n cho b\u1ea5t k\u1ef3 ng\u01b0\u1eddi n\u00e0o kh\u00e1c.&nbsp;<strong>PHITEN VIETNAM<\/strong><strong>&nbsp;<\/strong>cam k\u1ebft ch\u1ec9 s\u1eed d\u1ee5ng c\u00e1c th\u00f4ng tin c\u1ee7a b\u1ea1n v\u00e0o c\u00e1c tr\u01b0\u1eddng h\u1ee3p sau:<\/p>\n\n\n\n<p>&#8211; N\u00e2ng cao ch\u1ea5t l\u01b0\u1ee3ng d\u1ecbch v\u1ee5 d\u00e0nh cho kh\u00e1ch h\u00e0ng<\/p>\n\n\n\n<p>&#8211; Gi\u1ea3i quy\u1ebft c\u00e1c tranh ch\u1ea5p, khi\u1ebfu n\u1ea1i<\/p>\n\n\n\n<p>&#8211; Khi c\u01a1 quan ph\u00e1p lu\u1eadt c\u00f3 y\u00eau c\u1ea7u.<\/p>\n\n\n\n<p><strong>PHITEN VIETNAM&nbsp;<\/strong>hi\u1ec3u r\u1eb1ng quy\u1ec1n l\u1ee3i c\u1ee7a b\u1ea1n trong vi\u1ec7c b\u1ea3o v\u1ec7 th\u00f4ng tin c\u00e1 nh\u00e2n c\u0169ng ch\u00ednh l\u00e0 tr\u00e1ch nhi\u1ec7m c\u1ee7a ch\u00fang t\u00f4i n\u00ean trong b\u1ea5t k\u1ef3 tr\u01b0\u1eddng h\u1ee3p c\u00f3 th\u1eafc m\u1eafc, g\u00f3p \u00fd n\u00e0o li\u00ean quan \u0111\u1ebfn ch\u00ednh s\u00e1ch b\u1ea3o m\u1eadt c\u1ee7a&nbsp;<strong>PHITEN VIETNAM<\/strong>, v\u00e0 li\u00ean quan \u0111\u1ebfn vi\u1ec7c th\u00f4ng tin c\u00e1 nh\u00e2n b\u1ecb s\u1eed d\u1ee5ng sai m\u1ee5c \u0111\u00edch ho\u1eb7c ph\u1ea1m vi \u0111\u00e3 th\u00f4ng b\u00e1o vui l\u00f2ng li\u00ean h\u1ec7 qua s\u1ed1 hotline 0353 3000 88\/ 0968 830 323 ho\u1eb7c email: contact@japanhealthbeauty.vn<\/p>\n","protected":false},"excerpt":{"rendered":"<p>CH\u00cdNH S\u00c1CH B\u1ea2O M\u1eacT 1. M\u1ee5c \u0111\u00edch v\u00e0 ph\u1ea1m vi thu th\u1eadp th\u00f4ng tin Vi\u1ec7c thu th\u1eadp th\u00f4ng tin c\u1ee7a kh\u00e1ch h\u00e0ng m\u1ee5c \u0111\u00edch qu\u1ea3n l\u00fd Ng\u01b0\u1eddi Ti\u00eau D\u00f9ng li\u00ean quan \u0111\u1ebfn c\u00e1c ho\u1ea1t \u0111\u1ed9ng mua s\u1ea3n ph\u1ea9m tr\u00ean website v\u00e0 k\u1ecbp th\u1eddi x\u1eed l\u00fd c\u00e1c t\u00ecnh hu\u1ed1ng ph\u00e1t sinh (n\u1ebfu c\u00f3). Th\u00f4ng tin c\u00e1 [&#8230;]\n","protected":false},"author":1,"featured_media":0,"parent":0,"menu_order":0,"comment_status":"closed","ping_status":"closed","template":"","meta":{"footnotes":""},"class_list":["post-2934","page","type-page","status-publish","hentry"],"_links":{"self":[{"href":"https:\/\/phitenvn.com\/en\/wp-json\/wp\/v2\/pages\/2934","targetHints":{"allow":["GET"]}}],"collection":[{"href":"https:\/\/phitenvn.com\/en\/wp-json\/wp\/v2\/pages"}],"about":[{"href":"https:\/\/phitenvn.com\/en\/wp-json\/wp\/v2\/types\/page"}],"author":[{"embeddable":true,"href":"https:\/\/phitenvn.com\/en\/wp-json\/wp\/v2\/users\/1"}],"replies":[{"embeddable":true,"href":"https:\/\/phitenvn.com\/en\/wp-json\/wp\/v2\/comments?post=2934"}],"version-history":[{"count":1,"href":"https:\/\/phitenvn.com\/en\/wp-json\/wp\/v2\/pages\/2934\/revisions"}],"predecessor-version":[{"id":2936,"href":"https:\/\/phitenvn.com\/en\/wp-json\/wp\/v2\/pages\/2934\/revisions\/2936"}],"wp:attachment":[{"href":"https:\/\/phitenvn.com\/en\/wp-json\/wp\/v2\/media?parent=2934"}],"curies":[{"name":"wp","href":"https:\/\/api.w.org\/{rel}","templated":true}]}}